{"id":12740,"date":"2024-05-01T10:54:19","date_gmt":"2024-05-01T08:54:19","guid":{"rendered":"https:\/\/getlux.sk\/doprava-a-platba\/"},"modified":"2026-02-27T13:20:56","modified_gmt":"2026-02-27T12:20:56","slug":"doprava-a-platba","status":"publish","type":"page","link":"https:\/\/getlux.sk\/cs\/doprava-a-platba\/","title":{"rendered":"Doprava a platba"},"content":{"rendered":"\t\t<div data-elementor-type=\"wp-page\" data-elementor-id=\"12740\" class=\"elementor elementor-12740 elementor-1959\">\n\t\t\t\t<div class=\"wd-negative-gap elementor-element elementor-element-3079eac e-flex e-con-boxed e-con e-parent\" data-id=\"3079eac\" data-element_type=\"container\" data-e-type=\"container\">\n\t\t\t\t\t<div class=\"e-con-inner\">\n\t\t\t\t<div class=\"elementor-element elementor-element-5410d7e elementor-widget elementor-widget-heading\" data-id=\"5410d7e\" data-element_type=\"widget\" data-e-type=\"widget\" data-widget_type=\"heading.default\">\n\t\t\t\t<div class=\"elementor-widget-container\">\n\t\t\t\t\t<h3 class=\"elementor-heading-title elementor-size-default\">Doru\u010den\u00ed<\/h3>\t\t\t\t<\/div>\n\t\t\t\t<\/div>\n\t\t\t\t<div class=\"elementor-element elementor-element-3535511 color-scheme-inherit text-left elementor-widget elementor-widget-text-editor\" data-id=\"3535511\" data-element_type=\"widget\" data-e-type=\"widget\" data-widget_type=\"text-editor.default\">\n\t\t\t\t<div class=\"elementor-widget-container\">\n\t\t\t\t\t\t\t\t\t<p><span style=\"font-weight: 400;\">V\u0161echny objedn\u00e1vky jsou expedov\u00e1ny na\u0161\u00edm spolehliv\u00fdm logistick\u00fdm partnerem, \u010ceskou po\u0161tou. Doba dod\u00e1n\u00ed zbo\u017e\u00ed je standardn\u011b stanovena na 7-10 dn\u00ed od p\u0159ijet\u00ed objedn\u00e1vky. Po vyexpedov\u00e1n\u00ed objedn\u00e1vky, V\u00e1m bude do druh\u00e9ho dne na e-mail uveden v objedn\u00e1vce, zasl\u00e1no podac\u00ed \u010d\u00edslo z\u00e1silky, kde je uveden i p\u0159\u00edm\u00fd odkaz na sledov\u00e1n\u00ed Va\u0161\u00ed z\u00e1silky.  <\/span><\/p><p>Ceny uveden\u00e9 v cen\u00edku jsou uvedeny s DPH. Objednan\u00e9 zbo\u017e\u00ed si m\u016f\u017eete zaslat na V\u00e1mi ur\u010denou adresu. <\/p><p>P\u0159eprava kur\u00fdrem DPD &#8211; Objedn\u00e1vky p\u0159ijat\u00e9 a zaplacen\u00e9 do 17:00 budou expedov\u00e1ny z na\u0161eho skladu na druh\u00fd den, doru\u010den\u00ed kur\u00fdrem na V\u00e1mi ur\u010denou adresu v r\u00e1mci Slovenska je na dal\u0161\u00ed pracovn\u00ed den. Doru\u010den\u00ed prob\u00edh\u00e1 p\u0159ev\u00e1\u017en\u011b v dopoledn\u00edch hodin\u00e1ch, kur\u00fdr V\u00e1s bude p\u0159ed doru\u010den\u00edm kontaktovat a lze domluvit individu\u00e1ln\u00ed \u010das doru\u010den\u00ed. Zbo\u017e\u00ed si m\u016f\u017eete nechat poslat i na dob\u00edrku a \u010d\u00e1stku zaplatit kur\u00fdrovi p\u0159i p\u0159eb\u00edr\u00e1n\u00ed zbo\u017e\u00ed. Ve spolupr\u00e1ci se spole\u010dnost\u00ed DPD nab\u00edz\u00edme tak\u00e9 doru\u010dov\u00e1n\u00ed do okoln\u00edch zem\u00ed.   <\/p><p><strong>Poplatek: 4,10\u20ac s DPH,<\/strong><\/p><p>P\u0159eprava \u010ceskou po\u0161tou \u2013 Zbo\u017e\u00ed V\u00e1m doru\u010d\u00edme do 7 dn\u016f.<\/p><p>Poplatek: 5,60\u20ac s DPH, <\/p><p>P\u0159i p\u0159eb\u00edr\u00e1n\u00ed z\u00e1silky je nutn\u00e9 d\u016fkladn\u011b zkontrolovat po\u010det bal\u00edk\u016f a jejich stav (zda nejsou po\u0161kozen\u00e9). Pokud najdete jakoukoli nesrovnalost, je t\u0159eba na to okam\u017eit\u011b upozornit kur\u00fdra a uv\u00e9st to do p\u0159ed\u00e1vac\u00edho protokolu (nap\u0159\u00edklad po\u0161kozen\u00e9 balen\u00ed, chyb\u011bj\u00edc\u00ed bal\u00edk v z\u00e1silce atd.). Pozd\u011bj\u0161\u00ed reklamace p\u0159epravy nebudou ze strany p\u0159epravce uzn\u00e1ny.  <\/p><p>SMS notifikace<br>P\u0159i objedn\u00e1vk\u00e1ch vy\u017eadujeme telefonn\u00ed \u010d\u00edslo, abychom V\u00e1s jednodu\u0161e informovali o stavu doru\u010den\u00ed va\u0161\u00ed z\u00e1silky. Jeden den p\u0159ed pl\u00e1novan\u00fdm doru\u010den\u00edm z\u00e1silky p\u0159\u00edjemce obdr\u017e\u00ed SMS zpr\u00e1vu o doru\u010den\u00ed v\u010detn\u011b \u010d\u00edsla z\u00e1silky a v\u00fd\u0161e dob\u00edrky v p\u0159\u00edpad\u011b z\u00e1silky na dob\u00edrku. Nav\u00edc v den doru\u010den\u00ed p\u0159\u00edjemce obdr\u017e\u00ed interaktivn\u00ed SMS zpr\u00e1vu s 3 hodinov\u00fdm up\u0159esn\u011bn\u00edm \u010dasu doru\u010den\u00ed. Pokud p\u0159\u00edjemci term\u00edn doru\u010den\u00ed nevyhovuje, m\u016f\u017ee jej jednodu\u0161e zm\u011bnit odpov\u011bd\u00ed na SMS zpr\u00e1vu.   <\/p><p><strong>Standardn\u011b zas\u00edl\u00e1me zbo\u017e\u00ed do 24-48h.<\/strong><\/p><p><strong>Dodac\u00ed doba je b\u011b\u017en\u011b 2-3 dny v n\u011bkter\u00fdch p\u0159\u00edpadech zejm\u00e9na mimo SK i d\u00e9le max. 100%. v\u0161ak 10 dn\u00ed. <\/strong><\/p><p>P\u0159i objedn\u00e1vce v\u00edce v\u011bc\u00ed plat\u00edte jedno po\u0161tovn\u00e9 \u2013 po\u0161tovn\u00e9 nez\u00e1vis\u00ed na hmotnosti a velikosti bal\u00edku. Baln\u00e9 je zdarma! <\/p><p><strong>CENA JE UVEDEN\u00c1 V\u010cETN\u011a DPH!<\/strong><\/p><p>DOPRAVA ZDARMA p\u0159i n\u00e1kupu nad 100 !<\/p>\t\t\t\t\t\t\t\t<\/div>\n\t\t\t\t<\/div>\n\t\t\t\t<div class=\"elementor-element elementor-element-60fa998 elementor-widget elementor-widget-heading\" data-id=\"60fa998\" data-element_type=\"widget\" data-e-type=\"widget\" data-widget_type=\"heading.default\">\n\t\t\t\t<div class=\"elementor-widget-container\">\n\t\t\t\t\t<h3 class=\"elementor-heading-title elementor-size-default\">Co kdy\u017e se z\u00e1silka zpozd\u00ed?<\/h3>\t\t\t\t<\/div>\n\t\t\t\t<\/div>\n\t\t\t\t<div class=\"elementor-element elementor-element-ef931dd color-scheme-inherit text-left elementor-widget elementor-widget-text-editor\" data-id=\"ef931dd\" data-element_type=\"widget\" data-e-type=\"widget\" data-widget_type=\"text-editor.default\">\n\t\t\t\t<div class=\"elementor-widget-container\">\n\t\t\t\t\t\t\t\t\t<p><span style=\"font-weight: 400;\">Nejjednodu\u0161\u0161\u00ed je zkontaktovat se s dopravcem, Slovenskou po\u0161tou.<\/span><\/p><ol><li><span style=\"font-weight: 400;\">Kontakt, Slovensk\u00e1 po\u0161ta: 0850 122 413 <\/span><\/li><li><span style=\"font-weight: 400;\">M\u016f\u017eete tak\u00e9 kontaktovat na\u0161i Z\u00e1kaznickou linku na \u010d\u00edsle <a href=\"tel:+421903990033\">+421 903 990033<\/a> nebo pou\u017e\u00edt <a href=\"https:\/\/getlux.sk\/cs\/kontakt\/?v=41d6ad0761a5\">kontaktn\u00ed formul\u00e1\u0159<\/a>.<\/span><\/li><\/ol>\t\t\t\t\t\t\t\t<\/div>\n\t\t\t\t<\/div>\n\t\t\t\t<div class=\"elementor-element elementor-element-b8c69bd elementor-widget elementor-widget-heading\" data-id=\"b8c69bd\" data-element_type=\"widget\" data-e-type=\"widget\" data-widget_type=\"heading.default\">\n\t\t\t\t<div class=\"elementor-widget-container\">\n\t\t\t\t\t<h3 class=\"elementor-heading-title elementor-size-default\">Mo\u017enosti platby<\/h3>\t\t\t\t<\/div>\n\t\t\t\t<\/div>\n\t\t\t\t<div class=\"elementor-element elementor-element-56ef7be color-scheme-inherit text-left elementor-widget elementor-widget-text-editor\" data-id=\"56ef7be\" data-element_type=\"widget\" data-e-type=\"widget\" data-widget_type=\"text-editor.default\">\n\t\t\t\t<div class=\"elementor-widget-container\">\n\t\t\t\t\t\t\t\t\t<ol><li>Dob\u00edrka (platba p\u0159i p\u0159evzet\u00ed)<br>Samoz\u0159ejm\u011b m\u016f\u017eete platit tak\u00e9 v hotovosti, dob\u00edrkou. P\u0159i zvolen\u00ed takov\u00e9 mo\u017enosti se v\u0161ak \u00fa\u010dtuje poplatek podle ceny dopravce. Maxim\u00e1ln\u00ed hodnota ceny objedn\u00e1vky pro dob\u00edrku je 100 \u20ac<\/li><li>Platba prost\u0159ednictv\u00edm QR k\u00f3du (QR platba nebo Pay-by-Square) je modern\u00ed forma p\u0159\u00edm\u00e9ho p\u0159evodu na \u00fa\u010det. Po dokon\u010den\u00ed objedn\u00e1vky naskenujte QR k\u00f3d pomoc\u00ed mobiln\u00ed aplikace va\u0161\u00ed banky. V\u0161echny \u00fadaje (IBAN, \u010d\u00e1stka, variabiln\u00ed symbol) budou vypln\u011bny automaticky.  <\/li><li>Platebn\u00ed karta (platba p\u0159edem)<br>Bezpe\u010dnou mo\u017enost\u00ed je tak\u00e9 platba kartou, p\u0159i kter\u00e9 je vy\u017eadov\u00e1no \u010d\u00edslo karty, expira\u010dn\u00ed doba karty a CVV k\u00f3d. Osobn\u00ed \u00fadaje proch\u00e1zej\u00ed platebn\u00ed branou, kter\u00e1 n\u00e1m tyto informace neposkytuje. <\/li><li>Platba online p\u0159es PayPal<br>Dnes pat\u0159\u00ed k nejroz\u0161\u00ed\u0159en\u011bj\u0161\u00edm a nejbezpe\u010dn\u011bj\u0161\u00edm on-line platebn\u00edm syst\u00e9m\u016fm na internetu v\u016fbec. Pr\u00e1v\u011b pro svou bezpe\u010dnost a univerz\u00e1lnost jsme si PayPal vybrali k tomu, abychom zprost\u0159edkovali platby mezi V\u00e1mi a na\u0161\u00edm internetov\u00fdm obchodem. Syst\u00e9m akceptuje karty VISA, VISA Electron, Maestro a American express. Jeho slu\u017eby vyu\u017e\u00edv\u00e1 p\u0159es 100 milion\u016f. lid\u00ed po cel\u00e9m sv\u011bt\u011b, ve 103 zem\u00edch. <\/li><\/ol>\t\t\t\t\t\t\t\t<\/div>\n\t\t\t\t<\/div>\n\t\t\t\t\t<\/div>\n\t\t\t\t<\/div>\n\t\t\t\t<\/div>\n\t\t","protected":false},"excerpt":{"rendered":"<p>Doru\u010den\u00ed V\u0161echny objedn\u00e1vky jsou expedov\u00e1ny na\u0161\u00edm spolehliv\u00fdm logistick\u00fdm partnerem, \u010ceskou po\u0161tou. Doba dod\u00e1n\u00ed zbo\u017e\u00ed je standardn\u011b stanovena na 7-10 dn\u00ed<\/p>\n","protected":false},"author":2,"featured_media":0,"parent":0,"menu_order":0,"comment_status":"closed","ping_status":"closed","template":"","meta":{"footnotes":""},"class_list":["post-12740","page","type-page","status-publish","hentry"],"_links":{"self":[{"href":"https:\/\/getlux.sk\/cs\/wp-json\/wp\/v2\/pages\/12740","targetHints":{"allow":["GET"]}}],"collection":[{"href":"https:\/\/getlux.sk\/cs\/wp-json\/wp\/v2\/pages"}],"about":[{"href":"https:\/\/getlux.sk\/cs\/wp-json\/wp\/v2\/types\/page"}],"author":[{"embeddable":true,"href":"https:\/\/getlux.sk\/cs\/wp-json\/wp\/v2\/users\/2"}],"replies":[{"embeddable":true,"href":"https:\/\/getlux.sk\/cs\/wp-json\/wp\/v2\/comments?post=12740"}],"version-history":[{"count":1,"href":"https:\/\/getlux.sk\/cs\/wp-json\/wp\/v2\/pages\/12740\/revisions"}],"predecessor-version":[{"id":12741,"href":"https:\/\/getlux.sk\/cs\/wp-json\/wp\/v2\/pages\/12740\/revisions\/12741"}],"wp:attachment":[{"href":"https:\/\/getlux.sk\/cs\/wp-json\/wp\/v2\/media?parent=12740"}],"curies":[{"name":"wp","href":"https:\/\/api.w.org\/{rel}","templated":true}]}}