{"id":14057,"date":"2026-02-26T14:00:52","date_gmt":"2026-02-26T13:00:52","guid":{"rendered":"https:\/\/getlux.sk\/produkt\/versace-cushions-45x45-jacquard-fabric-se-cushion-4545-3\/"},"modified":"2026-02-26T14:00:52","modified_gmt":"2026-02-26T13:00:52","slug":"versace-cushions-45x45-jacquard-fabric-se-cushion-4545-3","status":"publish","type":"product","link":"https:\/\/getlux.sk\/cs\/produkt\/versace-cushions-45x45-jacquard-fabric-se-cushion-4545-3\/","title":{"rendered":"Versace CUSHIONS 45X45 JACQUARD FABRIC SE \u2013 CUSHION 45*45"},"content":{"rendered":"<pre class=\"product_title entry-title wd-entities-title\">Versace CUSHIONS 45X45 JACQUARD FABRIC SE \u2013 CUSHION 45*45 ZCU454500_1A14100\r\n\r\n<\/pre>\n<p data-start=\"0\" data-end=\"441\">Versace <strong data-start=\"8\" data-end=\"67\">CUSHIONS 45\u00d745 \u2013 Jacquard Fabric SE (ZCU454500_1A14100)<\/strong> je luxusn\u00fd dekora\u010dn\u00fd vank\u00fa\u0161, ktor\u00fd okam\u017eite zv\u00fdrazn\u00ed pohovku, kreslo aj poste\u013e. Pr\u00e9miov\u00e1 <strong data-start=\"157\" data-end=\"177\">\u017eak\u00e1rov\u00e1 tkanina<\/strong> vytv\u00e1ra elegantn\u00fa \u0161trukt\u00faru a typick\u00fd \u201eVersace\u201c v\u00fdraz, v\u010faka \u010domu p\u00f4sob\u00ed vank\u00fa\u0161 ako dizajnov\u00fd doplnok, nie len be\u017en\u00fd textil. Form\u00e1t <strong data-start=\"310\" data-end=\"324\">45 \u00d7 45 cm<\/strong> je univerz\u00e1lny \u2013 skvele sa kombinuje s \u010fal\u0161\u00edmi vank\u00fa\u0161mi aj prehozmi a hod\u00ed sa do modern\u00fdch aj klasick\u00fdch interi\u00e9rov.<\/p>\n<p data-start=\"443\" data-end=\"464\"><strong data-start=\"443\" data-end=\"464\">Detaily produktu:<\/strong><\/p>\n<ul data-start=\"465\" data-end=\"734\">\n<li data-start=\"465\" data-end=\"500\">\n<p data-start=\"467\" data-end=\"500\">Typ: dekora\u010dn\u00fd vank\u00fa\u0161 \/ cushion<\/p>\n<\/li>\n<li data-start=\"501\" data-end=\"527\">\n<p data-start=\"503\" data-end=\"527\">Rozmer: <strong data-start=\"511\" data-end=\"525\">45 \u00d7 45 cm<\/strong><\/p>\n<\/li>\n<li data-start=\"528\" data-end=\"580\">\n<p data-start=\"530\" data-end=\"580\">Materi\u00e1l: <strong data-start=\"540\" data-end=\"578\">\u017eak\u00e1rov\u00e1 tkanina (jacquard fabric)<\/strong><\/p>\n<\/li>\n<li data-start=\"581\" data-end=\"651\">\n<p data-start=\"583\" data-end=\"651\">Vyu\u017eitie: ob\u00fdva\u010dka, sp\u00e1l\u0148a, lounge z\u00f3na, reprezentat\u00edvne priestory<\/p>\n<\/li>\n<li data-start=\"652\" data-end=\"705\">\n<p data-start=\"654\" data-end=\"705\">\u0160t\u00fdl: v\u00fdrazn\u00fd dizajn, luxusn\u00fd akcent do interi\u00e9ru<\/p>\n<\/li>\n<li data-start=\"706\" data-end=\"734\">\n<p data-start=\"708\" data-end=\"734\">K\u00f3d: <strong data-start=\"713\" data-end=\"734\">ZCU454500_1A14100<\/strong><\/p>\n<\/li>\n<\/ul>\n","protected":false},"excerpt":{"rendered":"<p>Versace CUSHIONS 45X45 JACQUARD FABRIC SE \u2013 CUSHION 45*45 ZCU454500_1A14100 Versace CUSHIONS 45\u00d745 \u2013 Jacquard Fabric SE (ZCU454500_1A14100) je luxusn\u00fd<\/p>\n","protected":false},"featured_media":14058,"template":"","meta":[],"product_brand":[],"product_cat":[727],"product_tag":[],"class_list":{"0":"post-14057","1":"product","2":"type-product","3":"status-publish","4":"has-post-thumbnail","6":"product_cat-domu-a-zivotni-styl","8":"first","9":"instock","10":"taxable","11":"shipping-taxable","12":"purchasable","13":"product-type-simple"},"_links":{"self":[{"href":"https:\/\/getlux.sk\/cs\/wp-json\/wp\/v2\/product\/14057","targetHints":{"allow":["GET"]}}],"collection":[{"href":"https:\/\/getlux.sk\/cs\/wp-json\/wp\/v2\/product"}],"about":[{"href":"https:\/\/getlux.sk\/cs\/wp-json\/wp\/v2\/types\/product"}],"wp:featuredmedia":[{"embeddable":true,"href":"https:\/\/getlux.sk\/cs\/wp-json\/wp\/v2\/media\/14058"}],"wp:attachment":[{"href":"https:\/\/getlux.sk\/cs\/wp-json\/wp\/v2\/media?parent=14057"}],"wp:term":[{"taxonomy":"product_brand","embeddable":true,"href":"https:\/\/getlux.sk\/cs\/wp-json\/wp\/v2\/product_brand?post=14057"},{"taxonomy":"product_cat","embeddable":true,"href":"https:\/\/getlux.sk\/cs\/wp-json\/wp\/v2\/product_cat?post=14057"},{"taxonomy":"product_tag","embeddable":true,"href":"https:\/\/getlux.sk\/cs\/wp-json\/wp\/v2\/product_tag?post=14057"}],"curies":[{"name":"wp","href":"https:\/\/api.w.org\/{rel}","templated":true}]}}