{"id":14273,"date":"2026-02-09T12:33:18","date_gmt":"2026-02-09T11:33:18","guid":{"rendered":"https:\/\/getlux.sk\/produkt\/decorative-items-fendace\/"},"modified":"2026-02-09T12:33:18","modified_gmt":"2026-02-09T11:33:18","slug":"decorative-items-fendace","status":"publish","type":"product","link":"https:\/\/getlux.sk\/cs\/produkt\/decorative-items-fendace\/","title":{"rendered":"Decorative Items Fendace"},"content":{"rendered":"<p>Decorative Items Fendace ZTMUG0001_1A04217_Z4042_8054712370694_unic_Black_Gold<\/p>\n<h2 data-path-to-node=\"2\"><b data-path-to-node=\"2\" data-index-in-node=\"0\">Luxus v ka\u017edom detaile<\/b><\/h2>\n<p data-path-to-node=\"3\">Pozdvihnite svoj interi\u00e9r alebo rann\u00fd ritu\u00e1l na nov\u00fa \u00farove\u0148 s exkluz\u00edvnym zberate\u013esk\u00fdm k\u00faskom z limitovanej kolabor\u00e1cie <b data-path-to-node=\"3\" data-index-in-node=\"120\">Fendace<\/b>. Tento dekorat\u00edvny predmet (Model: ZTMUG0001) predstavuje unik\u00e1tne spojenie dvoch ikonick\u00fdch m\u00f3dnych domov \u2013 Versace a Fendi.<\/p>\n<ul data-path-to-node=\"5\">\n<li>\n<p data-path-to-node=\"5,0,0\"><b data-path-to-node=\"5,0,0\" data-index-in-node=\"0\">Ikonick\u00fd dizajn:<\/b> Spojenie nezamenite\u013en\u00e9ho gr\u00e9ckeho k\u013e\u00fa\u010da (Versace) a monogramu FF (Fendi) v prest\u00ed\u017enom preveden\u00ed <b data-path-to-node=\"5,0,0\" data-index-in-node=\"113\">Black &amp; Gold<\/b>.<\/p>\n<\/li>\n<li>\n<p data-path-to-node=\"5,1,0\"><b data-path-to-node=\"5,1,0\" data-index-in-node=\"0\">Remeseln\u00e9 spracovanie:<\/b> Vyroben\u00e9 z pr\u00e9miov\u00fdch materi\u00e1lov s d\u00f4razom na detail a vysok\u00fd lesk zlatej potla\u010de.<\/p>\n<\/li>\n<li>\n<p data-path-to-node=\"5,2,0\"><b data-path-to-node=\"5,2,0\" data-index-in-node=\"0\">Zberate\u013esk\u00e1 hodnota:<\/b> Ide o s\u00fa\u010das\u0165 limitovanej s\u00e9rie, \u010do z neho rob\u00ed ide\u00e1lny dar\u010dek pre milovn\u00edkov vysokej m\u00f3dy a luxusn\u00e9ho interi\u00e9rov\u00e9ho dizajnu.<\/p>\n<\/li>\n<li>\n<p data-path-to-node=\"5,3,0\"><b data-path-to-node=\"5,3,0\" data-index-in-node=\"0\">Univerz\u00e1lnos\u0165:<\/b> Perfektn\u00fd ako funk\u010dn\u00fd doplnok k stolovaniu alebo ako \u0161t\u00fdlov\u00fd dekora\u010dn\u00fd prvok do va\u0161ej vitr\u00edny \u010di kancel\u00e1rie.<\/p>\n<\/li>\n<li>\n<p data-path-to-node=\"5,3,0\">\u00a0Tento produkt je stelesnen\u00edm &#8222;Very Versace&#8220; pr\u00edstupu k \u017eivotu \u2013 odv\u00e1\u017eny, luxusn\u00fd a neprehliadnute\u013en\u00fd.<\/p>\n<\/li>\n<\/ul>\n","protected":false},"excerpt":{"rendered":"<p>Decorative Items Fendace ZTMUG0001_1A04217_Z4042_8054712370694_unic_Black_Gold Luxus v ka\u017edom detaile Pozdvihnite svoj interi\u00e9r alebo rann\u00fd ritu\u00e1l na nov\u00fa \u00farove\u0148 s exkluz\u00edvnym zberate\u013esk\u00fdm<\/p>\n","protected":false},"featured_media":14274,"template":"","meta":[],"product_brand":[],"product_cat":[727,812],"product_tag":[],"class_list":{"0":"post-14273","1":"product","2":"type-product","3":"status-publish","4":"has-post-thumbnail","6":"product_cat-domu-a-zivotni-styl","7":"product_cat-doplnky","8":"pa_farba-black","10":"first","11":"outofstock","12":"taxable","13":"shipping-taxable","14":"purchasable","15":"product-type-simple"},"_links":{"self":[{"href":"https:\/\/getlux.sk\/cs\/wp-json\/wp\/v2\/product\/14273","targetHints":{"allow":["GET"]}}],"collection":[{"href":"https:\/\/getlux.sk\/cs\/wp-json\/wp\/v2\/product"}],"about":[{"href":"https:\/\/getlux.sk\/cs\/wp-json\/wp\/v2\/types\/product"}],"wp:featuredmedia":[{"embeddable":true,"href":"https:\/\/getlux.sk\/cs\/wp-json\/wp\/v2\/media\/14274"}],"wp:attachment":[{"href":"https:\/\/getlux.sk\/cs\/wp-json\/wp\/v2\/media?parent=14273"}],"wp:term":[{"taxonomy":"product_brand","embeddable":true,"href":"https:\/\/getlux.sk\/cs\/wp-json\/wp\/v2\/product_brand?post=14273"},{"taxonomy":"product_cat","embeddable":true,"href":"https:\/\/getlux.sk\/cs\/wp-json\/wp\/v2\/product_cat?post=14273"},{"taxonomy":"product_tag","embeddable":true,"href":"https:\/\/getlux.sk\/cs\/wp-json\/wp\/v2\/product_tag?post=14273"}],"curies":[{"name":"wp","href":"https:\/\/api.w.org\/{rel}","templated":true}]}}