{"id":14291,"date":"2026-02-05T11:42:14","date_gmt":"2026-02-05T10:42:14","guid":{"rendered":"https:\/\/getlux.sk\/produkt\/ring-metalstrass-dg5e011_djmx_d01o\/"},"modified":"2026-03-21T14:40:23","modified_gmt":"2026-03-21T13:40:23","slug":"ring-metalstrass-dg5e011_djmx_d01o","status":"publish","type":"product","link":"https:\/\/getlux.sk\/cs\/produkt\/ring-metalstrass-dg5e011_djmx_d01o\/","title":{"rendered":"RING METAL+STRASS DG5E011_DJMX_D01O"},"content":{"rendered":"<p>Versace RING METAL+STRASS DG5E011_DJMX_D01O<\/p>\n<p>\u2b50\ufe0f\u2b50\ufe0f\u2b50\ufe0f\u2b50\ufe0f\u2b50\ufe0f<br \/>\nZ\u00e1kazn\u00edci GETLUX hodnotia n\u00e1kup v priemere <strong>4,9 \/ 5<\/strong><br \/>\nR\u00fdchle doru\u010denie \u2022 Origin\u00e1lne produkty \u2022 Overen\u00fd e-shop<\/p>\n<p>\ud83d\udee1\ufe0f Nakupujete bez rizika \u2013 ak v\u00e1m produkt nesadne, m\u00f4\u017eete ho vr\u00e1ti\u0165 do 14 dn\u00ed.<\/p>\n<p>\u2714 100 % origin\u00e1lny produkt \u2013 garancia originality<br \/>\n\u2714 Tovar skladom \u2013 okam\u017eit\u00e9 odoslanie<br \/>\n\u2714 Bezpe\u010dn\u00fd n\u00e1kup &amp; 14 dn\u00ed na vr\u00e1tenie<\/p>\n","protected":false},"excerpt":{"rendered":"<p>Versace RING METAL+STRASS DG5E011_DJMX_D01O \u2b50\ufe0f\u2b50\ufe0f\u2b50\ufe0f\u2b50\ufe0f\u2b50\ufe0f Z\u00e1kazn\u00edci GETLUX hodnotia n\u00e1kup v priemere 4,9 \/ 5 R\u00fdchle doru\u010denie \u2022 Origin\u00e1lne produkty \u2022<\/p>\n","protected":false},"featured_media":14292,"template":"","meta":[],"product_brand":[],"product_cat":[1084,812,846,1079],"product_tag":[],"class_list":{"0":"post-14291","1":"product","2":"type-product","3":"status-publish","4":"has-post-thumbnail","6":"product_cat-zeny-doplnky","7":"product_cat-doplnky","8":"product_cat-sperky","9":"product_cat-zeny","11":"first","12":"instock","13":"taxable","14":"shipping-taxable","15":"purchasable","16":"product-type-variable"},"_links":{"self":[{"href":"https:\/\/getlux.sk\/cs\/wp-json\/wp\/v2\/product\/14291","targetHints":{"allow":["GET"]}}],"collection":[{"href":"https:\/\/getlux.sk\/cs\/wp-json\/wp\/v2\/product"}],"about":[{"href":"https:\/\/getlux.sk\/cs\/wp-json\/wp\/v2\/types\/product"}],"wp:featuredmedia":[{"embeddable":true,"href":"https:\/\/getlux.sk\/cs\/wp-json\/wp\/v2\/media\/14292"}],"wp:attachment":[{"href":"https:\/\/getlux.sk\/cs\/wp-json\/wp\/v2\/media?parent=14291"}],"wp:term":[{"taxonomy":"product_brand","embeddable":true,"href":"https:\/\/getlux.sk\/cs\/wp-json\/wp\/v2\/product_brand?post=14291"},{"taxonomy":"product_cat","embeddable":true,"href":"https:\/\/getlux.sk\/cs\/wp-json\/wp\/v2\/product_cat?post=14291"},{"taxonomy":"product_tag","embeddable":true,"href":"https:\/\/getlux.sk\/cs\/wp-json\/wp\/v2\/product_tag?post=14291"}],"curies":[{"name":"wp","href":"https:\/\/api.w.org\/{rel}","templated":true}]}}