{"id":16141,"date":"2025-06-25T17:00:29","date_gmt":"2025-06-25T15:00:29","guid":{"rendered":"https:\/\/getlux.sk\/produkt\/versace-low-top-leatherfabricbnabuckwaves-processing-1020185_1a15159_it_6bh70\/"},"modified":"2026-03-05T18:54:54","modified_gmt":"2026-03-05T17:54:54","slug":"versace-low-top-leatherfabricbnabuckwaves-processing-1020185_1a15159_it_6bh70","status":"publish","type":"product","link":"https:\/\/getlux.sk\/cs\/produkt\/versace-low-top-leatherfabricbnabuckwaves-processing-1020185_1a15159_it_6bh70\/","title":{"rendered":"Versace LOW TOP LEATHER+FABRIC+BNABUCK+WAVES PROCESSING 1020185_1A15159_IT_6BH70"},"content":{"rendered":"<p data-start=\"73\" data-end=\"163\"><strong data-start=\"73\" data-end=\"132\">Versace LOW TOP LEATHER+FABRIC+BNABUCK+WAVES PROCESSING<\/strong><br data-start=\"132\" data-end=\"135\" \/><strong data-start=\"135\" data-end=\"163\">1020185_1A15159_IT_6BH70<\/strong><\/p>\n<p data-start=\"196\" data-end=\"339\">Versace low-top tenisky 1020185_1A15159_IT_6BH70 v \u010diernej s modr\u00fdmi detailmi a v\u00fdraznou podr\u00e1\u017ekou Greca. Pr\u00e9miov\u00e1 ko\u017ea a komfort na ka\u017ed\u00fd de\u0148.<\/p>\n<p data-start=\"370\" data-end=\"427\">Versace low-top tenisky 1020185_1A15159_IT_6BH70 | Getlux<\/p>\n<p data-start=\"480\" data-end=\"615\">Luxusn\u00e9 Versace low-top tenisky v \u010diernej s modr\u00fdmi detailmi, ko\u017ea + textil + nubuk a v\u00fdrazn\u00e1 Greca podr\u00e1\u017eka. \u0160t\u00fdl a pohodlie v jednom.<\/p>\n<p data-start=\"654\" data-end=\"832\">\u0160t\u00fdlov\u00e9 Versace low-top sneakers s kontrastn\u00fdmi modr\u00fdmi prvkami a ikonickou Greca podr\u00e1\u017ekou. Pr\u00e9miov\u00e1 kombin\u00e1cia ko\u017ee, textilu a nubuku zabezpe\u010d\u00ed komfort aj v\u00fdrazn\u00fd luxusn\u00fd look.<\/p>\n<ul data-start=\"872\" data-end=\"1177\">\n<li data-start=\"872\" data-end=\"910\">\n<p data-start=\"874\" data-end=\"910\">Luxusn\u00e9 <strong data-start=\"882\" data-end=\"910\">Versace low-top sneakers<\/strong><\/p>\n<\/li>\n<li data-start=\"911\" data-end=\"968\">\n<p data-start=\"913\" data-end=\"968\">Materi\u00e1l: <strong data-start=\"923\" data-end=\"968\">ko\u017ea + textil + nubukov\u00e9 (nabuck) detaily<\/strong><\/p>\n<\/li>\n<li data-start=\"969\" data-end=\"1024\">\n<p data-start=\"971\" data-end=\"1024\">V\u00fdrazn\u00e1 <strong data-start=\"979\" data-end=\"1000\">Greca \/ Greek key<\/strong> podr\u00e1\u017eka v modrej farbe<\/p>\n<\/li>\n<li data-start=\"1025\" data-end=\"1085\">\n<p data-start=\"1027\" data-end=\"1085\">Kontrastn\u00e9 panelovanie pre modern\u00fd \u0161portovo-luxusn\u00fd vzh\u013ead<\/p>\n<\/li>\n<li data-start=\"1086\" data-end=\"1141\">\n<p data-start=\"1088\" data-end=\"1141\">Pohodln\u00e9 \u0161nurovanie a m\u00e4kk\u00e9 polstrovanie okolo \u010dlenka<\/p>\n<\/li>\n<li data-start=\"1142\" data-end=\"1177\">\n<p data-start=\"1144\" data-end=\"1177\">Ikonick\u00e9 <strong data-start=\"1153\" data-end=\"1169\">VERSACE logo<\/strong> na p\u00e4te<\/p>\n<\/li>\n<\/ul>\n","protected":false},"excerpt":{"rendered":"<p>Versace LOW TOP LEATHER+FABRIC+BNABUCK+WAVES PROCESSING1020185_1A15159_IT_6BH70 Versace low-top tenisky 1020185_1A15159_IT_6BH70 v \u010diernej s modr\u00fdmi detailmi a v\u00fdraznou podr\u00e1\u017ekou Greca. Pr\u00e9miov\u00e1 ko\u017ea<\/p>\n","protected":false},"featured_media":28747,"template":"","meta":[],"product_brand":[],"product_cat":[1021],"product_tag":[],"class_list":{"0":"post-16141","1":"product","2":"type-product","3":"status-publish","4":"has-post-thumbnail","6":"product_cat-muzi-tenisky","7":"pa_farba-blue","8":"pa_velkost-2695","9":"pa_velkost-2683","11":"first","12":"instock","13":"sale","14":"taxable","15":"shipping-taxable","16":"purchasable","17":"product-type-variable","18":"has-default-attributes"},"_links":{"self":[{"href":"https:\/\/getlux.sk\/cs\/wp-json\/wp\/v2\/product\/16141","targetHints":{"allow":["GET"]}}],"collection":[{"href":"https:\/\/getlux.sk\/cs\/wp-json\/wp\/v2\/product"}],"about":[{"href":"https:\/\/getlux.sk\/cs\/wp-json\/wp\/v2\/types\/product"}],"wp:featuredmedia":[{"embeddable":true,"href":"https:\/\/getlux.sk\/cs\/wp-json\/wp\/v2\/media\/28747"}],"wp:attachment":[{"href":"https:\/\/getlux.sk\/cs\/wp-json\/wp\/v2\/media?parent=16141"}],"wp:term":[{"taxonomy":"product_brand","embeddable":true,"href":"https:\/\/getlux.sk\/cs\/wp-json\/wp\/v2\/product_brand?post=16141"},{"taxonomy":"product_cat","embeddable":true,"href":"https:\/\/getlux.sk\/cs\/wp-json\/wp\/v2\/product_cat?post=16141"},{"taxonomy":"product_tag","embeddable":true,"href":"https:\/\/getlux.sk\/cs\/wp-json\/wp\/v2\/product_tag?post=16141"}],"curies":[{"name":"wp","href":"https:\/\/api.w.org\/{rel}","templated":true}]}}