{"id":17181,"date":"2025-04-10T17:41:18","date_gmt":"2025-04-10T15:41:18","guid":{"rendered":"https:\/\/getlux.sk\/produkt\/versace-bikini-top-triangle-lycra-vita-recycled-abd01094_a232185_it_a1008\/"},"modified":"2026-03-02T15:26:23","modified_gmt":"2026-03-02T14:26:23","slug":"versace-bikini-top-triangle-lycra-vita-recycled-abd01094_a232185_it_a1008","status":"publish","type":"product","link":"https:\/\/getlux.sk\/cs\/produkt\/versace-bikini-top-triangle-lycra-vita-recycled-abd01094_a232185_it_a1008\/","title":{"rendered":"Versace BIKINI TOP TRIANGLE LYCRA VITA RECYCLED ABD01094_A232185_IT_A1008"},"content":{"rendered":"<p><span style=\"color: #000000; font-family: Helvetica; font-size: xx-small;\">Versace <\/span><span style=\"color: #000000; font-family: Helvetica; font-size: xx-small;\">BIKINI TOP TRIANGLE LYCRA VITA RECYCLED ABD01094_A232185_IT_A1008<\/span><\/p>\n<p data-start=\"119\" data-end=\"201\"><strong data-start=\"119\" data-end=\"201\">Versace Bikini Top Triangle \u2013 Lycra\u00ae Vita Recycled (ABD01094_A232185_IT_A1008)<\/strong><\/p>\n<p data-start=\"329\" data-end=\"463\"><strong data-start=\"329\" data-end=\"463\">D\u00e1msky triangle bikini top Versace z recyklovanej Lycra\u00ae Vita. Elastick\u00fd, r\u00fdchloschn\u00faci a pohodln\u00fd strih s nastavite\u013en\u00fdm viazan\u00edm.<\/strong><\/p>\n<p data-start=\"501\" data-end=\"667\">Ikonick\u00fd <strong data-start=\"510\" data-end=\"547\">trojuholn\u00edkov\u00fd bikini top Versace<\/strong> z recyklovanej <strong data-start=\"563\" data-end=\"578\">Lycra\u00ae Vita<\/strong> \u2013 pru\u017en\u00fd, r\u00fdchloschn\u00faci a pr\u00edjemn\u00fd na nosenie. Nastavite\u013en\u00fd pre perfektn\u00e9 prisp\u00f4sobenie.<\/p>\n<h2 data-start=\"669\" data-end=\"686\">Detailn\u00fd popis<\/h2>\n<p data-start=\"687\" data-end=\"885\">Doprajte si luxusn\u00fd pl\u00e1\u017eov\u00fd \u0161t\u00fdl s d\u00e1mskym <strong data-start=\"730\" data-end=\"761\">Versace Bikini Top Triangle<\/strong>. Klasick\u00fd trojuholn\u00edkov\u00fd strih lichot\u00ed postave a p\u00f4sob\u00ed nad\u010dasovo \u2013 ide\u00e1lny na dovolenku, wellness aj letn\u00e9 dni pri baz\u00e9ne.<\/p>\n<p data-start=\"887\" data-end=\"1119\">Pou\u017eit\u00fd materi\u00e1l <strong data-start=\"904\" data-end=\"919\">Lycra\u00ae Vita<\/strong> s recyklovan\u00fdm obsahom je pru\u017en\u00fd, pr\u00edjemn\u00fd na dotyk a v\u00fdborne dr\u017e\u00ed tvar aj po opakovanom nosen\u00ed. Plavkovina r\u00fdchlo schne a pohodlne sa prisp\u00f4sob\u00ed telu, aby ste sa c\u00edtili sebavedomo pri ka\u017edom pohybe.<\/p>\n<h2 data-start=\"1121\" data-end=\"1137\">Hlavn\u00e9 v\u00fdhody<\/h2>\n<ul data-start=\"1138\" data-end=\"1384\">\n<li data-start=\"1138\" data-end=\"1192\">\n<p data-start=\"1140\" data-end=\"1192\">nad\u010dasov\u00fd <strong data-start=\"1150\" data-end=\"1162\">triangle<\/strong> strih (trojuholn\u00edkov\u00e9 ko\u0161\u00edky)<\/p>\n<\/li>\n<li data-start=\"1193\" data-end=\"1263\">\n<p data-start=\"1195\" data-end=\"1263\">pr\u00e9miov\u00e1 elastick\u00e1 plavkovina <strong data-start=\"1225\" data-end=\"1240\">Lycra\u00ae Vita<\/strong> s recyklovan\u00fdm obsahom<\/p>\n<\/li>\n<li data-start=\"1264\" data-end=\"1300\">\n<p data-start=\"1266\" data-end=\"1300\">komfortn\u00e9 nosenie, tvarov\u00e1 st\u00e1los\u0165<\/p>\n<\/li>\n<li data-start=\"1301\" data-end=\"1327\">\n<p data-start=\"1303\" data-end=\"1327\">r\u00fdchloschn\u00face prevedenie<\/p>\n<\/li>\n<li data-start=\"1328\" data-end=\"1384\">\n<p data-start=\"1330\" data-end=\"1384\">jednoduch\u00e9 prisp\u00f4sobenie v\u010faka nastavite\u013en\u00e9mu rie\u0161eniu<\/p>\n<\/li>\n<\/ul>\n<h2 data-start=\"1386\" data-end=\"1425\">Parametre<\/h2>\n<ul data-start=\"1426\" data-end=\"1799\">\n<li data-start=\"1426\" data-end=\"1449\">\n<p data-start=\"1428\" data-end=\"1449\"><strong data-start=\"1428\" data-end=\"1439\">Zna\u010dka:<\/strong> Versace<\/p>\n<\/li>\n<li data-start=\"1450\" data-end=\"1488\">\n<p data-start=\"1452\" data-end=\"1488\"><strong data-start=\"1452\" data-end=\"1460\">Typ:<\/strong> bikini top \/ plavkov\u00fd top<\/p>\n<\/li>\n<li data-start=\"1489\" data-end=\"1529\">\n<p data-start=\"1491\" data-end=\"1529\"><strong data-start=\"1491\" data-end=\"1501\">Strih:<\/strong> triangle (trojuholn\u00edkov\u00fd)<\/p>\n<\/li>\n<li data-start=\"1530\" data-end=\"1593\">\n<p data-start=\"1532\" data-end=\"1593\"><strong data-start=\"1532\" data-end=\"1545\">Materi\u00e1l:<\/strong> Lycra\u00ae Vita (recycled) \u2013 elastick\u00e1 plavkovina<\/p>\n<\/li>\n<li data-start=\"1594\" data-end=\"1648\">\n<p data-start=\"1596\" data-end=\"1648\"><strong data-start=\"1596\" data-end=\"1606\">Farba:<\/strong> k\u00f3d <strong data-start=\"1611\" data-end=\"1620\">A1008<\/strong> (pod\u013ea ozna\u010denia v\u00fdrobcu)<\/p>\n<\/li>\n<li data-start=\"1649\" data-end=\"1700\">\n<p data-start=\"1651\" data-end=\"1700\"><strong data-start=\"1651\" data-end=\"1668\">K\u00f3d produktu:<\/strong> <strong data-start=\"1669\" data-end=\"1698\">ABD01094_A232185_IT_A1008<\/strong><\/p>\n<\/li>\n<li data-start=\"1701\" data-end=\"1799\">\n<p data-start=\"1703\" data-end=\"1799\"><strong data-start=\"1703\" data-end=\"1721\">Starostlivos\u0165:<\/strong> po pou\u017eit\u00ed prepl\u00e1chnu\u0165 \u010distou vodou, pra\u0165 \u0161etrne, su\u0161i\u0165 mimo priameho slnka<\/p>\n<\/li>\n<\/ul>\n","protected":false},"excerpt":{"rendered":"<p>Versace BIKINI TOP TRIANGLE LYCRA VITA RECYCLED ABD01094_A232185_IT_A1008 Versace Bikini Top Triangle \u2013 Lycra\u00ae Vita Recycled (ABD01094_A232185_IT_A1008) D\u00e1msky triangle bikini<\/p>\n","protected":false},"featured_media":9572,"template":"","meta":[],"product_brand":[],"product_cat":[1186],"product_tag":[],"class_list":{"0":"post-17181","1":"product","2":"type-product","3":"status-publish","4":"has-post-thumbnail","6":"product_cat-zeny-plavky","8":"first","9":"instock","10":"sale","11":"taxable","12":"shipping-taxable","13":"purchasable","14":"product-type-variable","15":"has-default-attributes"},"_links":{"self":[{"href":"https:\/\/getlux.sk\/cs\/wp-json\/wp\/v2\/product\/17181","targetHints":{"allow":["GET"]}}],"collection":[{"href":"https:\/\/getlux.sk\/cs\/wp-json\/wp\/v2\/product"}],"about":[{"href":"https:\/\/getlux.sk\/cs\/wp-json\/wp\/v2\/types\/product"}],"wp:featuredmedia":[{"embeddable":true,"href":"https:\/\/getlux.sk\/cs\/wp-json\/wp\/v2\/media\/9572"}],"wp:attachment":[{"href":"https:\/\/getlux.sk\/cs\/wp-json\/wp\/v2\/media?parent=17181"}],"wp:term":[{"taxonomy":"product_brand","embeddable":true,"href":"https:\/\/getlux.sk\/cs\/wp-json\/wp\/v2\/product_brand?post=17181"},{"taxonomy":"product_cat","embeddable":true,"href":"https:\/\/getlux.sk\/cs\/wp-json\/wp\/v2\/product_cat?post=17181"},{"taxonomy":"product_tag","embeddable":true,"href":"https:\/\/getlux.sk\/cs\/wp-json\/wp\/v2\/product_tag?post=17181"}],"curies":[{"name":"wp","href":"https:\/\/api.w.org\/{rel}","templated":true}]}}