{"id":28734,"date":"2026-03-05T22:29:57","date_gmt":"2026-03-05T21:29:57","guid":{"rendered":"https:\/\/getlux.sk\/?post_type=product&#038;p=28734"},"modified":"2026-03-21T14:40:23","modified_gmt":"2026-03-21T13:40:23","slug":"sneakers-1021490_1a15949_2w14p","status":"publish","type":"product","link":"https:\/\/getlux.sk\/cs\/produkt\/sneakers-1021490_1a15949_2w14p\/","title":{"rendered":"Sneakers 1021490_1A15949_2W14P"},"content":{"rendered":"<p data-start=\"120\" data-end=\"256\">Versace sneakers 1021490_1A15949_2W14P v bielo-kr\u00e9movom preveden\u00ed s ko\u017eou, semi\u0161om a ikonick\u00fdm logom. Komfort a \u0161t\u00fdl na ka\u017ed\u00fd de\u0148.<\/p>\n<p data-start=\"295\" data-end=\"461\">Modern\u00e9 chunky sneakers Versace v \u010distom bielo-kr\u00e9movom t\u00f3ne. Pr\u00e9miov\u00e1 kombin\u00e1cia ko\u017ee, textilu a semi\u0161ov\u00fdch detailov dop\u013a\u0148a v\u00fdrazn\u00e1 tvarovan\u00e1 podr\u00e1\u017eka a logo zna\u010dky.<\/p>\n<h3 data-start=\"463\" data-end=\"500\">Hlavn\u00e9 vlastnosti<\/h3>\n<ul data-start=\"501\" data-end=\"787\">\n<li data-start=\"501\" data-end=\"538\">\n<p data-start=\"503\" data-end=\"538\">Luxusn\u00e9 <strong data-start=\"511\" data-end=\"538\">Versace chunky sneakers<\/strong><\/p>\n<\/li>\n<li data-start=\"539\" data-end=\"586\">\n<p data-start=\"541\" data-end=\"586\">Pr\u00e9miov\u00e9 materi\u00e1ly: <strong data-start=\"561\" data-end=\"586\">ko\u017ea + textil + semi\u0161<\/strong><\/p>\n<\/li>\n<li data-start=\"587\" data-end=\"632\">\n<p data-start=\"589\" data-end=\"632\">Pohodln\u00e1, stabiln\u00e1 <strong data-start=\"608\" data-end=\"632\">profilovan\u00e1 podr\u00e1\u017eka<\/strong><\/p>\n<\/li>\n<li data-start=\"633\" data-end=\"679\">\n<p data-start=\"635\" data-end=\"679\">Ikonick\u00e9 <strong data-start=\"644\" data-end=\"660\">logo VERSACE<\/strong> ako v\u00fdrazn\u00fd detail<\/p>\n<\/li>\n<li data-start=\"680\" data-end=\"727\">\n<p data-start=\"682\" data-end=\"727\">\u0160nurovanie so \u0161t\u00fdlov\u00fdmi kontrastn\u00fdmi \u0161n\u00farkami<\/p>\n<\/li>\n<li data-start=\"728\" data-end=\"787\">\n<p data-start=\"730\" data-end=\"787\">Nad\u010dasov\u00fd dizajn vhodn\u00fd k street aj smart casual outfitom<\/p>\n<\/li>\n<\/ul>\n<h3 data-start=\"789\" data-end=\"819\">Odpor\u00fa\u010dan\u00e9 pou\u017eitie \/ \u0161t\u00fdl<\/h3>\n<p data-start=\"820\" data-end=\"945\">Ide\u00e1lne na ka\u017edodenn\u00e9 nosenie \u2014 k d\u017e\u00ednsom, tepl\u00e1kov\u00fdm setom aj k minimalistick\u00fdm outfitom, kde vynikne luxusn\u00fd detail zna\u010dky.<\/p>\n","protected":false},"excerpt":{"rendered":"<p>Versace sneakers 1021490_1A15949_2W14P v bielo-kr\u00e9movom preveden\u00ed s ko\u017eou, semi\u0161om a ikonick\u00fdm logom. Komfort a \u0161t\u00fdl na ka\u017ed\u00fd de\u0148. Modern\u00e9 chunky<\/p>\n","protected":false},"featured_media":28735,"template":"","meta":[],"product_brand":[499],"product_cat":[218],"product_tag":[],"class_list":{"0":"post-28734","1":"product","2":"type-product","3":"status-publish","4":"has-post-thumbnail","6":"product_brand-znacky-versace","7":"product_cat-muzi-tenisky","8":"pa_farba-white","9":"pa_velkost-76","10":"pa_velkost-48","11":"pa_velkost-74","12":"pa_velkost-88","14":"first","15":"outofstock","16":"sale","17":"taxable","18":"shipping-taxable","19":"purchasable","20":"product-type-variable","21":"has-default-attributes"},"_links":{"self":[{"href":"https:\/\/getlux.sk\/cs\/wp-json\/wp\/v2\/product\/28734","targetHints":{"allow":["GET"]}}],"collection":[{"href":"https:\/\/getlux.sk\/cs\/wp-json\/wp\/v2\/product"}],"about":[{"href":"https:\/\/getlux.sk\/cs\/wp-json\/wp\/v2\/types\/product"}],"wp:featuredmedia":[{"embeddable":true,"href":"https:\/\/getlux.sk\/cs\/wp-json\/wp\/v2\/media\/28735"}],"wp:attachment":[{"href":"https:\/\/getlux.sk\/cs\/wp-json\/wp\/v2\/media?parent=28734"}],"wp:term":[{"taxonomy":"product_brand","embeddable":true,"href":"https:\/\/getlux.sk\/cs\/wp-json\/wp\/v2\/product_brand?post=28734"},{"taxonomy":"product_cat","embeddable":true,"href":"https:\/\/getlux.sk\/cs\/wp-json\/wp\/v2\/product_cat?post=28734"},{"taxonomy":"product_tag","embeddable":true,"href":"https:\/\/getlux.sk\/cs\/wp-json\/wp\/v2\/product_tag?post=28734"}],"curies":[{"name":"wp","href":"https:\/\/api.w.org\/{rel}","templated":true}]}}