{"id":29458,"date":"2026-03-09T19:15:19","date_gmt":"2026-03-09T18:15:19","guid":{"rendered":"https:\/\/getlux.sk\/?post_type=product&#038;p=29458"},"modified":"2026-03-09T19:16:14","modified_gmt":"2026-03-09T18:16:14","slug":"dolce-gabbana-sicily-tote","status":"publish","type":"product","link":"https:\/\/getlux.sk\/cs\/produkt\/dolce-gabbana-sicily-tote\/","title":{"rendered":"Dolce &#038; Gabbana Sicily Tote"},"content":{"rendered":"<ul>\n<li data-section-id=\"6y1m8q\" data-start=\"399\" data-end=\"430\">\n<p data-start=\"401\" data-end=\"430\">ve\u013ek\u00e1 <strong data-start=\"407\" data-end=\"430\">tote \/ shopping bag<\/strong><\/p>\n<\/li>\n<li data-section-id=\"fwpswr\" data-start=\"431\" data-end=\"481\">\n<p data-start=\"433\" data-end=\"481\">kovov\u00e1 <strong data-start=\"440\" data-end=\"481\">plaketa Dolce &amp; Gabbana Milano Italia<\/strong><\/p>\n<\/li>\n<li data-section-id=\"mhhkqe\" data-start=\"482\" data-end=\"517\">\n<p data-start=\"484\" data-end=\"517\">v\u00fdrazn\u00e1 <strong data-start=\"492\" data-end=\"517\">sic\u00edlsky \u0161t\u00fdl potla\u010de<\/strong><\/p>\n<\/li>\n<li data-section-id=\"57jb83\" data-start=\"518\" data-end=\"558\">\n<p data-start=\"520\" data-end=\"558\">dole p\u00e1s s n\u00e1pisom <strong data-start=\"539\" data-end=\"558\">DOLCE &amp; GABBANA<\/strong><\/p>\n<\/li>\n<li data-section-id=\"1n9v8xz\" data-start=\"559\" data-end=\"573\">\n<p data-start=\"561\" data-end=\"573\">ko\u017een\u00e9 r\u00fa\u010dky<\/p>\n<\/li>\n<li data-section-id=\"1n9v8xz\" data-start=\"559\" data-end=\"573\">Sekund\u00e1rny predaj \u00a0Drh\u00e1 \u0161anca<\/li>\n<\/ul>\n","protected":false},"excerpt":{"rendered":"<p>ve\u013ek\u00e1 tote \/ shopping bag kovov\u00e1 plaketa Dolce &amp; Gabbana Milano Italia v\u00fdrazn\u00e1 sic\u00edlsky \u0161t\u00fdl potla\u010de dole p\u00e1s s n\u00e1pisom<\/p>\n","protected":false},"featured_media":29459,"template":"","meta":[],"product_brand":[2594],"product_cat":[25,2551],"product_tag":[],"class_list":{"0":"post-29458","1":"product","2":"type-product","3":"status-publish","4":"has-post-thumbnail","6":"product_brand-dolce-gabbana","7":"product_cat-kabelky","8":"product_cat-tasky","9":"pa_farba-red","10":"pa_velkost-uni","12":"first","13":"instock","14":"taxable","15":"shipping-taxable","16":"purchasable","17":"product-type-simple"},"_links":{"self":[{"href":"https:\/\/getlux.sk\/cs\/wp-json\/wp\/v2\/product\/29458","targetHints":{"allow":["GET"]}}],"collection":[{"href":"https:\/\/getlux.sk\/cs\/wp-json\/wp\/v2\/product"}],"about":[{"href":"https:\/\/getlux.sk\/cs\/wp-json\/wp\/v2\/types\/product"}],"wp:featuredmedia":[{"embeddable":true,"href":"https:\/\/getlux.sk\/cs\/wp-json\/wp\/v2\/media\/29459"}],"wp:attachment":[{"href":"https:\/\/getlux.sk\/cs\/wp-json\/wp\/v2\/media?parent=29458"}],"wp:term":[{"taxonomy":"product_brand","embeddable":true,"href":"https:\/\/getlux.sk\/cs\/wp-json\/wp\/v2\/product_brand?post=29458"},{"taxonomy":"product_cat","embeddable":true,"href":"https:\/\/getlux.sk\/cs\/wp-json\/wp\/v2\/product_cat?post=29458"},{"taxonomy":"product_tag","embeddable":true,"href":"https:\/\/getlux.sk\/cs\/wp-json\/wp\/v2\/product_tag?post=29458"}],"curies":[{"name":"wp","href":"https:\/\/api.w.org\/{rel}","templated":true}]}}