{"id":29660,"date":"2026-03-12T22:21:12","date_gmt":"2026-03-12T21:21:12","guid":{"rendered":"https:\/\/getlux.sk\/?post_type=product&#038;p=29660"},"modified":"2026-03-21T14:40:16","modified_gmt":"2026-03-21T13:40:16","slug":"alexander-mcqueen-731136-dytab-5618","status":"publish","type":"product","link":"https:\/\/getlux.sk\/cs\/produkt\/alexander-mcqueen-731136-dytab-5618\/","title":{"rendered":"Alexander McQueen 731136 DYTAB 5618"},"content":{"rendered":"<p>731136 DYTAB 5618 JEWELLED HOBO MINI LEATHER ANTIC PINK S31 8128497090<\/p>\n<p data-start=\"32\" data-end=\"164\">Alexander McQUEEN 731136 DYTAB 5618 Jewelled Hobo Mini Leather Antic Pink<\/p>\n<p data-start=\"166\" data-end=\"535\"><br data-start=\"182\" data-end=\"185\" \/>Luxusn\u00e1 mini kabelka Alexander McQUEEN Jewelled Hobo Mini v odtieni Antic Pink je vyroben\u00e1 z hladkej te\u013eacej ko\u017ee a zaujme ikonick\u00fdm detailom Skull Four Ring v antique silver t\u00f3ne so Swarovski kri\u0161t\u00e1\u013emi. Elegantn\u00e1 architektonick\u00e1 silueta a v\u00fdrazn\u00e9 kovanie robia z tohto modelu exkluz\u00edvny doplnok na de\u0148 aj ve\u010der.<\/p>\n<p data-start=\"537\" data-end=\"1033\"><br data-start=\"560\" data-end=\"563\" \/>Model Jewelled Hobo Mini sp\u00e1ja jemn\u00fd \u017eensk\u00fd odtie\u0148 s typick\u00fdm rebelsk\u00fdm rukopisom zna\u010dky Alexander McQUEEN. Kabelka je vyhotoven\u00e1 z hladkej calfskin ko\u017ee, m\u00e1 magnetick\u00e9 zap\u00ednanie, logo na prednej strane, odn\u00edmate\u013en\u00fd retiazkov\u00fd popruh a kovov\u00e9 prvky v antique silver \u00faprave. Dominantou je signat\u00farne madlo Skull Four Ring, osaden\u00e9 Swarovski kri\u0161t\u00e1\u013emi, ktor\u00e9 d\u00e1va modelu okam\u017eite rozpoznate\u013en\u00fd vzh\u013ead. Kabelka je vyroben\u00e1 v Taliansku.<\/p>\n<p data-start=\"1035\" data-end=\"1246\"><strong data-start=\"1035\" data-end=\"1054\">Rozmery kabelky<\/strong><br data-start=\"1054\" data-end=\"1057\" \/>20 \u00d7 12 \u00d7 4 cm.<\/p>\n<p data-start=\"1248\" data-end=\"1451\"><strong data-start=\"1248\" data-end=\"1264\">\u010eal\u0161ie \u00fadaje<\/strong><br data-start=\"1264\" data-end=\"1267\" \/>Materi\u00e1l: 100 % te\u013eacia ko\u017ea<br data-start=\"1295\" data-end=\"1298\" \/>Farba dod\u00e1vate\u013ea: 5618 Antic Pink<br data-start=\"1331\" data-end=\"1334\" \/>Popruh\/retiazka: odn\u00edmate\u013en\u00e1, d\u013a\u017eka pribli\u017ene 52 cm<br data-start=\"1385\" data-end=\"1388\" \/>Krajina v\u00fdroby: Taliansko<\/p>\n<p data-start=\"1453\" data-end=\"1705\"><strong data-start=\"1453\" data-end=\"1473\">Meta description<\/strong><br data-start=\"1473\" data-end=\"1476\" \/>Alexander McQUEEN Jewelled Hobo Mini 731136 DYTAB 5618 v odtieni Antic Pink je luxusn\u00e1 mini ko\u017een\u00e1 kabelka s ikonick\u00fdm Skull Four Ring detailom, Swarovski kri\u0161t\u00e1\u013emi a rozmermi 20 \u00d7 12 \u00d7 4 cm.<\/p>\n<p>&nbsp;<\/p>\n","protected":false},"excerpt":{"rendered":"<p>731136 DYTAB 5618 JEWELLED HOBO MINI LEATHER ANTIC PINK S31 8128497090 Alexander McQUEEN 731136 DYTAB 5618 Jewelled Hobo Mini Leather<\/p>\n","protected":false},"featured_media":29662,"template":"","meta":[],"product_brand":[2555],"product_cat":[2552,25,2554],"product_tag":[],"class_list":{"0":"post-29660","1":"product","2":"type-product","3":"status-publish","4":"has-post-thumbnail","6":"product_brand-alexander-mcqueen","7":"product_cat-horna-rukovat","8":"product_cat-kabelky","9":"product_cat-mini-kabelky","11":"first","12":"outofstock","13":"sale","14":"taxable","15":"shipping-taxable","16":"purchasable","17":"product-type-simple"},"_links":{"self":[{"href":"https:\/\/getlux.sk\/cs\/wp-json\/wp\/v2\/product\/29660","targetHints":{"allow":["GET"]}}],"collection":[{"href":"https:\/\/getlux.sk\/cs\/wp-json\/wp\/v2\/product"}],"about":[{"href":"https:\/\/getlux.sk\/cs\/wp-json\/wp\/v2\/types\/product"}],"wp:featuredmedia":[{"embeddable":true,"href":"https:\/\/getlux.sk\/cs\/wp-json\/wp\/v2\/media\/29662"}],"wp:attachment":[{"href":"https:\/\/getlux.sk\/cs\/wp-json\/wp\/v2\/media?parent=29660"}],"wp:term":[{"taxonomy":"product_brand","embeddable":true,"href":"https:\/\/getlux.sk\/cs\/wp-json\/wp\/v2\/product_brand?post=29660"},{"taxonomy":"product_cat","embeddable":true,"href":"https:\/\/getlux.sk\/cs\/wp-json\/wp\/v2\/product_cat?post=29660"},{"taxonomy":"product_tag","embeddable":true,"href":"https:\/\/getlux.sk\/cs\/wp-json\/wp\/v2\/product_tag?post=29660"}],"curies":[{"name":"wp","href":"https:\/\/api.w.org\/{rel}","templated":true}]}}