{"id":31598,"date":"2026-04-29T22:20:03","date_gmt":"2026-04-29T20:20:03","guid":{"rendered":"https:\/\/getlux.sk\/?post_type=product&#038;p=31598"},"modified":"2026-04-29T22:20:03","modified_gmt":"2026-04-29T20:20:03","slug":"other-m-shoes-in-suede-enamel-hw-2","status":"publish","type":"product","link":"https:\/\/getlux.sk\/cs\/produkt\/other-m-shoes-in-suede-enamel-hw-2\/","title":{"rendered":"Other M Shoes In Suede-Enamel Hw"},"content":{"rendered":"<p><strong>Other M Shoes In Suede-Enamel Hw<\/strong> je luxusn\u00fd produkt zna\u010dky Versace.<\/p>\n<ul>\n<li>Zna\u010dka: Versace<\/li>\n<li>Ve\u013ekos\u0165: 38, 38.5, 39, 39.5, 40, 40.5, 41, 41.5, 42, 42.5, 43, 43.5, 44, 45, 45.5, 46, 47<\/li>\n<li>Dostupnos\u0165: skladom pod\u013ea aktu\u00e1lnej ponuky<\/li>\n<\/ul>\n<p>Cena je uveden\u00e1 vr\u00e1tane DPH.<\/p>\n","protected":false},"excerpt":{"rendered":"<p>Other M Shoes In Suede-Enamel Hw \u2013 luxusn\u00fd produkt zna\u010dky Versace.<\/p>\n","protected":false},"featured_media":31680,"template":"","meta":[],"product_brand":[499],"product_cat":[222],"product_tag":[],"class_list":{"0":"post-31598","1":"product","2":"type-product","3":"status-publish","4":"has-post-thumbnail","6":"product_brand-znacky-versace","7":"product_cat-muzi-topanky","8":"pa_velkost-69","9":"pa_velkost-38-5","10":"pa_velkost-63","11":"pa_velkost-39-5","12":"pa_velkost-51","13":"pa_velkost-40-5","14":"pa_velkost-76","15":"pa_velkost-41-5","16":"pa_velkost-48","17":"pa_velkost-42-5","18":"pa_velkost-74","19":"pa_velkost-43-5","20":"pa_velkost-88","21":"pa_velkost-75","22":"pa_velkost-45-5","23":"pa_velkost-59","24":"pa_velkost-171","26":"first","27":"instock","28":"taxable","29":"shipping-taxable","30":"purchasable","31":"product-type-variable"},"_links":{"self":[{"href":"https:\/\/getlux.sk\/cs\/wp-json\/wp\/v2\/product\/31598","targetHints":{"allow":["GET"]}}],"collection":[{"href":"https:\/\/getlux.sk\/cs\/wp-json\/wp\/v2\/product"}],"about":[{"href":"https:\/\/getlux.sk\/cs\/wp-json\/wp\/v2\/types\/product"}],"wp:featuredmedia":[{"embeddable":true,"href":"https:\/\/getlux.sk\/cs\/wp-json\/wp\/v2\/media\/31680"}],"wp:attachment":[{"href":"https:\/\/getlux.sk\/cs\/wp-json\/wp\/v2\/media?parent=31598"}],"wp:term":[{"taxonomy":"product_brand","embeddable":true,"href":"https:\/\/getlux.sk\/cs\/wp-json\/wp\/v2\/product_brand?post=31598"},{"taxonomy":"product_cat","embeddable":true,"href":"https:\/\/getlux.sk\/cs\/wp-json\/wp\/v2\/product_cat?post=31598"},{"taxonomy":"product_tag","embeddable":true,"href":"https:\/\/getlux.sk\/cs\/wp-json\/wp\/v2\/product_tag?post=31598"}],"curies":[{"name":"wp","href":"https:\/\/api.w.org\/{rel}","templated":true}]}}