{"id":31616,"date":"2026-04-29T22:19:27","date_gmt":"2026-04-29T20:19:27","guid":{"rendered":"https:\/\/getlux.sk\/?post_type=product&#038;p=31616"},"modified":"2026-04-29T22:19:27","modified_gmt":"2026-04-29T20:19:27","slug":"other-m-shoes-in-suede-enamel-hw","status":"publish","type":"product","link":"https:\/\/getlux.sk\/cs\/produkt\/other-m-shoes-in-suede-enamel-hw\/","title":{"rendered":"Other M Shoes In Suede-Enamel Hw"},"content":{"rendered":"<p><strong>Other M Shoes In Suede-Enamel Hw<\/strong> je luxusn\u00fd produkt zna\u010dky Versace.<\/p>\n<ul>\n<li>Zna\u010dka: Versace<\/li>\n<li>Ve\u013ekos\u0165: 38, 38.5, 39, 39.5, 40, 40.5, 41, 41.5, 42, 42.5, 43, 43.5, 44, 45, 45.5, 46, 47<\/li>\n<li>Dostupnos\u0165: skladom pod\u013ea aktu\u00e1lnej ponuky<\/li>\n<\/ul>\n<p>Cena je uveden\u00e1 vr\u00e1tane DPH.<\/p>\n","protected":false},"excerpt":{"rendered":"<p>Other M Shoes In Suede-Enamel Hw \u2013 luxusn\u00fd produkt zna\u010dky Versace.<\/p>\n","protected":false},"featured_media":31682,"template":"","meta":[],"product_brand":[499],"product_cat":[222],"product_tag":[],"class_list":{"0":"post-31616","1":"product","2":"type-product","3":"status-publish","4":"has-post-thumbnail","6":"product_brand-znacky-versace","7":"product_cat-muzi-topanky","8":"pa_farba-brown","9":"pa_velkost-69","10":"pa_velkost-38-5","11":"pa_velkost-63","12":"pa_velkost-39-5","13":"pa_velkost-51","14":"pa_velkost-40-5","15":"pa_velkost-76","16":"pa_velkost-41-5","17":"pa_velkost-48","18":"pa_velkost-42-5","19":"pa_velkost-74","20":"pa_velkost-43-5","21":"pa_velkost-88","22":"pa_velkost-75","23":"pa_velkost-45-5","24":"pa_velkost-59","25":"pa_velkost-171","27":"first","28":"instock","29":"taxable","30":"shipping-taxable","31":"purchasable","32":"product-type-variable"},"_links":{"self":[{"href":"https:\/\/getlux.sk\/cs\/wp-json\/wp\/v2\/product\/31616","targetHints":{"allow":["GET"]}}],"collection":[{"href":"https:\/\/getlux.sk\/cs\/wp-json\/wp\/v2\/product"}],"about":[{"href":"https:\/\/getlux.sk\/cs\/wp-json\/wp\/v2\/types\/product"}],"wp:featuredmedia":[{"embeddable":true,"href":"https:\/\/getlux.sk\/cs\/wp-json\/wp\/v2\/media\/31682"}],"wp:attachment":[{"href":"https:\/\/getlux.sk\/cs\/wp-json\/wp\/v2\/media?parent=31616"}],"wp:term":[{"taxonomy":"product_brand","embeddable":true,"href":"https:\/\/getlux.sk\/cs\/wp-json\/wp\/v2\/product_brand?post=31616"},{"taxonomy":"product_cat","embeddable":true,"href":"https:\/\/getlux.sk\/cs\/wp-json\/wp\/v2\/product_cat?post=31616"},{"taxonomy":"product_tag","embeddable":true,"href":"https:\/\/getlux.sk\/cs\/wp-json\/wp\/v2\/product_tag?post=31616"}],"curies":[{"name":"wp","href":"https:\/\/api.w.org\/{rel}","templated":true}]}}