{"id":32016,"date":"2026-04-29T23:50:16","date_gmt":"2026-04-29T21:50:16","guid":{"rendered":"https:\/\/getlux.sk\/?post_type=product&#038;p=32016"},"modified":"2026-04-29T23:50:17","modified_gmt":"2026-04-29T21:50:17","slug":"greca-goddess-zip-around-wallet-in-calf-leather","status":"publish","type":"product","link":"https:\/\/getlux.sk\/cs\/produkt\/greca-goddess-zip-around-wallet-in-calf-leather\/","title":{"rendered":"Greca Goddess Zip Around Wallet In Calf Leather"},"content":{"rendered":"<p><strong>Greca Goddess Zip Around Wallet In Calf Leather<\/strong> je luxusn\u00fd produkt zna\u010dky Versace.<\/p>\n<ul>\n<li>Zna\u010dka: Versace<\/li>\n<li>Farba: Pink<\/li>\n<li>Ve\u013ekos\u0165: Uni<\/li>\n<li>Materi\u00e1l: te\u013eacia ko\u017ea<\/li>\n<li>Rozmery: 13 x 0,5 x 8 cm<\/li>\n<li>Dostupnos\u0165: skladom pod\u013ea aktu\u00e1lnej ponuky<\/li>\n<\/ul>\n<p>Cena je uveden\u00e1 vr\u00e1tane DPH.<\/p>\n","protected":false},"excerpt":{"rendered":"<p>Greca Goddess Zip Around Wallet In Calf Leather \u2013 luxusn\u00fd produkt zna\u010dky Versace. Materi\u00e1l: te\u013eacia ko\u017ea. Rozmery: 13 x 0,5 x 8 cm.<\/p>\n","protected":false},"featured_media":32041,"template":"","meta":[],"product_brand":[499],"product_cat":[246],"product_tag":[],"class_list":{"0":"post-32016","1":"product","2":"type-product","3":"status-publish","4":"has-post-thumbnail","6":"product_brand-znacky-versace","7":"product_cat-zeny-penazenky","8":"pa_farba-pink","9":"pa_velkost-uni","11":"first","12":"instock","13":"taxable","14":"shipping-taxable","15":"purchasable","16":"product-type-simple"},"_links":{"self":[{"href":"https:\/\/getlux.sk\/cs\/wp-json\/wp\/v2\/product\/32016","targetHints":{"allow":["GET"]}}],"collection":[{"href":"https:\/\/getlux.sk\/cs\/wp-json\/wp\/v2\/product"}],"about":[{"href":"https:\/\/getlux.sk\/cs\/wp-json\/wp\/v2\/types\/product"}],"wp:featuredmedia":[{"embeddable":true,"href":"https:\/\/getlux.sk\/cs\/wp-json\/wp\/v2\/media\/32041"}],"wp:attachment":[{"href":"https:\/\/getlux.sk\/cs\/wp-json\/wp\/v2\/media?parent=32016"}],"wp:term":[{"taxonomy":"product_brand","embeddable":true,"href":"https:\/\/getlux.sk\/cs\/wp-json\/wp\/v2\/product_brand?post=32016"},{"taxonomy":"product_cat","embeddable":true,"href":"https:\/\/getlux.sk\/cs\/wp-json\/wp\/v2\/product_cat?post=32016"},{"taxonomy":"product_tag","embeddable":true,"href":"https:\/\/getlux.sk\/cs\/wp-json\/wp\/v2\/product_tag?post=32016"}],"curies":[{"name":"wp","href":"https:\/\/api.w.org\/{rel}","templated":true}]}}