{"id":33980,"date":"2026-05-08T08:06:09","date_gmt":"2026-05-08T06:06:09","guid":{"rendered":"https:\/\/getlux.sk\/?post_type=product&#038;p=33980"},"modified":"2026-05-11T05:00:12","modified_gmt":"2026-05-11T03:00:12","slug":"36384042444648trench-parka-in-cotton-fabric-with-allover-chain-print-lining","status":"publish","type":"product","link":"https:\/\/getlux.sk\/cs\/produkt\/36384042444648trench-parka-in-cotton-fabric-with-allover-chain-print-lining\/","title":{"rendered":"36384042444648Trench\/Parka In Cotton Fabric With Allover Chain Print Lining"},"content":{"rendered":"<p><strong>36384042444648Trench\/Parka In Cotton Fabric With Allover Chain Print Lining<\/strong> je luxusn\u00fd produkt zna\u010dky Versace.<\/p>\n<ul>\n<li>Zna\u010dka: Versace<\/li>\n<li>Farba: Sand<\/li>\n<li>Materi\u00e1l: textil<\/li>\n<li>Dostupnos\u0165: skladom pod\u013ea aktu\u00e1lnej ponuky<\/li>\n<\/ul>\n<p>Cena je uveden\u00e1 vr\u00e1tane DPH.<\/p>\n","protected":false},"excerpt":{"rendered":"<p>36384042444648Trench\/Parka In Cotton Fabric With Allover Chain Print Lining \u2013 luxusn\u00fd produkt zna\u010dky Versace. Materi\u00e1l: textil.<\/p>\n","protected":false},"featured_media":34776,"template":"","meta":[],"product_brand":[499],"product_cat":[254],"product_tag":[],"class_list":{"0":"post-33980","1":"product","2":"type-product","3":"status-publish","4":"has-post-thumbnail","6":"product_brand-znacky-versace","7":"product_cat-zeny-kabaty","8":"pa_farba-sand","9":"pa_velkost-59","11":"first","12":"instock","13":"taxable","14":"shipping-taxable","15":"purchasable","16":"product-type-variable"},"_links":{"self":[{"href":"https:\/\/getlux.sk\/cs\/wp-json\/wp\/v2\/product\/33980","targetHints":{"allow":["GET"]}}],"collection":[{"href":"https:\/\/getlux.sk\/cs\/wp-json\/wp\/v2\/product"}],"about":[{"href":"https:\/\/getlux.sk\/cs\/wp-json\/wp\/v2\/types\/product"}],"wp:featuredmedia":[{"embeddable":true,"href":"https:\/\/getlux.sk\/cs\/wp-json\/wp\/v2\/media\/34776"}],"wp:attachment":[{"href":"https:\/\/getlux.sk\/cs\/wp-json\/wp\/v2\/media?parent=33980"}],"wp:term":[{"taxonomy":"product_brand","embeddable":true,"href":"https:\/\/getlux.sk\/cs\/wp-json\/wp\/v2\/product_brand?post=33980"},{"taxonomy":"product_cat","embeddable":true,"href":"https:\/\/getlux.sk\/cs\/wp-json\/wp\/v2\/product_cat?post=33980"},{"taxonomy":"product_tag","embeddable":true,"href":"https:\/\/getlux.sk\/cs\/wp-json\/wp\/v2\/product_tag?post=33980"}],"curies":[{"name":"wp","href":"https:\/\/api.w.org\/{rel}","templated":true}]}}