{"id":4898,"date":"2024-05-22T10:55:14","date_gmt":"2024-05-22T08:55:14","guid":{"rendered":"https:\/\/getlux.sk\/?post_type=product&#038;p=4898"},"modified":"2026-02-09T21:13:44","modified_gmt":"2026-02-09T20:13:44","slug":"gant-kosela","status":"publish","type":"product","link":"https:\/\/getlux.sk\/cs\/produkt\/gant-kosela\/","title":{"rendered":"GANT Ko\u0161e\u013ea"},"content":{"rendered":"<p>GANT Ko\u0161e\u013ea Dlh\u00fd Ruk\u00e1v 7325702487861 green size XL<br \/>\nP\u00e1nska bavlnen\u00e1 ko\u0161e\u013ea rovn\u00e9ho strihu. Pre Gant typick\u00fd button down golier s tromi gomb\u00edkmi, zadn\u00e9 p\u00fatko, z\u00e1mik pre v\u00e4\u010d\u0161\u00ed komfort pri pohybe. Bavlnen\u00e1 tkanina v jemnej twillovej v\u00e4zbe je pevn\u00e1, hrejiv\u00e1 a na dotyk ve\u013emi pr\u00edjemn\u00e1.<br \/>\nStrih\/Druh: REGULARSez\u00f3na<br \/>\nZlo\u017eenie Vrchn\u00fd materi\u00e1l BAVLNA 100 %<\/p>\n","protected":false},"excerpt":{"rendered":"<p>GANT Ko\u0161e\u013ea Dlh\u00fd Ruk\u00e1v 7325702487861 green size XL P\u00e1nska bavlnen\u00e1 ko\u0161e\u013ea rovn\u00e9ho strihu. Pre Gant typick\u00fd button down golier s<\/p>\n","protected":false},"featured_media":4902,"template":"","meta":[],"product_brand":[575],"product_cat":[214,195],"product_tag":[],"class_list":{"0":"post-4898","1":"product","2":"type-product","3":"status-publish","4":"has-post-thumbnail","6":"product_brand-znacky-gant","7":"product_cat-muzi-kosele","8":"product_cat-muzi-oblecenie","9":"pa_farba-green","11":"first","12":"instock","13":"taxable","14":"shipping-taxable","15":"purchasable","16":"product-type-variable"},"_links":{"self":[{"href":"https:\/\/getlux.sk\/cs\/wp-json\/wp\/v2\/product\/4898","targetHints":{"allow":["GET"]}}],"collection":[{"href":"https:\/\/getlux.sk\/cs\/wp-json\/wp\/v2\/product"}],"about":[{"href":"https:\/\/getlux.sk\/cs\/wp-json\/wp\/v2\/types\/product"}],"wp:featuredmedia":[{"embeddable":true,"href":"https:\/\/getlux.sk\/cs\/wp-json\/wp\/v2\/media\/4902"}],"wp:attachment":[{"href":"https:\/\/getlux.sk\/cs\/wp-json\/wp\/v2\/media?parent=4898"}],"wp:term":[{"taxonomy":"product_brand","embeddable":true,"href":"https:\/\/getlux.sk\/cs\/wp-json\/wp\/v2\/product_brand?post=4898"},{"taxonomy":"product_cat","embeddable":true,"href":"https:\/\/getlux.sk\/cs\/wp-json\/wp\/v2\/product_cat?post=4898"},{"taxonomy":"product_tag","embeddable":true,"href":"https:\/\/getlux.sk\/cs\/wp-json\/wp\/v2\/product_tag?post=4898"}],"curies":[{"name":"wp","href":"https:\/\/api.w.org\/{rel}","templated":true}]}}