{"id":12945,"date":"2024-05-01T10:54:19","date_gmt":"2024-05-01T08:54:19","guid":{"rendered":"https:\/\/getlux.sk\/versand-und-zahlung\/"},"modified":"2026-02-27T17:00:18","modified_gmt":"2026-02-27T16:00:18","slug":"versand-und-zahlung","status":"publish","type":"page","link":"https:\/\/getlux.sk\/de\/versand-und-zahlung\/","title":{"rendered":"Versand und Zahlung"},"content":{"rendered":"\t\t<div data-elementor-type=\"wp-page\" data-elementor-id=\"12945\" class=\"elementor elementor-12945 elementor-1959\">\n\t\t\t\t<div class=\"wd-negative-gap elementor-element elementor-element-3079eac e-flex e-con-boxed e-con e-parent\" data-id=\"3079eac\" data-element_type=\"container\" data-e-type=\"container\">\n\t\t\t\t\t<div class=\"e-con-inner\">\n\t\t\t\t<div class=\"elementor-element elementor-element-5410d7e elementor-widget elementor-widget-heading\" data-id=\"5410d7e\" data-element_type=\"widget\" data-e-type=\"widget\" data-widget_type=\"heading.default\">\n\t\t\t\t<div class=\"elementor-widget-container\">\n\t\t\t\t\t<h3 class=\"elementor-heading-title elementor-size-default\">Lieferung<\/h3>\t\t\t\t<\/div>\n\t\t\t\t<\/div>\n\t\t\t\t<div class=\"elementor-element elementor-element-3535511 color-scheme-inherit text-left elementor-widget elementor-widget-text-editor\" data-id=\"3535511\" data-element_type=\"widget\" data-e-type=\"widget\" data-widget_type=\"text-editor.default\">\n\t\t\t\t<div class=\"elementor-widget-container\">\n\t\t\t\t\t\t\t\t\t<p><span style=\"font-weight: 400;\">Alle Bestellungen werden von unserem zuverl\u00e4ssigen Logistikpartner, der Slowakischen Post, versandt. Die Standardlieferzeit betr\u00e4gt 7\u201310 Tage ab Bestelleingang. Nach Versand Ihrer Bestellung erhalten Sie innerhalb eines Tages eine Sendungsnummer und einen Link zur Sendungsverfolgung an die in der Bestellung angegebene E-Mail-Adresse.  <\/span><\/p><p>Die in der Preisliste aufgef\u00fchrten Preise enthalten die Mehrwertsteuer. Sie k\u00f6nnen die bestellten Waren an die von Ihnen angegebene Adresse senden lassen. <\/p><p>Versand per DPD-Kurier \u2013 Bestellungen, die bis 17:00 Uhr eingehen und bezahlt sind, werden am n\u00e4chsten Tag aus unserem Lager versandt. Die Zustellung an Ihre angegebene Adresse innerhalb der Slowakei erfolgt am darauffolgenden Werktag. Die Zustellung erfolgt in der Regel vormittags. Der Kurier kontaktiert Sie vor der Zustellung, und Sie k\u00f6nnen einen individuellen Liefertermin vereinbaren. Alternativ k\u00f6nnen Sie die Ware auch per Nachnahme erhalten und den Betrag bei Erhalt an den Kurier bezahlen. In Zusammenarbeit mit DPD bieten wir auch Lieferungen in die Nachbarl\u00e4nder an.   <\/p><p><strong>Geb\u00fchr: 4,10 \u20ac inklusive MwSt.<\/strong><\/p><p>Versand per Slovak Post &#8211; Wir liefern Ihnen die Ware innerhalb von 7 Tagen.<\/p><p><strong>Geb\u00fchr: 5,60 \u20ac inkl. MwSt.<\/strong> <\/p><p>Bei Erhalt der Sendung ist es wichtig, die Anzahl der Pakete und deren Zustand (Besch\u00e4digungen) sorgf\u00e4ltig zu pr\u00fcfen. Sollten Sie Unstimmigkeiten feststellen, benachrichtigen Sie bitte umgehend den Kurier und vermerken Sie dies im Empfangsbericht (z. B. besch\u00e4digte Verpackung, fehlendes Paket usw.). Sp\u00e4tere Reklamationen werden vom Transportunternehmen nicht anerkannt.  <\/p><p>SMS-Benachrichtigung<br>Bei Ihrer Bestellung ben\u00f6tigen wir Ihre Telefonnummer, um Sie unkompliziert \u00fcber den Lieferstatus Ihrer Sendung informieren zu k\u00f6nnen. Einen Tag vor dem geplanten Liefertermin erh\u00e4lt der Empf\u00e4nger eine SMS mit der Sendungsnummer und, falls per Nachnahme versendet, der H\u00f6he der Nachnahmegeb\u00fchr. Am Liefertag selbst erh\u00e4lt der Empf\u00e4nger eine interaktive SMS mit einem dreist\u00fcndigen Lieferzeitfenster. Sollte Ihnen das Lieferdatum nicht zusagen, k\u00f6nnen Sie es einfach per SMS-Antwort \u00e4ndern.   <\/p><p><strong>Wir versenden Waren \u00fcblicherweise innerhalb von 24-48 Stunden.<\/strong><\/p><p><strong>Die Lieferzeit betr\u00e4gt in der Regel 2-3 Tage, in einigen F\u00e4llen, insbesondere au\u00dferhalb der Slowakei, kann sie l\u00e4nger sein, jedoch maximal 10 Tage. <\/strong><\/p><p>Bei der Bestellung mehrerer Artikel zahlen Sie nur einmal Versandkosten \u2013 diese sind unabh\u00e4ngig von Gewicht und Gr\u00f6\u00dfe des Pakets. Die Verpackung ist kostenlos! <\/p><p><strong>DER PREIS IST INKLUSIVE MEHRWERTSTEUER!<\/strong><\/p><p>KOSTENLOSER VERSAND bei Bestellungen \u00fcber 100 \u20ac!<\/p>\t\t\t\t\t\t\t\t<\/div>\n\t\t\t\t<\/div>\n\t\t\t\t<div class=\"elementor-element elementor-element-60fa998 elementor-widget elementor-widget-heading\" data-id=\"60fa998\" data-element_type=\"widget\" data-e-type=\"widget\" data-widget_type=\"heading.default\">\n\t\t\t\t<div class=\"elementor-widget-container\">\n\t\t\t\t\t<h3 class=\"elementor-heading-title elementor-size-default\">Was passiert, wenn sich die Lieferung verz\u00f6gert?<\/h3>\t\t\t\t<\/div>\n\t\t\t\t<\/div>\n\t\t\t\t<div class=\"elementor-element elementor-element-ef931dd color-scheme-inherit text-left elementor-widget elementor-widget-text-editor\" data-id=\"ef931dd\" data-element_type=\"widget\" data-e-type=\"widget\" data-widget_type=\"text-editor.default\">\n\t\t\t\t<div class=\"elementor-widget-container\">\n\t\t\t\t\t\t\t\t\t<p><span style=\"font-weight: 400;\">Am einfachsten ist es, sich an den Zusteller, die Slowakische Post, zu wenden.<\/span><\/p><ol><li><span style=\"font-weight: 400;\">Kontakt, Slowakische Post: 0850 122 413 <\/span><\/li><li><span style=\"font-weight: 400;\">Sie k\u00f6nnen sich auch an unseren Kundenservice wenden unter <a href=\"tel:+421903990033\">+421 903 990033<\/a> oder verwenden <a href=\"https:\/\/getlux.sk\/kontakt\/?v=41d6ad0761a5\">Kontaktformular<\/a>.<\/span><\/li><\/ol>\t\t\t\t\t\t\t\t<\/div>\n\t\t\t\t<\/div>\n\t\t\t\t<div class=\"elementor-element elementor-element-b8c69bd elementor-widget elementor-widget-heading\" data-id=\"b8c69bd\" data-element_type=\"widget\" data-e-type=\"widget\" data-widget_type=\"heading.default\">\n\t\t\t\t<div class=\"elementor-widget-container\">\n\t\t\t\t\t<h3 class=\"elementor-heading-title elementor-size-default\">Zahlungsoptionen<\/h3>\t\t\t\t<\/div>\n\t\t\t\t<\/div>\n\t\t\t\t<div class=\"elementor-element elementor-element-56ef7be color-scheme-inherit text-left elementor-widget elementor-widget-text-editor\" data-id=\"56ef7be\" data-element_type=\"widget\" data-e-type=\"widget\" data-widget_type=\"text-editor.default\">\n\t\t\t\t<div class=\"elementor-widget-container\">\n\t\t\t\t\t\t\t\t\t<ol><li>Nachnahme (Barzahlung bei Lieferung)<br>Selbstverst\u00e4ndlich k\u00f6nnen Sie auch bar bei Lieferung bezahlen. In diesem Fall f\u00e4llt jedoch eine Geb\u00fchr gem\u00e4\u00df den Tarifen des Versanddienstleisters an. Der maximale Bestellwert f\u00fcr Nachnahme betr\u00e4gt 100 \u20ac.<\/li><li>Die Zahlung per QR-Code (QR-Zahlung oder Pay-by-Square) ist eine moderne Form der direkten \u00dcberweisung auf ein Konto. Scannen Sie nach Abschluss Ihrer Bestellung den QR-Code mit der mobilen App Ihrer Bank. Alle Daten (IBAN, Betrag, variablen Betrag) werden automatisch ausgef\u00fcllt.  <\/li><li>Zahlungskarte (Vorauszahlung)<br>Eine sichere Option ist die Zahlung per Karte. Hierf\u00fcr werden Kartennummer, Ablaufdatum und CVV-Code ben\u00f6tigt. Ihre pers\u00f6nlichen Daten werden \u00fcber das Zahlungsportal \u00fcbertragen, das diese Informationen nicht an uns weitergibt. <\/li><li><b><strong>Online-Zahlung via PayPal<br>PayPal ist heute eines der am weitesten verbreiteten und sichersten Online-Zahlungssysteme im Internet. Genau aufgrund seiner Sicherheit und Vielseitigkeit haben wir uns f\u00fcr PayPal als Zahlungsdienstleister zwischen Ihnen und unserem Online-Shop entschieden. Das System akzeptiert VISA, VISA Electron, Maestro und American Express. Weltweit nutzen \u00fcber 100 Millionen Menschen in 103 L\u00e4ndern die Dienste von PayPal.<\/strong><\/b> <\/li><\/ol>\t\t\t\t\t\t\t\t<\/div>\n\t\t\t\t<\/div>\n\t\t\t\t\t<\/div>\n\t\t\t\t<\/div>\n\t\t\t\t<\/div>\n\t\t","protected":false},"excerpt":{"rendered":"<p>Lieferung Alle Bestellungen werden von unserem zuverl\u00e4ssigen Logistikpartner, der Slowakischen Post, versandt. Die Standardlieferzeit betr\u00e4gt 7\u201310 Tage ab Bestelleingang. Nach<\/p>\n","protected":false},"author":2,"featured_media":0,"parent":0,"menu_order":0,"comment_status":"closed","ping_status":"closed","template":"","meta":{"footnotes":""},"class_list":["post-12945","page","type-page","status-publish","hentry"],"_links":{"self":[{"href":"https:\/\/getlux.sk\/de\/wp-json\/wp\/v2\/pages\/12945","targetHints":{"allow":["GET"]}}],"collection":[{"href":"https:\/\/getlux.sk\/de\/wp-json\/wp\/v2\/pages"}],"about":[{"href":"https:\/\/getlux.sk\/de\/wp-json\/wp\/v2\/types\/page"}],"author":[{"embeddable":true,"href":"https:\/\/getlux.sk\/de\/wp-json\/wp\/v2\/users\/2"}],"replies":[{"embeddable":true,"href":"https:\/\/getlux.sk\/de\/wp-json\/wp\/v2\/comments?post=12945"}],"version-history":[{"count":1,"href":"https:\/\/getlux.sk\/de\/wp-json\/wp\/v2\/pages\/12945\/revisions"}],"predecessor-version":[{"id":12946,"href":"https:\/\/getlux.sk\/de\/wp-json\/wp\/v2\/pages\/12945\/revisions\/12946"}],"wp:attachment":[{"href":"https:\/\/getlux.sk\/de\/wp-json\/wp\/v2\/media?parent=12945"}],"curies":[{"name":"wp","href":"https:\/\/api.w.org\/{rel}","templated":true}]}}