{"id":12966,"date":"2024-05-01T13:08:09","date_gmt":"2024-05-01T11:08:09","guid":{"rendered":"https:\/\/getlux.sk\/ueber-uns\/"},"modified":"2026-03-03T11:42:26","modified_gmt":"2026-03-03T10:42:26","slug":"ueber-uns","status":"publish","type":"page","link":"https:\/\/getlux.sk\/de\/ueber-uns\/","title":{"rendered":"\u00dcber uns"},"content":{"rendered":"\t\t<div data-elementor-type=\"wp-page\" data-elementor-id=\"12966\" class=\"elementor elementor-12966 elementor-2014\">\n\t\t\t\t<div class=\"elementor-element elementor-element-21e0179 e-flex e-con-boxed e-con e-parent\" data-id=\"21e0179\" data-element_type=\"container\" data-e-type=\"container\">\n\t\t\t\t\t<div class=\"e-con-inner\">\n\t\t\t\t<div class=\"elementor-element elementor-element-823be7e elementor-widget elementor-widget-image\" data-id=\"823be7e\" data-element_type=\"widget\" data-e-type=\"widget\" data-widget_type=\"image.default\">\n\t\t\t\t<div class=\"elementor-widget-container\">\n\t\t\t\t\t\t\t\t\t\t\t\t\t\t\t<img loading=\"lazy\" decoding=\"async\" width=\"1536\" height=\"1024\" src=\"https:\/\/getlux.sk\/wp-content\/uploads\/2026\/02\/foto_firma_getlux_1.webp\" class=\"attachment-full size-full wp-image-12965\" alt=\"\" srcset=\"https:\/\/getlux.sk\/wp-content\/uploads\/2026\/02\/foto_firma_getlux_1.webp 1536w, https:\/\/getlux.sk\/wp-content\/uploads\/2026\/02\/foto_firma_getlux_1-300x200.webp 300w, https:\/\/getlux.sk\/wp-content\/uploads\/2026\/02\/foto_firma_getlux_1-1024x683.webp 1024w, https:\/\/getlux.sk\/wp-content\/uploads\/2026\/02\/foto_firma_getlux_1-768x512.webp 768w, https:\/\/getlux.sk\/wp-content\/uploads\/2026\/02\/foto_firma_getlux_1-600x400.webp 600w, https:\/\/getlux.sk\/wp-content\/uploads\/2026\/02\/foto_firma_getlux_1-150x100.webp 150w\" sizes=\"auto, (max-width: 1536px) 100vw, 1536px\" \/>\t\t\t\t\t\t\t\t\t\t\t\t\t\t\t<\/div>\n\t\t\t\t<\/div>\n\t\t\t\t<div class=\"elementor-element elementor-element-4d18db7 color-scheme-inherit text-left elementor-widget elementor-widget-text-editor\" data-id=\"4d18db7\" data-element_type=\"widget\" data-e-type=\"widget\" data-widget_type=\"text-editor.default\">\n\t\t\t\t<div class=\"elementor-widget-container\">\n\t\t\t\t\t\t\t\t\t<p>Die Geschichte von magicsport s.r.o. begann 2015, als das Unternehmen als eines der ersten in der Slowakei Mode renommierter internationaler Hersteller und Marken vertrieb. 2017 etablierte es sich erfolgreich im Online-Handel und konnte mit seinem Vertriebskonzept einen Durchbruch erzielen. Dieses umfasst ein hochwertiges Angebot an Waren und Dienstleistungen zu \u00e4u\u00dferst g\u00fcnstigen Preisen, um potenzielle Kunden in verschiedenen europ\u00e4ischen L\u00e4ndern zu erreichen. Mit unserem ausgefeilten Ansatz im Online-Handel sprechen wir vor allem Kunden an, die Wert auf einen schnellen, sicheren und bequemen Einkauf legen. Beratung und Unterst\u00fctzung durch unsere geschulten Mitarbeiter stehen bei uns an erster Stelle. Ein breites Serviceangebot f\u00fcr unsere Kunden ist selbstverst\u00e4ndlich und ein zus\u00e4tzlicher Vorteil, wie beispielsweise der sofortige Umtausch oder die R\u00fcckgabe von Waren. Unser Unternehmen pflegt einen individuellen Ansatz f\u00fcr jeden Kunden \u2013 von der professionellen Beratung bei der Produktauswahl bis hin zu ma\u00dfgeschneiderten Preisangeboten f\u00fcr VIP-Kunden.       <\/p>\t\t\t\t\t\t\t\t<\/div>\n\t\t\t\t<\/div>\n\t\t\t\t\t<\/div>\n\t\t\t\t<\/div>\n\t\t<div class=\"wd-negative-gap elementor-element elementor-element-68b26b6 e-flex e-con-boxed e-con e-parent\" data-id=\"68b26b6\" data-element_type=\"container\" data-e-type=\"container\">\n\t\t\t\t\t<div class=\"e-con-inner\">\n\t\t<div class=\"elementor-element elementor-element-21dfbcb e-con-full e-flex e-con e-child\" data-id=\"21dfbcb\" data-element_type=\"container\" data-e-type=\"container\">\n\t\t\t\t<div class=\"elementor-element elementor-element-2cb4a0a elementor-widget elementor-widget-heading\" data-id=\"2cb4a0a\" data-element_type=\"widget\" data-e-type=\"widget\" data-widget_type=\"heading.default\">\n\t\t\t\t<div class=\"elementor-widget-container\">\n\t\t\t\t\t<h3 class=\"elementor-heading-title elementor-size-default\">Unsere Philosophie<\/h3>\t\t\t\t<\/div>\n\t\t\t\t<\/div>\n\t\t\t\t<div class=\"elementor-element elementor-element-297f971 color-scheme-inherit text-left elementor-widget elementor-widget-text-editor\" data-id=\"297f971\" data-element_type=\"widget\" data-e-type=\"widget\" data-widget_type=\"text-editor.default\">\n\t\t\t\t<div class=\"elementor-widget-container\">\n\t\t\t\t\t\t\t\t\t<p>Bei Getlux steht der bestm\u00f6gliche Service f\u00fcr unsere Kunden im Mittelpunkt, denn wir wissen: Hinter jedem Erfolg unseres Unternehmens stehen zufriedene Kunden. Sie sind es, die uns zu einem der f\u00fchrenden Anbieter von Markenartikeln machen und uns antreiben, unsere Dienstleistungen stetig zu verbessern. <\/p>\t\t\t\t\t\t\t\t<\/div>\n\t\t\t\t<\/div>\n\t\t\t\t<\/div>\n\t\t<div class=\"elementor-element elementor-element-c808379 e-con-full e-flex e-con e-child\" data-id=\"c808379\" data-element_type=\"container\" data-e-type=\"container\">\n\t\t\t\t<div class=\"elementor-element elementor-element-4a1ece2 elementor-widget elementor-widget-heading\" data-id=\"4a1ece2\" data-element_type=\"widget\" data-e-type=\"widget\" data-widget_type=\"heading.default\">\n\t\t\t\t<div class=\"elementor-widget-container\">\n\t\t\t\t\t<h3 class=\"elementor-heading-title elementor-size-default\">Unser Ziel<\/h3>\t\t\t\t<\/div>\n\t\t\t\t<\/div>\n\t\t\t\t<div class=\"elementor-element elementor-element-15c9c13 color-scheme-inherit text-left elementor-widget elementor-widget-text-editor\" data-id=\"15c9c13\" data-element_type=\"widget\" data-e-type=\"widget\" data-widget_type=\"text-editor.default\">\n\t\t\t\t<div class=\"elementor-widget-container\">\n\t\t\t\t\t\t\t\t\t<p>Unser Ziel ist die Zufriedenheit unserer Kunden. Wir arbeiten stetig daran, unseren Service zu verbessern, unser Sortiment an Produkten f\u00fchrender internationaler Modemarken zu erweitern und Ihnen die bestm\u00f6glichen Preise zu garantieren. \u00dcber Neuigkeiten und Aktionen informieren wir Sie regelm\u00e4\u00dfig per Newsletter und Flyer. Um Sie besser kennenzulernen, kommunizieren wir au\u00dferdem intensiv \u00fcber die sozialen Netzwerke Facebook und Instagram.  <\/p>\t\t\t\t\t\t\t\t<\/div>\n\t\t\t\t<\/div>\n\t\t\t\t<\/div>\n\t\t<div class=\"elementor-element elementor-element-8a2a3b8 e-con-full e-flex e-con e-child\" data-id=\"8a2a3b8\" data-element_type=\"container\" data-e-type=\"container\">\n\t\t\t\t<div class=\"elementor-element elementor-element-7b6340d elementor-widget elementor-widget-heading\" data-id=\"7b6340d\" data-element_type=\"widget\" data-e-type=\"widget\" data-widget_type=\"heading.default\">\n\t\t\t\t<div class=\"elementor-widget-container\">\n\t\t\t\t\t<h3 class=\"elementor-heading-title elementor-size-default\">Unsere Vision<\/h3>\t\t\t\t<\/div>\n\t\t\t\t<\/div>\n\t\t\t\t<div class=\"elementor-element elementor-element-9e4e5b6 color-scheme-inherit text-left elementor-widget elementor-widget-text-editor\" data-id=\"9e4e5b6\" data-element_type=\"widget\" data-e-type=\"widget\" data-widget_type=\"text-editor.default\">\n\t\t\t\t<div class=\"elementor-widget-container\">\n\t\t\t\t\t\t\t\t\t<p>Wir wissen, dass es nicht einfach ist, ein erfolgreiches Unternehmen zu werden. Noch schwieriger ist es jedoch, erfolgreich zu bleiben und sich stetig zu verbessern. Deshalb arbeiten wir kontinuierlich daran, die Marke GETLUX weiter auszubauen, indem wir unser Sortiment erweitern, die g\u00fcnstigsten Preise anbieten und vor allem erstklassigen Service gew\u00e4hrleisten.  <\/p>\t\t\t\t\t\t\t\t<\/div>\n\t\t\t\t<\/div>\n\t\t\t\t<\/div>\n\t\t\t\t\t<\/div>\n\t\t\t\t<\/div>\n\t\t<div class=\"wd-negative-gap elementor-element elementor-element-54bf048 e-flex e-con-boxed e-con e-parent\" data-id=\"54bf048\" data-element_type=\"container\" data-e-type=\"container\">\n\t\t\t\t\t<div class=\"e-con-inner\">\n\t\t<div class=\"elementor-element elementor-element-4ccd7db e-con-full e-flex e-con e-child\" data-id=\"4ccd7db\" data-element_type=\"container\" data-e-type=\"container\">\n\t\t\t\t<div class=\"elementor-element elementor-element-dbe8a74 elementor-widget elementor-widget-wd_text_block\" data-id=\"dbe8a74\" data-element_type=\"widget\" data-e-type=\"widget\" data-widget_type=\"wd_text_block.default\">\n\t\t\t\t<div class=\"elementor-widget-container\">\n\t\t\t\t\t\t\t<div class=\"wd-text-block reset-last-child text-center\">\n\t\t\t\n\t\t\t<h1>\ud83d\udc49 Entdecken Sie unser Angebot \ud83d\udc49<\/h1><p class=\"isSelectedEnd\">Wenn Sie sich f\u00fcr Getlux als den Ort entschieden haben, an dem Sie luxuri\u00f6se Designerkleidung kaufen m\u00f6chten, laden wir Sie ein, unser aktuelles Angebot zu entdecken.<\/p><p>Hier finden Sie sorgf\u00e4ltig ausgew\u00e4hlte Originalprodukte von Premiummarken, die Qualit\u00e4t, Stil und zeitloses Design vereinen.<\/p>\n\t\t\t\t\t<\/div>\n\t\t\t\t\t\t<\/div>\n\t\t\t\t<\/div>\n\t\t\t\t<\/div>\n\t\t<div class=\"wd-negative-gap elementor-element elementor-element-40def28 e-grid e-con-boxed e-con e-child\" data-id=\"40def28\" data-element_type=\"container\" data-e-type=\"container\">\n\t\t\t\t\t<div class=\"e-con-inner\">\n\t\t\t\t<div class=\"elementor-element elementor-element-fe534a6 elementor-align-center elementor-widget elementor-widget-button\" data-id=\"fe534a6\" data-element_type=\"widget\" data-e-type=\"widget\" data-widget_type=\"button.default\">\n\t\t\t\t<div class=\"elementor-widget-container\">\n\t\t\t\t\t\t\t\t\t<div class=\"elementor-button-wrapper\">\n\t\t\t\t\t<a class=\"elementor-button elementor-button-link elementor-size-sm\" href=\"https:\/\/getlux.sk\/de\/shop\/?v=41d6ad0761a5\">\n\t\t\t\t\t\t<span class=\"elementor-button-content-wrapper\">\n\t\t\t\t\t\t\t\t\t<span class=\"elementor-button-text\">Das gesamte Sortiment ansehen<\/span>\n\t\t\t\t\t<\/span>\n\t\t\t\t\t<\/a>\n\t\t\t\t<\/div>\n\t\t\t\t\t\t\t\t<\/div>\n\t\t\t\t<\/div>\n\t\t\t\t<div class=\"elementor-element elementor-element-c8c79c9 elementor-align-center elementor-widget elementor-widget-button\" data-id=\"c8c79c9\" data-element_type=\"widget\" data-e-type=\"widget\" data-widget_type=\"button.default\">\n\t\t\t\t<div class=\"elementor-widget-container\">\n\t\t\t\t\t\t\t\t\t<div class=\"elementor-button-wrapper\">\n\t\t\t\t\t<a class=\"elementor-button elementor-button-link elementor-size-sm\" href=\"https:\/\/getlux.sk\/de\/marken\/?v=41d6ad0761a5\">\n\t\t\t\t\t\t<span class=\"elementor-button-content-wrapper\">\n\t\t\t\t\t\t\t\t\t<span class=\"elementor-button-text\">Marken ansehen<\/span>\n\t\t\t\t\t<\/span>\n\t\t\t\t\t<\/a>\n\t\t\t\t<\/div>\n\t\t\t\t\t\t\t\t<\/div>\n\t\t\t\t<\/div>\n\t\t\t\t<div class=\"elementor-element elementor-element-777d564 elementor-align-center elementor-widget elementor-widget-button\" data-id=\"777d564\" data-element_type=\"widget\" data-e-type=\"widget\" data-widget_type=\"button.default\">\n\t\t\t\t<div class=\"elementor-widget-container\">\n\t\t\t\t\t\t\t\t\t<div class=\"elementor-button-wrapper\">\n\t\t\t\t\t<a class=\"elementor-button elementor-button-link elementor-size-sm\" href=\"https:\/\/getlux.sk\/de\/shop\/?orderby=popularity&#038;v=41d6ad0761a5\">\n\t\t\t\t\t\t<span class=\"elementor-button-content-wrapper\">\n\t\t\t\t\t\t\t\t\t<span class=\"elementor-button-text\">Bestseller<\/span>\n\t\t\t\t\t<\/span>\n\t\t\t\t\t<\/a>\n\t\t\t\t<\/div>\n\t\t\t\t\t\t\t\t<\/div>\n\t\t\t\t<\/div>\n\t\t\t\t\t<\/div>\n\t\t\t\t<\/div>\n\t\t<div class=\"elementor-element elementor-element-b4f2b70 e-con-full e-flex e-con e-child\" data-id=\"b4f2b70\" data-element_type=\"container\" data-e-type=\"container\">\n\t\t\t\t<div class=\"elementor-element elementor-element-ca0ecce elementor-widget elementor-widget-wd_text_block\" data-id=\"ca0ecce\" data-element_type=\"widget\" data-e-type=\"widget\" data-widget_type=\"wd_text_block.default\">\n\t\t\t\t<div class=\"elementor-widget-container\">\n\t\t\t\t\t\t\t<div class=\"wd-text-block reset-last-child text-center\">\n\t\t\t\n\t\t\t<h1>Entscheiden Sie sich f\u00fcr Luxus, der Sinn macht \u2013 mit der Gewissheit von Originalit\u00e4t und einem fairen Ansatz.<\/h1>\n\t\t\t\t\t<\/div>\n\t\t\t\t\t\t<\/div>\n\t\t\t\t<\/div>\n\t\t\t\t<\/div>\n\t\t\t\t<div class=\"elementor-element elementor-element-8b5a932 elementor-widget elementor-widget-wd_text_block\" data-id=\"8b5a932\" data-element_type=\"widget\" data-e-type=\"widget\" data-widget_type=\"wd_text_block.default\">\n\t\t\t\t<div class=\"elementor-widget-container\">\n\t\t\t\t\t\t\t<div class=\"wd-text-block reset-last-child text-left color-scheme-dark\">\n\t\t\t\n\t\t\t\n\t\t\t\t\t<\/div>\n\t\t\t\t\t\t<\/div>\n\t\t\t\t<\/div>\n\t\t\t\t\t<\/div>\n\t\t\t\t<\/div>\n\t\t\t\t<\/div>\n\t\t","protected":false},"excerpt":{"rendered":"<p>Die Geschichte von magicsport s.r.o. begann 2015, als das Unternehmen als eines der ersten in der Slowakei Mode renommierter internationaler<\/p>\n","protected":false},"author":2,"featured_media":0,"parent":0,"menu_order":0,"comment_status":"closed","ping_status":"closed","template":"","meta":{"footnotes":""},"class_list":["post-12966","page","type-page","status-publish","hentry"],"_links":{"self":[{"href":"https:\/\/getlux.sk\/de\/wp-json\/wp\/v2\/pages\/12966","targetHints":{"allow":["GET"]}}],"collection":[{"href":"https:\/\/getlux.sk\/de\/wp-json\/wp\/v2\/pages"}],"about":[{"href":"https:\/\/getlux.sk\/de\/wp-json\/wp\/v2\/types\/page"}],"author":[{"embeddable":true,"href":"https:\/\/getlux.sk\/de\/wp-json\/wp\/v2\/users\/2"}],"replies":[{"embeddable":true,"href":"https:\/\/getlux.sk\/de\/wp-json\/wp\/v2\/comments?post=12966"}],"version-history":[{"count":5,"href":"https:\/\/getlux.sk\/de\/wp-json\/wp\/v2\/pages\/12966\/revisions"}],"predecessor-version":[{"id":28381,"href":"https:\/\/getlux.sk\/de\/wp-json\/wp\/v2\/pages\/12966\/revisions\/28381"}],"wp:attachment":[{"href":"https:\/\/getlux.sk\/de\/wp-json\/wp\/v2\/media?parent=12966"}],"curies":[{"name":"wp","href":"https:\/\/api.w.org\/{rel}","templated":true}]}}