{"id":12997,"date":"2024-05-01T11:23:17","date_gmt":"2024-05-01T09:23:17","guid":{"rendered":"https:\/\/getlux.sk\/marketing-einwilligungen\/"},"modified":"2026-02-27T19:37:04","modified_gmt":"2026-02-27T18:37:04","slug":"marketing-einwilligungen","status":"publish","type":"page","link":"https:\/\/getlux.sk\/de\/marketing-einwilligungen\/","title":{"rendered":"Marketing-Einwilligungen"},"content":{"rendered":"\t\t<div data-elementor-type=\"wp-page\" data-elementor-id=\"12997\" class=\"elementor elementor-12997 elementor-1984\">\n\t\t\t\t<div class=\"wd-negative-gap elementor-element elementor-element-a82e298 e-flex e-con-boxed e-con e-parent\" data-id=\"a82e298\" data-element_type=\"container\" data-e-type=\"container\">\n\t\t\t\t\t<div class=\"e-con-inner\">\n\t\t\t\t<div class=\"elementor-element elementor-element-bad938a elementor-widget elementor-widget-heading\" data-id=\"bad938a\" data-element_type=\"widget\" data-e-type=\"widget\" data-widget_type=\"heading.default\">\n\t\t\t\t<div class=\"elementor-widget-container\">\n\t\t\t\t\t<h3 class=\"elementor-heading-title elementor-size-default\">Einwilligung zur Verarbeitung personenbezogener Daten zu Marketingzwecken<\/h3>\t\t\t\t<\/div>\n\t\t\t\t<\/div>\n\t\t\t\t\t<\/div>\n\t\t\t\t<\/div>\n\t\t<div class=\"wd-negative-gap elementor-element elementor-element-626a793 e-flex e-con-boxed e-con e-parent\" data-id=\"626a793\" data-element_type=\"container\" data-e-type=\"container\">\n\t\t\t\t\t<div class=\"e-con-inner\">\n\t\t\t\t<div class=\"elementor-element elementor-element-bc41fc6 color-scheme-inherit text-left elementor-widget elementor-widget-text-editor\" data-id=\"bc41fc6\" data-element_type=\"widget\" data-e-type=\"widget\" data-widget_type=\"text-editor.default\">\n\t\t\t\t<div class=\"elementor-widget-container\">\n\t\t\t\t\t\t\t\t\t<p>Durch Anklicken des K\u00e4stchens und Absenden des ausgef\u00fcllten Formulars erteilen Sie magicsport s.r.o., Bezru\u010dova 1191\/3, 91101 Tren\u010d\u00edn, Firmen-ID: 48 242 373, eingetragen im Handelsregister der Slowakischen Republik, Abteilung: Sro, Aktenzeichen 34530\/R, Mitbetreiber von getlux.sk, Ihre ausdr\u00fcckliche Einwilligung zur Verarbeitung Ihrer personenbezogenen Daten im vorgesehenen Umfang f\u00fcr Marketingzwecke, einschlie\u00dflich der statistischen Auswertung der Daten f\u00fcr Marketing- und Kommunikationszwecke sowie des Versands von Korrespondenz per E-Mail, SMS oder \u00e4hnlichen Mitteln. Sie k\u00f6nnen Ihre Einwilligung jederzeit widerrufen; andernfalls erlischt sie drei Jahre nach Erteilung. Als betroffene Person haben Sie das Recht auf Auskunft \u00fcber Ihre personenbezogenen Daten, das Recht auf Berichtigung, das Recht auf L\u00f6schung und\/oder Einschr\u00e4nkung der Verarbeitung, das Recht auf Daten\u00fcbertragbarkeit sowie das Recht, sich bei der Aufsichtsbeh\u00f6rde \u2013 dem Amt f\u00fcr den Schutz personenbezogener Daten der Slowakischen Republik \u2013 \u00fcber die Verarbeitung Ihrer personenbezogenen Daten zu beschweren. Weitere Informationen zur Verarbeitung Ihrer personenbezogenen Daten finden Sie auf der Website getlux.sk.    <\/p>\t\t\t\t\t\t\t\t<\/div>\n\t\t\t\t<\/div>\n\t\t\t\t\t<\/div>\n\t\t\t\t<\/div>\n\t\t\t\t<\/div>\n\t\t","protected":false},"excerpt":{"rendered":"<p>Einwilligung zur Verarbeitung personenbezogener Daten zu Marketingzwecken Durch Anklicken des K\u00e4stchens und Absenden des ausgef\u00fcllten Formulars erteilen Sie magicsport s.r.o.,<\/p>\n","protected":false},"author":2,"featured_media":0,"parent":0,"menu_order":0,"comment_status":"closed","ping_status":"closed","template":"","meta":{"footnotes":""},"class_list":["post-12997","page","type-page","status-publish","hentry"],"_links":{"self":[{"href":"https:\/\/getlux.sk\/de\/wp-json\/wp\/v2\/pages\/12997","targetHints":{"allow":["GET"]}}],"collection":[{"href":"https:\/\/getlux.sk\/de\/wp-json\/wp\/v2\/pages"}],"about":[{"href":"https:\/\/getlux.sk\/de\/wp-json\/wp\/v2\/types\/page"}],"author":[{"embeddable":true,"href":"https:\/\/getlux.sk\/de\/wp-json\/wp\/v2\/users\/2"}],"replies":[{"embeddable":true,"href":"https:\/\/getlux.sk\/de\/wp-json\/wp\/v2\/comments?post=12997"}],"version-history":[{"count":1,"href":"https:\/\/getlux.sk\/de\/wp-json\/wp\/v2\/pages\/12997\/revisions"}],"predecessor-version":[{"id":12998,"href":"https:\/\/getlux.sk\/de\/wp-json\/wp\/v2\/pages\/12997\/revisions\/12998"}],"wp:attachment":[{"href":"https:\/\/getlux.sk\/de\/wp-json\/wp\/v2\/media?parent=12997"}],"curies":[{"name":"wp","href":"https:\/\/api.w.org\/{rel}","templated":true}]}}