{"id":28425,"date":"2024-05-06T21:58:52","date_gmt":"2024-05-06T19:58:52","guid":{"rendered":"https:\/\/getlux.sk\/dateien-herunterladen\/"},"modified":"2026-03-03T12:22:18","modified_gmt":"2026-03-03T11:22:18","slug":"dateien-herunterladen","status":"publish","type":"page","link":"https:\/\/getlux.sk\/de\/dateien-herunterladen\/","title":{"rendered":"Dateien herunterladen"},"content":{"rendered":"\t\t<div data-elementor-type=\"wp-page\" data-elementor-id=\"28425\" class=\"elementor elementor-28425 elementor-2420\">\n\t\t\t\t<div class=\"wd-negative-gap elementor-element elementor-element-3b17a72 e-flex e-con-boxed e-con e-parent\" data-id=\"3b17a72\" data-element_type=\"container\" data-e-type=\"container\">\n\t\t\t\t\t<div class=\"e-con-inner\">\n\t\t\t\t<div class=\"elementor-element elementor-element-f676021 elementor-widget elementor-widget-wd_text_block\" data-id=\"f676021\" data-element_type=\"widget\" data-e-type=\"widget\" data-widget_type=\"wd_text_block.default\">\n\t\t\t\t<div class=\"elementor-widget-container\">\n\t\t\t\t\t\t\t<div class=\"wd-text-block reset-last-child text-left\">\n\t\t\t\n\t\t\t<h3 style=\"text-align: left;\"><strong>M\u00d6CHTEN SIE DIE WAREN ZUR\u00dcCKGEBEN, UMTAUSCHEN ODER EINE REKLAMATION EINREICHEN?<\/strong><\/h3><h3 style=\"text-align: left;\">R\u00fccktritt vom Vertrag:<\/h3><p style=\"text-align: left;\">Laden Sie unser Formular herunter, f\u00fcllen Sie es aus, drucken Sie es aus und senden Sie es uns als E-Mail-Anhang zu.<\/p><p style=\"text-align: left;\">Sie k\u00f6nnen diese Datei herunterladen. <strong><a href=\"https:\/\/getlux.sk\/wp-content\/uploads\/2024\/05\/Formular-na-odstupenie-od-zmluvy-getlux.pdf\" target=\"_blank\" rel=\"noopener\">TU<\/a> <\/strong> <\/p><p style=\"text-align: left;\">Dieses Formular dient als Antrag auf R\u00fccktritt vom Vertrag!<\/p><h3 style=\"text-align: left;\">Beschwerdeformular<\/h3><p style=\"text-align: left;\">Dieses Formular dient zur Reklamation besch\u00e4digter Ware, zum Umtausch von Ware oder zum R\u00fccktritt vom Vertrag. Das Umtauschformular wird verwendet.<br>Sie k\u00f6nnen diese Datei herunterladen.: <a href=\"https:\/\/getlux.sk\/wp-content\/uploads\/2024\/05\/vymenny_reklamacny_formular-1.pdf\" target=\"_blank\" rel=\"noopener\"><strong>TU<\/strong><\/a><\/p><ul style=\"text-align: left;\"><li>Die Ware kann innerhalb von 14 Tagen nach Lieferung vollst\u00e4ndig zur\u00fcckgegeben werden, sofern sie sich im Originalzustand befindet.<\/li><li>Waren im Originalzustand k\u00f6nnen innerhalb von 30 Tagen nach Lieferung gegen einen anderen Artikel oder eine andere Gr\u00f6\u00dfe umgetauscht werden.<\/li><li>Bitte versenden Sie die Sendungen per Einschreiben, nicht per Nachnahme.<\/li><li>Bitte legen Sie der Sendung die Originalrechnung oder den Kassenbon bei.<\/li><\/ul><p style=\"text-align: left;\">Gem\u00e4\u00df den Allgemeinen Gesch\u00e4ftsbedingungen haftet der Verk\u00e4ufer nicht f\u00fcr M\u00e4ngel, die insbesondere durch folgende Verwendungszwecke verursacht werden: mechanische Besch\u00e4digung, h\u00f6here Gewalt (Naturkatastrophen, unsachgem\u00e4\u00dfe Handhabung), Nichtbeachtung der Gebrauchsanweisung und \u00fcbliche Verwendung, in besonderen F\u00e4llen, wenn dies auf die Natur der Sache zur\u00fcckzuf\u00fchren ist, auch durch Eingriffe unbefugter Personen, einschlie\u00dflich des Benutzers, oder sonstige unsachgem\u00e4\u00dfe Eingriffe, Verwendung der Ware unter Bedingungen, die nicht der Feuchtigkeit, den chemischen und mechanischen Einfl\u00fcssen der nat\u00fcrlichen Umgebung der Ware entsprechen, Vernachl\u00e4ssigung der Pflege und Wartung der Ware, Besch\u00e4digung der Ware durch \u00dcberlastung, Verwendung der Ware unter Versto\u00df gegen die in der Dokumentation, den allgemeinen Grunds\u00e4tzen, den technischen Normen oder den Sicherheitsvorschriften festgelegten Bedingungen oder sonstige Verst\u00f6\u00dfe gegen die Garantiebedingungen.<\/p>\n\t\t\t\t\t<\/div>\n\t\t\t\t\t\t<\/div>\n\t\t\t\t<\/div>\n\t\t\t\t\t<\/div>\n\t\t\t\t<\/div>\n\t\t\t\t<\/div>\n\t\t","protected":false},"excerpt":{"rendered":"<p>M\u00d6CHTEN SIE DIE WAREN ZUR\u00dcCKGEBEN, UMTAUSCHEN ODER EINE REKLAMATION EINREICHEN? R\u00fccktritt vom Vertrag: Laden Sie unser Formular herunter, f\u00fcllen Sie<\/p>\n","protected":false},"author":1,"featured_media":0,"parent":0,"menu_order":0,"comment_status":"closed","ping_status":"closed","template":"","meta":{"footnotes":""},"class_list":["post-28425","page","type-page","status-publish","hentry"],"_links":{"self":[{"href":"https:\/\/getlux.sk\/de\/wp-json\/wp\/v2\/pages\/28425","targetHints":{"allow":["GET"]}}],"collection":[{"href":"https:\/\/getlux.sk\/de\/wp-json\/wp\/v2\/pages"}],"about":[{"href":"https:\/\/getlux.sk\/de\/wp-json\/wp\/v2\/types\/page"}],"author":[{"embeddable":true,"href":"https:\/\/getlux.sk\/de\/wp-json\/wp\/v2\/users\/1"}],"replies":[{"embeddable":true,"href":"https:\/\/getlux.sk\/de\/wp-json\/wp\/v2\/comments?post=28425"}],"version-history":[{"count":1,"href":"https:\/\/getlux.sk\/de\/wp-json\/wp\/v2\/pages\/28425\/revisions"}],"predecessor-version":[{"id":28426,"href":"https:\/\/getlux.sk\/de\/wp-json\/wp\/v2\/pages\/28425\/revisions\/28426"}],"wp:attachment":[{"href":"https:\/\/getlux.sk\/de\/wp-json\/wp\/v2\/media?parent=28425"}],"curies":[{"name":"wp","href":"https:\/\/api.w.org\/{rel}","templated":true}]}}