{"id":14364,"date":"2026-02-05T11:07:23","date_gmt":"2026-02-05T10:07:23","guid":{"rendered":"https:\/\/getlux.sk\/produkt\/knit-sweater-jacquard-barocco-leafy-viscose-blend\/"},"modified":"2026-02-05T11:07:23","modified_gmt":"2026-02-05T10:07:23","slug":"knit-sweater-jacquard-barocco-leafy-viscose-blend","status":"publish","type":"product","link":"https:\/\/getlux.sk\/de\/produkt\/knit-sweater-jacquard-barocco-leafy-viscose-blend\/","title":{"rendered":"KNIT SWEATER JACQUARD BAROCCO LEAFY VISCOSE BLEND"},"content":{"rendered":"<p>KNIT SWEATER JACQUARD BAROCCO LEAFY VISCOSE BLEND 1021721_1A16099RO_1B000_46 8054034465054<\/p>\n<p>\u2b50\ufe0f\u2b50\ufe0f\u2b50\ufe0f\u2b50\ufe0f\u2b50\ufe0f<br \/>\nZ\u00e1kazn\u00edci GETLUX hodnotia n\u00e1kup v priemere <strong>4,9 \/ 5<\/strong><br \/>\nR\u00fdchle doru\u010denie \u2022 Origin\u00e1lne produkty \u2022 Overen\u00fd e-shop<\/p>\n<p>\ud83d\udee1\ufe0f Nakupujete bez rizika \u2013 ak v\u00e1m produkt nesadne, m\u00f4\u017eete ho vr\u00e1ti\u0165 do 14 dn\u00ed.<\/p>\n<p>\u2714 100 % Origin\u00e1lny produkt \u2013 Garancia originality<br \/>\n\u2714 Tovar skladom \u2013 Okam\u017eit\u00e9 odoslanie<br \/>\n\u2714 Bezpe\u010dn\u00fd n\u00e1kup &#8211; Bezpe\u010dn\u00e1 platba<\/p>\n","protected":false},"excerpt":{"rendered":"<p>KNIT SWEATER JACQUARD BAROCCO LEAFY VISCOSE BLEND 1021721_1A16099RO_1B000_46 8054034465054 \u2b50\ufe0f\u2b50\ufe0f\u2b50\ufe0f\u2b50\ufe0f\u2b50\ufe0f Z\u00e1kazn\u00edci GETLUX hodnotia n\u00e1kup v priemere 4,9 \/ 5 R\u00fdchle<\/p>\n","protected":false},"featured_media":14365,"template":"","meta":[],"product_brand":[],"product_cat":[1081,1121,1216],"product_tag":[],"class_list":{"0":"post-14364","1":"product","2":"type-product","3":"status-publish","4":"has-post-thumbnail","6":"product_cat-frauen","7":"product_cat-frauen-kleidung","8":"product_cat-damen-pullover","10":"first","11":"instock","12":"taxable","13":"shipping-taxable","14":"purchasable","15":"product-type-variable","16":"has-default-attributes"},"_links":{"self":[{"href":"https:\/\/getlux.sk\/de\/wp-json\/wp\/v2\/product\/14364","targetHints":{"allow":["GET"]}}],"collection":[{"href":"https:\/\/getlux.sk\/de\/wp-json\/wp\/v2\/product"}],"about":[{"href":"https:\/\/getlux.sk\/de\/wp-json\/wp\/v2\/types\/product"}],"wp:featuredmedia":[{"embeddable":true,"href":"https:\/\/getlux.sk\/de\/wp-json\/wp\/v2\/media\/14365"}],"wp:attachment":[{"href":"https:\/\/getlux.sk\/de\/wp-json\/wp\/v2\/media?parent=14364"}],"wp:term":[{"taxonomy":"product_brand","embeddable":true,"href":"https:\/\/getlux.sk\/de\/wp-json\/wp\/v2\/product_brand?post=14364"},{"taxonomy":"product_cat","embeddable":true,"href":"https:\/\/getlux.sk\/de\/wp-json\/wp\/v2\/product_cat?post=14364"},{"taxonomy":"product_tag","embeddable":true,"href":"https:\/\/getlux.sk\/de\/wp-json\/wp\/v2\/product_tag?post=14364"}],"curies":[{"name":"wp","href":"https:\/\/api.w.org\/{rel}","templated":true}]}}