{"id":14406,"date":"2026-02-05T10:32:26","date_gmt":"2026-02-05T09:32:26","guid":{"rendered":"https:\/\/getlux.sk\/produkt\/dress-twill-poly-baroque-leafy-allover-print\/"},"modified":"2026-02-05T10:32:26","modified_gmt":"2026-02-05T09:32:26","slug":"dress-twill-poly-baroque-leafy-allover-print","status":"publish","type":"product","link":"https:\/\/getlux.sk\/de\/produkt\/dress-twill-poly-baroque-leafy-allover-print\/","title":{"rendered":"DRESS TWILL POLY BAROQUE LEAFY ALLOVER PRINT"},"content":{"rendered":"<p><span style=\"color: #000000; font-family: Helvetica; font-size: xx-small;\">Versace DRESS TWILL POLY BAROQUE LEAFY ALLOVER PRINT 1019218_1A13934_BG_5B000_42 8054034108340<\/span><\/p>\n<p>\u2b50\ufe0f\u2b50\ufe0f\u2b50\ufe0f\u2b50\ufe0f\u2b50\ufe0f<br \/>\nZ\u00e1kazn\u00edci GETLUX hodnotia n\u00e1kup v priemere <strong>4,9 \/ 5<\/strong><br \/>\nR\u00fdchle doru\u010denie \u2022 Origin\u00e1lne produkty \u2022 Overen\u00fd e-shop<\/p>\n<p>\ud83d\udee1\ufe0f Nakupujete bez rizika \u2013 ak v\u00e1m produkt nesadne, m\u00f4\u017eete ho vr\u00e1ti\u0165 do 14 dn\u00ed.<\/p>\n<p>\u2714 100 % Origin\u00e1lny produkt \u2013 Garancia originality<br \/>\n\u2714 Tovar skladom \u2013 Okam\u017eit\u00e9 odoslanie<br \/>\n\u2714 Bezpe\u010dn\u00fd n\u00e1kup &#8211; Bezpe\u010dn\u00e1 platba<\/p>\n","protected":false},"excerpt":{"rendered":"<p>Versace DRESS TWILL POLY BAROQUE LEAFY ALLOVER PRINT 1019218_1A13934_BG_5B000_42 8054034108340 \u2b50\ufe0f\u2b50\ufe0f\u2b50\ufe0f\u2b50\ufe0f\u2b50\ufe0f Z\u00e1kazn\u00edci GETLUX hodnotia n\u00e1kup v priemere 4,9 \/ 5<\/p>\n","protected":false},"featured_media":14407,"template":"","meta":[],"product_brand":[],"product_cat":[1081,1246,1121],"product_tag":[],"class_list":{"0":"post-14406","1":"product","2":"type-product","3":"status-publish","4":"has-post-thumbnail","6":"product_cat-frauen","7":"product_cat-frauen-kleider","8":"product_cat-frauen-kleidung","10":"first","11":"outofstock","12":"taxable","13":"shipping-taxable","14":"purchasable","15":"product-type-variable","16":"has-default-attributes"},"_links":{"self":[{"href":"https:\/\/getlux.sk\/de\/wp-json\/wp\/v2\/product\/14406","targetHints":{"allow":["GET"]}}],"collection":[{"href":"https:\/\/getlux.sk\/de\/wp-json\/wp\/v2\/product"}],"about":[{"href":"https:\/\/getlux.sk\/de\/wp-json\/wp\/v2\/types\/product"}],"wp:featuredmedia":[{"embeddable":true,"href":"https:\/\/getlux.sk\/de\/wp-json\/wp\/v2\/media\/14407"}],"wp:attachment":[{"href":"https:\/\/getlux.sk\/de\/wp-json\/wp\/v2\/media?parent=14406"}],"wp:term":[{"taxonomy":"product_brand","embeddable":true,"href":"https:\/\/getlux.sk\/de\/wp-json\/wp\/v2\/product_brand?post=14406"},{"taxonomy":"product_cat","embeddable":true,"href":"https:\/\/getlux.sk\/de\/wp-json\/wp\/v2\/product_cat?post=14406"},{"taxonomy":"product_tag","embeddable":true,"href":"https:\/\/getlux.sk\/de\/wp-json\/wp\/v2\/product_tag?post=14406"}],"curies":[{"name":"wp","href":"https:\/\/api.w.org\/{rel}","templated":true}]}}