{"id":18660,"date":"2024-12-13T12:30:51","date_gmt":"2024-12-13T11:30:51","guid":{"rendered":"https:\/\/getlux.sk\/produkt\/8429\/"},"modified":"2024-12-13T12:30:51","modified_gmt":"2024-12-13T11:30:51","slug":"8429","status":"publish","type":"product","link":"https:\/\/getlux.sk\/de\/produkt\/8429\/","title":{"rendered":"VLTN MAL\u00c1 LOC\u00d2 TA\u0160KA NA RAMENO S V\u00dd\u0160IVKOU IKONOGRAFY TOIL"},"content":{"rendered":"<header class=\"MuiPaper-root MuiPaper-elevation MuiPaper-elevation4 MuiAppBar-root MuiAppBar-colorPrimary MuiAppBar-positionFixed mui-fixed css-1y28s5x\">\n<div class=\"MuiToolbar-root MuiToolbar-gutters MuiToolbar-regular css-i6s8oy\">\n<div class=\"MuiBox-root css-362p9a\"><span class=\"MuiTypography-root MuiTypography-body1 css-1f5a3ng\">MAL\u00c1 LOC\u00d2 TA\u0160KA NA RAMENO S V\u00dd\u0160IVKOU IKONOGRAFY TOIL<\/span><\/div>\n<div class=\"MuiBox-root css-362p9a\"><span class=\"MuiTypography-root MuiTypography-body1 css-1f5a3ng\">Mal\u00e1 ta\u0161ka cez rameno Valentino Garavani Loc\u00f2 s v\u00fd\u0161ivkou Toile Iconographe, ko\u017een\u00fdm lemom a kovov\u00fdm detailom VLogo Signature. Tento doplnok je vybaven\u00fd odn\u00edmate\u013en\u00fdm posuvn\u00fdm retiazkov\u00fdm popruhom a odn\u00edmate\u013enou rukov\u00e4\u0165ou a mo\u017eno ho nosi\u0165 ako crossbody\/ta\u0161ku cez rameno alebo ako kabelku.<br \/>\n&#8211; Kovanie v platinovej \u00faprave<br \/>\n&#8211; Magnetick\u00fd uz\u00e1ver s logom<br \/>\n&#8211; Odn\u00edmate\u013en\u00e1 ko\u017een\u00e1 rukov\u00e4\u0165<br \/>\n&#8211; Ramenn\u00fd popruh s odn\u00edmate\u013enou posuvnou retiazkou<br \/>\n&#8211; Pod\u0161\u00edvka z ko\u017ee Nappa. Vn\u00fatro: jedno vrecko<br \/>\nD\u013a\u017eka ramenn\u00e9ho popruhu: 55 cm<br \/>\n&#8211; Rozmery: \u016020 x V11 x H5 cm\u00a0<\/span><\/div>\n<div><\/div>\n<div class=\"MuiBox-root css-362p9a\"><span class=\"MuiTypography-root MuiTypography-body1 css-1f5a3ng\">2W0B0K53IHSK4Q<\/span><\/div>\n<\/div>\n<\/header>\n<div id=\"main\" class=\"css-aa2smf\">\n<div class=\"css-bdjlza\">\n<div class=\"MuiStack-root css-bim9xz\">\n<div class=\"MuiContainer-root MuiContainer-maxWidthSm css-1w7u1s4\">\n<div class=\"MuiBox-root css-nuojrz\">\n<div class=\"sc-iEYVJe hesdiR css-ob5i5z\">\n<div class=\"sc-kUNKMa iODRzH MuiBox-root css-0\"><\/div>\n<\/div>\n<\/div>\n<div class=\"sc-jSUcuW iBvraB css-hsddtg\">\n<div class=\"sc-fbbsWf cLNblI\">\n<div class=\"sc-egTrhS gxEoWt\">\n<div class=\"sc-cSxSEp gqJJZd\">Farba\u00a0:<\/div>\n<\/div>\n<div class=\"sc-FjLsS A-dAUD\">K4Q\u2013ARGENTO\/ROSSO V<\/div>\n<div>\n<header class=\"MuiPaper-root MuiPaper-elevation MuiPaper-elevation4 MuiAppBar-root MuiAppBar-colorPrimary MuiAppBar-positionFixed mui-fixed css-1y28s5x\">\n<div class=\"MuiToolbar-root MuiToolbar-gutters MuiToolbar-regular css-i6s8oy\">\n<div class=\"MuiBox-root css-362p9a\"><span class=\"MuiTypography-root MuiTypography-body1 css-1f5a3ng\">2W0B0K53IHSK4Q<\/span><\/div>\n<\/div>\n<\/header>\n<\/div>\n<\/div>\n<\/div>\n<\/div>\n<\/div>\n<\/div>\n<\/div>\n","protected":false},"excerpt":{"rendered":"<p>MAL\u00c1 LOC\u00d2 TA\u0160KA NA RAMENO S V\u00dd\u0160IVKOU IKONOGRAFY TOIL Mal\u00e1 ta\u0161ka cez rameno Valentino Garavani Loc\u00f2 s v\u00fd\u0161ivkou Toile Iconographe,<\/p>\n","protected":false},"featured_media":18662,"template":"","meta":[],"product_brand":[],"product_cat":[1086,1081,858,814],"product_tag":[],"class_list":{"0":"post-18660","1":"product","2":"type-product","3":"status-publish","4":"has-post-thumbnail","6":"product_cat-damen-accessoires","7":"product_cat-frauen","8":"product_cat-handtaschen","9":"product_cat-zubehor","11":"first","12":"instock","13":"sale","14":"taxable","15":"shipping-taxable","16":"purchasable","17":"product-type-simple"},"_links":{"self":[{"href":"https:\/\/getlux.sk\/de\/wp-json\/wp\/v2\/product\/18660","targetHints":{"allow":["GET"]}}],"collection":[{"href":"https:\/\/getlux.sk\/de\/wp-json\/wp\/v2\/product"}],"about":[{"href":"https:\/\/getlux.sk\/de\/wp-json\/wp\/v2\/types\/product"}],"wp:featuredmedia":[{"embeddable":true,"href":"https:\/\/getlux.sk\/de\/wp-json\/wp\/v2\/media\/18662"}],"wp:attachment":[{"href":"https:\/\/getlux.sk\/de\/wp-json\/wp\/v2\/media?parent=18660"}],"wp:term":[{"taxonomy":"product_brand","embeddable":true,"href":"https:\/\/getlux.sk\/de\/wp-json\/wp\/v2\/product_brand?post=18660"},{"taxonomy":"product_cat","embeddable":true,"href":"https:\/\/getlux.sk\/de\/wp-json\/wp\/v2\/product_cat?post=18660"},{"taxonomy":"product_tag","embeddable":true,"href":"https:\/\/getlux.sk\/de\/wp-json\/wp\/v2\/product_tag?post=18660"}],"curies":[{"name":"wp","href":"https:\/\/api.w.org\/{rel}","templated":true}]}}