{"id":29983,"date":"2026-04-25T18:26:45","date_gmt":"2026-04-25T16:26:45","guid":{"rendered":"https:\/\/getlux.sk\/?post_type=product&#038;p=29983"},"modified":"2026-04-28T10:24:48","modified_gmt":"2026-04-28T08:24:48","slug":"virtus-mini-chain-crossbody-in-printed-python-calf-leather","status":"publish","type":"product","link":"https:\/\/getlux.sk\/de\/produkt\/virtus-mini-chain-crossbody-in-printed-python-calf-leather\/","title":{"rendered":"Virtus Mini Chain Crossbody In Printed Python Calf Leather"},"content":{"rendered":"<p><strong>Virtus Mini Chain Crossbody In Printed Python Calf Leather<\/strong> je luxusn\u00fd produkt zna\u010dky Versace.<\/p>\n<ul>\n<li>Zna\u010dka: Versace<\/li>\n<li>Ve\u013ekos\u0165: Uni<\/li>\n<li>Materi\u00e1l: potla\u010den\u00e1 te\u013eacia ko\u017ea s python efektom, te\u013eacia ko\u017ea<\/li>\n<li>Rozmery: 21 x 7 x 12 cm<\/li>\n<li>Dostupnos\u0165: skladom pod\u013ea aktu\u00e1lnej ponuky<\/li>\n<\/ul>\n<p>Cena je uveden\u00e1 vr\u00e1tane DPH.<\/p>\n","protected":false},"excerpt":{"rendered":"<p>Virtus Mini Chain Crossbody In Printed Python Calf Leather \u2013 luxusn\u00fd produkt zna\u010dky Versace. Materi\u00e1l: potla\u010den\u00e1 te\u013eacia ko\u017ea s python efektom, te\u013eacia ko\u017ea. Rozmery: 21 x 7 x 12 cm.<\/p>\n","protected":false},"featured_media":30805,"template":"","meta":[],"product_brand":[499],"product_cat":[2554],"product_tag":[],"class_list":{"0":"post-29983","1":"product","2":"type-product","3":"status-publish","4":"has-post-thumbnail","6":"product_brand-znacky-versace","7":"product_cat-mini-kabelky","8":"pa_velkost-uni","10":"first","11":"instock","12":"taxable","13":"shipping-taxable","14":"purchasable","15":"product-type-simple"},"_links":{"self":[{"href":"https:\/\/getlux.sk\/de\/wp-json\/wp\/v2\/product\/29983","targetHints":{"allow":["GET"]}}],"collection":[{"href":"https:\/\/getlux.sk\/de\/wp-json\/wp\/v2\/product"}],"about":[{"href":"https:\/\/getlux.sk\/de\/wp-json\/wp\/v2\/types\/product"}],"wp:featuredmedia":[{"embeddable":true,"href":"https:\/\/getlux.sk\/de\/wp-json\/wp\/v2\/media\/30805"}],"wp:attachment":[{"href":"https:\/\/getlux.sk\/de\/wp-json\/wp\/v2\/media?parent=29983"}],"wp:term":[{"taxonomy":"product_brand","embeddable":true,"href":"https:\/\/getlux.sk\/de\/wp-json\/wp\/v2\/product_brand?post=29983"},{"taxonomy":"product_cat","embeddable":true,"href":"https:\/\/getlux.sk\/de\/wp-json\/wp\/v2\/product_cat?post=29983"},{"taxonomy":"product_tag","embeddable":true,"href":"https:\/\/getlux.sk\/de\/wp-json\/wp\/v2\/product_tag?post=29983"}],"curies":[{"name":"wp","href":"https:\/\/api.w.org\/{rel}","templated":true}]}}