{"id":30607,"date":"2026-04-28T00:12:23","date_gmt":"2026-04-27T22:12:23","guid":{"rendered":"https:\/\/getlux.sk\/?post_type=product&#038;p=30607"},"modified":"2026-04-28T10:34:09","modified_gmt":"2026-04-28T08:34:09","slug":"virtus-top-handle-in-calf-leather-printed-python","status":"publish","type":"product","link":"https:\/\/getlux.sk\/de\/produkt\/virtus-top-handle-in-calf-leather-printed-python\/","title":{"rendered":"Virtus Top Handle In Calf Leather-Printed Python"},"content":{"rendered":"<p><strong>Virtus Top Handle In Calf Leather-Printed Python<\/strong> je luxusn\u00fd produkt zna\u010dky Versace.<\/p>\n<ul>\n<li>Zna\u010dka: Versace<\/li>\n<li>Ve\u013ekos\u0165: Uni<\/li>\n<li>Materi\u00e1l: te\u013eacia ko\u017ea<\/li>\n<li>Rozmery: 22 x 10 x 19 cm<\/li>\n<li>Dostupnos\u0165: skladom pod\u013ea aktu\u00e1lnej ponuky<\/li>\n<\/ul>\n<p>Cena je uveden\u00e1 vr\u00e1tane DPH.<\/p>\n","protected":false},"excerpt":{"rendered":"<p>Virtus Top Handle In Calf Leather-Printed Python \u2013 luxusn\u00fd produkt zna\u010dky Versace. Materi\u00e1l: te\u013eacia ko\u017ea. Rozmery: 22 x 10 x 19 cm.<\/p>\n","protected":false},"featured_media":30636,"template":"","meta":[],"product_brand":[499],"product_cat":[2552],"product_tag":[],"class_list":{"0":"post-30607","1":"product","2":"type-product","3":"status-publish","4":"has-post-thumbnail","6":"product_brand-znacky-versace","7":"product_cat-horna-rukovat","8":"pa_velkost-uni","10":"first","11":"instock","12":"taxable","13":"shipping-taxable","14":"purchasable","15":"product-type-simple"},"_links":{"self":[{"href":"https:\/\/getlux.sk\/de\/wp-json\/wp\/v2\/product\/30607","targetHints":{"allow":["GET"]}}],"collection":[{"href":"https:\/\/getlux.sk\/de\/wp-json\/wp\/v2\/product"}],"about":[{"href":"https:\/\/getlux.sk\/de\/wp-json\/wp\/v2\/types\/product"}],"wp:featuredmedia":[{"embeddable":true,"href":"https:\/\/getlux.sk\/de\/wp-json\/wp\/v2\/media\/30636"}],"wp:attachment":[{"href":"https:\/\/getlux.sk\/de\/wp-json\/wp\/v2\/media?parent=30607"}],"wp:term":[{"taxonomy":"product_brand","embeddable":true,"href":"https:\/\/getlux.sk\/de\/wp-json\/wp\/v2\/product_brand?post=30607"},{"taxonomy":"product_cat","embeddable":true,"href":"https:\/\/getlux.sk\/de\/wp-json\/wp\/v2\/product_cat?post=30607"},{"taxonomy":"product_tag","embeddable":true,"href":"https:\/\/getlux.sk\/de\/wp-json\/wp\/v2\/product_tag?post=30607"}],"curies":[{"name":"wp","href":"https:\/\/api.w.org\/{rel}","templated":true}]}}