{"id":31909,"date":"2026-04-29T23:32:29","date_gmt":"2026-04-29T21:32:29","guid":{"rendered":"https:\/\/getlux.sk\/?post_type=product&#038;p=31909"},"modified":"2026-04-29T23:32:29","modified_gmt":"2026-04-29T21:32:29","slug":"odissea-sneaker-in-calf-leather-3","status":"publish","type":"product","link":"https:\/\/getlux.sk\/de\/produkt\/odissea-sneaker-in-calf-leather-3\/","title":{"rendered":"Odissea Sneaker In Calf Leather"},"content":{"rendered":"<p><strong>Odissea Sneaker In Calf Leather<\/strong> je luxusn\u00fd produkt zna\u010dky Versace.<\/p>\n<ul>\n<li>Zna\u010dka: Versace<\/li>\n<li>Ve\u013ekos\u0165: 39, 39.5, 40, 40.5, 41, 41.5, 42, 43, 43.5, 44, 44.5, 45, 45.5, 46, 46.5, 47<\/li>\n<li>Materi\u00e1l: te\u013eacia ko\u017ea<\/li>\n<li>Dostupnos\u0165: skladom pod\u013ea aktu\u00e1lnej ponuky<\/li>\n<\/ul>\n<p>Cena je uveden\u00e1 vr\u00e1tane DPH.<\/p>\n","protected":false},"excerpt":{"rendered":"<p>Odissea Sneaker In Calf Leather \u2013 luxusn\u00fd produkt zna\u010dky Versace. Materi\u00e1l: te\u013eacia ko\u017ea.<\/p>\n","protected":false},"featured_media":32003,"template":"","meta":[],"product_brand":[499],"product_cat":[218],"product_tag":[],"class_list":{"0":"post-31909","1":"product","2":"type-product","3":"status-publish","4":"has-post-thumbnail","6":"product_brand-znacky-versace","7":"product_cat-muzi-tenisky","8":"pa_velkost-63","9":"pa_velkost-39-5","10":"pa_velkost-51","11":"pa_velkost-40-5","12":"pa_velkost-76","13":"pa_velkost-41-5","14":"pa_velkost-48","15":"pa_velkost-74","16":"pa_velkost-43-5","17":"pa_velkost-88","18":"pa_velkost-44-5","19":"pa_velkost-75","20":"pa_velkost-45-5","21":"pa_velkost-59","22":"pa_velkost-46-5","23":"pa_velkost-171","25":"first","26":"instock","27":"taxable","28":"shipping-taxable","29":"purchasable","30":"product-type-variable"},"_links":{"self":[{"href":"https:\/\/getlux.sk\/de\/wp-json\/wp\/v2\/product\/31909","targetHints":{"allow":["GET"]}}],"collection":[{"href":"https:\/\/getlux.sk\/de\/wp-json\/wp\/v2\/product"}],"about":[{"href":"https:\/\/getlux.sk\/de\/wp-json\/wp\/v2\/types\/product"}],"wp:featuredmedia":[{"embeddable":true,"href":"https:\/\/getlux.sk\/de\/wp-json\/wp\/v2\/media\/32003"}],"wp:attachment":[{"href":"https:\/\/getlux.sk\/de\/wp-json\/wp\/v2\/media?parent=31909"}],"wp:term":[{"taxonomy":"product_brand","embeddable":true,"href":"https:\/\/getlux.sk\/de\/wp-json\/wp\/v2\/product_brand?post=31909"},{"taxonomy":"product_cat","embeddable":true,"href":"https:\/\/getlux.sk\/de\/wp-json\/wp\/v2\/product_cat?post=31909"},{"taxonomy":"product_tag","embeddable":true,"href":"https:\/\/getlux.sk\/de\/wp-json\/wp\/v2\/product_tag?post=31909"}],"curies":[{"name":"wp","href":"https:\/\/api.w.org\/{rel}","templated":true}]}}