{"id":32106,"date":"2026-04-30T00:17:27","date_gmt":"2026-04-29T22:17:27","guid":{"rendered":"https:\/\/getlux.sk\/?post_type=product&#038;p=32106"},"modified":"2026-04-30T01:09:25","modified_gmt":"2026-04-29T23:09:25","slug":"35363738394041opera-bow-boots-in-calf-leather","status":"publish","type":"product","link":"https:\/\/getlux.sk\/de\/produkt\/35363738394041opera-bow-boots-in-calf-leather\/","title":{"rendered":"35363738394041Opera Bow Boots In Calf Leather"},"content":{"rendered":"<p><strong>35363738394041Opera Bow Boots In Calf Leather<\/strong> je luxusn\u00fd produkt zna\u010dky Versace.<\/p>\n<ul>\n<li>Zna\u010dka: Versace<\/li>\n<li>Farba: White<\/li>\n<li>Ve\u013ekos\u0165: 35, 36, 37, 38, 39, 40, 41<\/li>\n<li>Materi\u00e1l: te\u013eacia ko\u017ea<\/li>\n<li>Dostupnos\u0165: skladom pod\u013ea aktu\u00e1lnej ponuky<\/li>\n<\/ul>\n<p>Cena je uveden\u00e1 vr\u00e1tane DPH.<\/p>\n","protected":false},"excerpt":{"rendered":"<p>35363738394041Opera Bow Boots In Calf Leather \u2013 luxusn\u00fd produkt zna\u010dky Versace. Materi\u00e1l: te\u013eacia ko\u017ea.<\/p>\n","protected":false},"featured_media":32117,"template":"","meta":[],"product_brand":[499],"product_cat":[118],"product_tag":[],"class_list":{"0":"post-32106","1":"product","2":"type-product","3":"status-publish","4":"has-post-thumbnail","6":"product_brand-znacky-versace","7":"product_cat-zeny-cizmy","8":"pa_farba-white","9":"pa_velkost-159","10":"pa_velkost-67","11":"pa_velkost-68","12":"pa_velkost-69","13":"pa_velkost-63","14":"pa_velkost-51","15":"pa_velkost-76","17":"first","18":"instock","19":"taxable","20":"shipping-taxable","21":"purchasable","22":"product-type-variable"},"_links":{"self":[{"href":"https:\/\/getlux.sk\/de\/wp-json\/wp\/v2\/product\/32106","targetHints":{"allow":["GET"]}}],"collection":[{"href":"https:\/\/getlux.sk\/de\/wp-json\/wp\/v2\/product"}],"about":[{"href":"https:\/\/getlux.sk\/de\/wp-json\/wp\/v2\/types\/product"}],"wp:featuredmedia":[{"embeddable":true,"href":"https:\/\/getlux.sk\/de\/wp-json\/wp\/v2\/media\/32117"}],"wp:attachment":[{"href":"https:\/\/getlux.sk\/de\/wp-json\/wp\/v2\/media?parent=32106"}],"wp:term":[{"taxonomy":"product_brand","embeddable":true,"href":"https:\/\/getlux.sk\/de\/wp-json\/wp\/v2\/product_brand?post=32106"},{"taxonomy":"product_cat","embeddable":true,"href":"https:\/\/getlux.sk\/de\/wp-json\/wp\/v2\/product_cat?post=32106"},{"taxonomy":"product_tag","embeddable":true,"href":"https:\/\/getlux.sk\/de\/wp-json\/wp\/v2\/product_tag?post=32106"}],"curies":[{"name":"wp","href":"https:\/\/api.w.org\/{rel}","templated":true}]}}