{"id":36154,"date":"2026-05-09T17:07:43","date_gmt":"2026-05-09T15:07:43","guid":{"rendered":"https:\/\/getlux.sk\/produkt\/dress-in-techno-piquet-stretch-fabric-poly-details-2\/"},"modified":"2026-05-14T03:14:08","modified_gmt":"2026-05-14T01:14:08","slug":"dress-in-techno-piquet-stretch-fabric-poly-details-2","status":"publish","type":"product","link":"https:\/\/getlux.sk\/de\/produkt\/dress-in-techno-piquet-stretch-fabric-poly-details-2\/","title":{"rendered":"Dress In Techno Piquet Stretch Fabric-Poly Details"},"content":{"rendered":"<p><strong>Dress In Techno Piquet Stretch Fabric-Poly Details<\/strong> je luxusn\u00fd produkt zna\u010dky Versace.<\/p>\n<ul>\n<li>Zna\u010dka: Versace<\/li>\n<li>Farba: Black<\/li>\n<li>Materi\u00e1l: textil<\/li>\n<li>Dostupnos\u0165: skladom pod\u013ea aktu\u00e1lnej ponuky<\/li>\n<\/ul>\n<p>Cena je uveden\u00e1 vr\u00e1tane DPH.<\/p>\n","protected":false},"excerpt":{"rendered":"<p>Dress In Techno Piquet Stretch Fabric-Poly Details \u2013 luxusn\u00fd produkt zna\u010dky Versace. Materi\u00e1l: textil.<\/p>\n","protected":false},"featured_media":36300,"template":"","meta":[],"product_brand":[499],"product_cat":[212],"product_tag":[],"class_list":{"0":"post-36154","1":"product","2":"type-product","3":"status-publish","4":"has-post-thumbnail","6":"product_brand-znacky-versace","7":"product_cat-zeny-saty","8":"pa_farba-black","9":"pa_velkost-67","10":"pa_velkost-48","11":"pa_velkost-88","12":"pa_velkost-59","14":"first","15":"instock","16":"taxable","17":"shipping-taxable","18":"purchasable","19":"product-type-variable"},"_links":{"self":[{"href":"https:\/\/getlux.sk\/de\/wp-json\/wp\/v2\/product\/36154","targetHints":{"allow":["GET"]}}],"collection":[{"href":"https:\/\/getlux.sk\/de\/wp-json\/wp\/v2\/product"}],"about":[{"href":"https:\/\/getlux.sk\/de\/wp-json\/wp\/v2\/types\/product"}],"wp:featuredmedia":[{"embeddable":true,"href":"https:\/\/getlux.sk\/de\/wp-json\/wp\/v2\/media\/36300"}],"wp:attachment":[{"href":"https:\/\/getlux.sk\/de\/wp-json\/wp\/v2\/media?parent=36154"}],"wp:term":[{"taxonomy":"product_brand","embeddable":true,"href":"https:\/\/getlux.sk\/de\/wp-json\/wp\/v2\/product_brand?post=36154"},{"taxonomy":"product_cat","embeddable":true,"href":"https:\/\/getlux.sk\/de\/wp-json\/wp\/v2\/product_cat?post=36154"},{"taxonomy":"product_tag","embeddable":true,"href":"https:\/\/getlux.sk\/de\/wp-json\/wp\/v2\/product_tag?post=36154"}],"curies":[{"name":"wp","href":"https:\/\/api.w.org\/{rel}","templated":true}]}}