{"id":36912,"date":"2026-05-11T17:12:41","date_gmt":"2026-05-11T15:12:41","guid":{"rendered":"https:\/\/getlux.sk\/produkt\/knit-sweater-in-wool-cashmere-medusa-towel-stitch\/"},"modified":"2026-05-11T17:12:41","modified_gmt":"2026-05-11T15:12:41","slug":"knit-sweater-in-wool-cashmere-medusa-towel-stitch","status":"publish","type":"product","link":"https:\/\/getlux.sk\/de\/produkt\/knit-sweater-in-wool-cashmere-medusa-towel-stitch\/","title":{"rendered":"Knit Sweater In Wool Cashmere Medusa Towel Stitch"},"content":{"rendered":"<p><strong>Knit Sweater In Wool Cashmere Medusa Towel Stitch<\/strong> je luxusn\u00fd produkt zna\u010dky Versace.<\/p>\n<ul>\n<li>Zna\u010dka: Versace<\/li>\n<li>Farba: Strawberry Jam<\/li>\n<li>Dostupnos\u0165: skladom pod\u013ea aktu\u00e1lnej ponuky<\/li>\n<\/ul>\n<p>Cena je uveden\u00e1 vr\u00e1tane DPH.<\/p>\n","protected":false},"excerpt":{"rendered":"<p>Knit Sweater In Wool Cashmere Medusa Towel Stitch \u2013 luxusn\u00fd produkt zna\u010dky Versace.<\/p>\n","protected":false},"featured_media":38163,"template":"","meta":[],"product_brand":[499],"product_cat":[249],"product_tag":[],"class_list":{"0":"post-36912","1":"product","2":"type-product","3":"status-publish","4":"has-post-thumbnail","6":"product_brand-znacky-versace","7":"product_cat-muzi-svetre","8":"pa_farba-strawberry-jam","9":"pa_velkost-67","10":"pa_velkost-69","11":"pa_velkost-51","12":"pa_velkost-48","13":"pa_velkost-60","15":"first","16":"instock","17":"taxable","18":"shipping-taxable","19":"purchasable","20":"product-type-variable"},"_links":{"self":[{"href":"https:\/\/getlux.sk\/de\/wp-json\/wp\/v2\/product\/36912","targetHints":{"allow":["GET"]}}],"collection":[{"href":"https:\/\/getlux.sk\/de\/wp-json\/wp\/v2\/product"}],"about":[{"href":"https:\/\/getlux.sk\/de\/wp-json\/wp\/v2\/types\/product"}],"wp:featuredmedia":[{"embeddable":true,"href":"https:\/\/getlux.sk\/de\/wp-json\/wp\/v2\/media\/38163"}],"wp:attachment":[{"href":"https:\/\/getlux.sk\/de\/wp-json\/wp\/v2\/media?parent=36912"}],"wp:term":[{"taxonomy":"product_brand","embeddable":true,"href":"https:\/\/getlux.sk\/de\/wp-json\/wp\/v2\/product_brand?post=36912"},{"taxonomy":"product_cat","embeddable":true,"href":"https:\/\/getlux.sk\/de\/wp-json\/wp\/v2\/product_cat?post=36912"},{"taxonomy":"product_tag","embeddable":true,"href":"https:\/\/getlux.sk\/de\/wp-json\/wp\/v2\/product_tag?post=36912"}],"curies":[{"name":"wp","href":"https:\/\/api.w.org\/{rel}","templated":true}]}}