{"id":37004,"date":"2026-05-11T17:12:39","date_gmt":"2026-05-11T15:12:39","guid":{"rendered":"https:\/\/getlux.sk\/produkt\/sweatshirt-in-sweatshirt-versace-milano-print\/"},"modified":"2026-05-11T17:12:39","modified_gmt":"2026-05-11T15:12:39","slug":"sweatshirt-in-sweatshirt-versace-milano-print","status":"publish","type":"product","link":"https:\/\/getlux.sk\/de\/produkt\/sweatshirt-in-sweatshirt-versace-milano-print\/","title":{"rendered":"Sweatshirt In Sweatshirt Versace Milano Print"},"content":{"rendered":"<p><strong>Sweatshirt In Sweatshirt Versace Milano Print<\/strong> je luxusn\u00fd produkt zna\u010dky Versace.<\/p>\n<ul>\n<li>Zna\u010dka: Versace<\/li>\n<li>Farba: Black-Violet-Yellow<\/li>\n<li>Dostupnos\u0165: skladom pod\u013ea aktu\u00e1lnej ponuky<\/li>\n<\/ul>\n<p>Cena je uveden\u00e1 vr\u00e1tane DPH.<\/p>\n","protected":false},"excerpt":{"rendered":"<p>Sweatshirt In Sweatshirt Versace Milano Print \u2013 luxusn\u00fd produkt zna\u010dky Versace.<\/p>\n","protected":false},"featured_media":38246,"template":"","meta":[],"product_brand":[499],"product_cat":[195],"product_tag":[],"class_list":{"0":"post-37004","1":"product","2":"type-product","3":"status-publish","4":"has-post-thumbnail","6":"product_brand-znacky-versace","7":"product_cat-muzi-oblecenie","8":"pa_farba-black-violet-yellow","9":"pa_velkost-67","10":"pa_velkost-69","11":"pa_velkost-51","12":"pa_velkost-48","13":"pa_velkost-88","14":"pa_velkost-59","15":"pa_velkost-60","17":"first","18":"instock","19":"taxable","20":"shipping-taxable","21":"purchasable","22":"product-type-variable"},"_links":{"self":[{"href":"https:\/\/getlux.sk\/de\/wp-json\/wp\/v2\/product\/37004","targetHints":{"allow":["GET"]}}],"collection":[{"href":"https:\/\/getlux.sk\/de\/wp-json\/wp\/v2\/product"}],"about":[{"href":"https:\/\/getlux.sk\/de\/wp-json\/wp\/v2\/types\/product"}],"wp:featuredmedia":[{"embeddable":true,"href":"https:\/\/getlux.sk\/de\/wp-json\/wp\/v2\/media\/38246"}],"wp:attachment":[{"href":"https:\/\/getlux.sk\/de\/wp-json\/wp\/v2\/media?parent=37004"}],"wp:term":[{"taxonomy":"product_brand","embeddable":true,"href":"https:\/\/getlux.sk\/de\/wp-json\/wp\/v2\/product_brand?post=37004"},{"taxonomy":"product_cat","embeddable":true,"href":"https:\/\/getlux.sk\/de\/wp-json\/wp\/v2\/product_cat?post=37004"},{"taxonomy":"product_tag","embeddable":true,"href":"https:\/\/getlux.sk\/de\/wp-json\/wp\/v2\/product_tag?post=37004"}],"curies":[{"name":"wp","href":"https:\/\/api.w.org\/{rel}","templated":true}]}}