{"id":6065,"date":"2024-07-05T14:36:05","date_gmt":"2024-07-05T12:36:05","guid":{"rendered":"https:\/\/getlux.sk\/?post_type=product&#038;p=6065"},"modified":"2026-03-08T18:29:37","modified_gmt":"2026-03-08T17:29:37","slug":"love-moschino-borsa-denim-roso","status":"publish","type":"product","link":"https:\/\/getlux.sk\/de\/produkt\/love-moschino-borsa-denim-roso\/","title":{"rendered":"Love Moschino Borsa Denim Roso"},"content":{"rendered":"<p><span data-sheets-root=\"1\" data-sheets-value=\"{&quot;1&quot;:2,&quot;2&quot;:&quot;Love Moschino borsa denim roso Love Moschino Borsa Denim, d\u00e1mska kabelka, s potla\u010dou, 13x36x53 centimetrov (\u0160 x V x D) JC4250 red&quot;}\" data-sheets-userformat=\"{&quot;2&quot;:6721,&quot;3&quot;:{&quot;1&quot;:0},&quot;9&quot;:0,&quot;12&quot;:0,&quot;14&quot;:{&quot;1&quot;:3,&quot;3&quot;:1},&quot;15&quot;:&quot;Arial&quot;}\">Love Moschino Borsa Denim Roso, d\u00e1mska kabelka, s potla\u010dou, 13x36x53 centimetrov (\u0160 x V x D) JC4250 red<\/span><\/p>\n","protected":false},"excerpt":{"rendered":"<p>Love Moschino Borsa Denim Roso, d\u00e1mska kabelka, s potla\u010dou, 13x36x53 centimetrov (\u0160 x V x D) JC4250 red<\/p>\n","protected":false},"featured_media":6070,"template":"","meta":[],"product_brand":[582],"product_cat":[25,2551,270,420],"product_tag":[],"class_list":{"0":"post-6065","1":"product","2":"type-product","3":"status-publish","4":"has-post-thumbnail","6":"product_brand-znacky-moschino","7":"product_cat-kabelky","8":"product_cat-tasky","9":"product_cat-vypredaj","10":"product_cat-zeny-vypredaj","11":"pa_farba-red","13":"first","14":"outofstock","15":"taxable","16":"shipping-taxable","17":"purchasable","18":"product-type-simple"},"_links":{"self":[{"href":"https:\/\/getlux.sk\/de\/wp-json\/wp\/v2\/product\/6065","targetHints":{"allow":["GET"]}}],"collection":[{"href":"https:\/\/getlux.sk\/de\/wp-json\/wp\/v2\/product"}],"about":[{"href":"https:\/\/getlux.sk\/de\/wp-json\/wp\/v2\/types\/product"}],"wp:featuredmedia":[{"embeddable":true,"href":"https:\/\/getlux.sk\/de\/wp-json\/wp\/v2\/media\/6070"}],"wp:attachment":[{"href":"https:\/\/getlux.sk\/de\/wp-json\/wp\/v2\/media?parent=6065"}],"wp:term":[{"taxonomy":"product_brand","embeddable":true,"href":"https:\/\/getlux.sk\/de\/wp-json\/wp\/v2\/product_brand?post=6065"},{"taxonomy":"product_cat","embeddable":true,"href":"https:\/\/getlux.sk\/de\/wp-json\/wp\/v2\/product_cat?post=6065"},{"taxonomy":"product_tag","embeddable":true,"href":"https:\/\/getlux.sk\/de\/wp-json\/wp\/v2\/product_tag?post=6065"}],"curies":[{"name":"wp","href":"https:\/\/api.w.org\/{rel}","templated":true}]}}