{"id":8912,"date":"2025-01-24T18:16:58","date_gmt":"2025-01-24T17:16:58","guid":{"rendered":"https:\/\/getlux.sk\/?post_type=product&#038;p=8912"},"modified":"2025-01-24T18:16:58","modified_gmt":"2025-01-24T17:16:58","slug":"de-lafense-mariette","status":"publish","type":"product","link":"https:\/\/getlux.sk\/de\/produkt\/de-lafense-mariette\/","title":{"rendered":"De Lafense Mariette"},"content":{"rendered":"<p class=\"p1\">Ko\u0161ie\u013eka De Lafense Mariette d\u0142uga 968 rami\u0105czko S-2XL 32926809680500400<\/p>\n","protected":false},"excerpt":{"rendered":"<p>Ko\u0161ie\u013eka De Lafense Mariette d\u0142uga 968 rami\u0105czko S-2XL 32926809680500400<\/p>\n","protected":false},"featured_media":8914,"template":"","meta":[],"product_brand":[],"product_cat":[270,420],"product_tag":[],"class_list":{"0":"post-8912","1":"product","2":"type-product","3":"status-publish","4":"has-post-thumbnail","6":"product_cat-vypredaj","7":"product_cat-zeny-vypredaj","9":"first","10":"instock","11":"taxable","12":"shipping-taxable","13":"purchasable","14":"product-type-variable"},"_links":{"self":[{"href":"https:\/\/getlux.sk\/de\/wp-json\/wp\/v2\/product\/8912","targetHints":{"allow":["GET"]}}],"collection":[{"href":"https:\/\/getlux.sk\/de\/wp-json\/wp\/v2\/product"}],"about":[{"href":"https:\/\/getlux.sk\/de\/wp-json\/wp\/v2\/types\/product"}],"wp:featuredmedia":[{"embeddable":true,"href":"https:\/\/getlux.sk\/de\/wp-json\/wp\/v2\/media\/8914"}],"wp:attachment":[{"href":"https:\/\/getlux.sk\/de\/wp-json\/wp\/v2\/media?parent=8912"}],"wp:term":[{"taxonomy":"product_brand","embeddable":true,"href":"https:\/\/getlux.sk\/de\/wp-json\/wp\/v2\/product_brand?post=8912"},{"taxonomy":"product_cat","embeddable":true,"href":"https:\/\/getlux.sk\/de\/wp-json\/wp\/v2\/product_cat?post=8912"},{"taxonomy":"product_tag","embeddable":true,"href":"https:\/\/getlux.sk\/de\/wp-json\/wp\/v2\/product_tag?post=8912"}],"curies":[{"name":"wp","href":"https:\/\/api.w.org\/{rel}","templated":true}]}}