{"id":14421,"date":"2026-02-05T10:28:19","date_gmt":"2026-02-05T09:28:19","guid":{"rendered":"https:\/\/getlux.sk\/produkt\/blouson-denim-denim-fabric-treatments-garment-dyed\/"},"modified":"2026-02-05T10:28:19","modified_gmt":"2026-02-05T09:28:19","slug":"blouson-denim-denim-fabric-treatments-garment-dyed","status":"publish","type":"product","link":"https:\/\/getlux.sk\/en\/produkt\/blouson-denim-denim-fabric-treatments-garment-dyed\/","title":{"rendered":"BLOUSON DENIM DENIM FABRIC TREATMENTS GARMENT DYED"},"content":{"rendered":"<p><span style=\"color: #000000; font-family: Helvetica; font-size: xx-small;\">Versace BLOUSON DENIM DENIM FABRIC TREATMENTS GARMENT DYED 1016242_1A10427IT_1D770_42 8053609365126<\/span><\/p>\n<p>\u2b50\ufe0f\u2b50\ufe0f\u2b50\ufe0f\u2b50\ufe0f\u2b50\ufe0f<br \/>\nZ\u00e1kazn\u00edci GETLUX hodnotia n\u00e1kup v priemere <strong>4,9 \/ 5<\/strong><br \/>\nR\u00fdchle doru\u010denie \u2022 Origin\u00e1lne produkty \u2022 Overen\u00fd e-shop<\/p>\n<p>\ud83d\udee1\ufe0f Nakupujete bez rizika \u2013 ak v\u00e1m produkt nesadne, m\u00f4\u017eete ho vr\u00e1ti\u0165 do 14 dn\u00ed.<\/p>\n<p>\u2714 100 % Origin\u00e1lny produkt \u2013 Garancia originality<br \/>\n\u2714 Tovar skladom \u2013 Okam\u017eit\u00e9 odoslanie<br \/>\n\u2714 Bezpe\u010dn\u00fd n\u00e1kup &#8211; Bezpe\u010dn\u00e1 platba<\/p>\n","protected":false},"excerpt":{"rendered":"<p>Versace BLOUSON DENIM DENIM FABRIC TREATMENTS GARMENT DYED 1016242_1A10427IT_1D770_42 8053609365126 \u2b50\ufe0f\u2b50\ufe0f\u2b50\ufe0f\u2b50\ufe0f\u2b50\ufe0f Z\u00e1kazn\u00edci GETLUX hodnotia n\u00e1kup v priemere 4,9 \/ 5<\/p>\n","protected":false},"featured_media":14422,"template":"","meta":[],"product_brand":[],"product_cat":[1120,1126,1080],"product_tag":[],"class_list":{"0":"post-14421","1":"product","2":"type-product","3":"status-publish","4":"has-post-thumbnail","6":"product_cat-women-clothing","7":"product_cat-women-jackets-transitional","8":"product_cat-women","10":"first","11":"outofstock","12":"taxable","13":"shipping-taxable","14":"purchasable","15":"product-type-variable","16":"has-default-attributes"},"_links":{"self":[{"href":"https:\/\/getlux.sk\/en\/wp-json\/wp\/v2\/product\/14421","targetHints":{"allow":["GET"]}}],"collection":[{"href":"https:\/\/getlux.sk\/en\/wp-json\/wp\/v2\/product"}],"about":[{"href":"https:\/\/getlux.sk\/en\/wp-json\/wp\/v2\/types\/product"}],"wp:featuredmedia":[{"embeddable":true,"href":"https:\/\/getlux.sk\/en\/wp-json\/wp\/v2\/media\/14422"}],"wp:attachment":[{"href":"https:\/\/getlux.sk\/en\/wp-json\/wp\/v2\/media?parent=14421"}],"wp:term":[{"taxonomy":"product_brand","embeddable":true,"href":"https:\/\/getlux.sk\/en\/wp-json\/wp\/v2\/product_brand?post=14421"},{"taxonomy":"product_cat","embeddable":true,"href":"https:\/\/getlux.sk\/en\/wp-json\/wp\/v2\/product_cat?post=14421"},{"taxonomy":"product_tag","embeddable":true,"href":"https:\/\/getlux.sk\/en\/wp-json\/wp\/v2\/product_tag?post=14421"}],"curies":[{"name":"wp","href":"https:\/\/api.w.org\/{rel}","templated":true}]}}