{"id":17109,"date":"2025-04-10T18:12:26","date_gmt":"2025-04-10T16:12:26","guid":{"rendered":"https:\/\/getlux.sk\/produkt\/versace-swim-bikini-lycra-vita-recycled-1008602_a232185_it_1b000\/"},"modified":"2026-03-02T19:40:03","modified_gmt":"2026-03-02T18:40:03","slug":"versace-swim-bikini-lycra-vita-recycled-1008602_a232185_it_1b000","status":"publish","type":"product","link":"https:\/\/getlux.sk\/en\/produkt\/versace-swim-bikini-lycra-vita-recycled-1008602_a232185_it_1b000\/","title":{"rendered":"Versace SWIM BIKINI LYCRA VITA RECYCLED 1008602_A232185_IT_1B000"},"content":{"rendered":"<p>Versace SWIM BIKINI LYCRA VITA RECYCLED 1008602_A232185_IT_1B000<\/p>\n<p data-start=\"0\" data-end=\"70\"><strong data-start=\"0\" data-end=\"70\">Versace SWIM BIKINI LYCRA VITA RECYCLED (1008602_A232185_IT_1B000)<\/strong><\/p>\n<p data-start=\"72\" data-end=\"455\">Dopraj si ikonick\u00fd pl\u00e1\u017eov\u00fd look s bikinkami Versace vyroben\u00fdmi z udr\u017eate\u013en\u00e9ho materi\u00e1lu <strong data-start=\"160\" data-end=\"196\">Lycra\u00ae Vita (recyklovan\u00e9 vl\u00e1kno)<\/strong>. Minimalistick\u00fd strih kr\u00e1sne zv\u00fdrazn\u00ed postavu a v\u010faka pru\u017en\u00e9mu, r\u00fdchloschn\u00facemu materi\u00e1lu sa v nich bude\u0161 c\u00edti\u0165 komfortne pri k\u00fapan\u00ed aj opa\u013eovan\u00ed. Luxusn\u00fd dizajn Versace dod\u00e1 outfitu v\u00fdrazn\u00fd, pr\u00e9miov\u00fd charakter \u2013 ide\u00e1lne na dovolenku, beach club aj k baz\u00e9nu.<\/p>\n<p data-start=\"72\" data-end=\"455\">Luxusn\u00e9 d\u00e1mske bikini Versace z recyklovan\u00e9ho materi\u00e1lu <strong data-start=\"167\" data-end=\"182\">Lycra\u00ae Vita<\/strong>. Pru\u017en\u00e9, r\u00fdchloschn\u00face a pohodln\u00e9 plavky s ikonick\u00fdm \u0161t\u00fdlom na pl\u00e1\u017e aj k baz\u00e9nu.<\/p>\n<p data-start=\"72\" data-end=\"455\">Versace SWIM BIKINI z recyklovanej Lycra\u00ae Vita \u2013 pru\u017en\u00e9, r\u00fdchloschn\u00face a komfortn\u00e9 d\u00e1mske plavky s luxusn\u00fdm dizajnom.<\/p>\n<p data-start=\"72\" data-end=\"455\">Versace bikini z recyklovanej Lycra\u00ae Vita \u2013 r\u00fdchloschn\u00face, elastick\u00e9 a komfortn\u00e9 plavky s luxusn\u00fdm vzh\u013eadom.<\/p>\n<h3 data-start=\"457\" data-end=\"483\">Pre\u010do si ich zamiluje\u0161<\/h3>\n<ul data-start=\"484\" data-end=\"695\">\n<li data-start=\"484\" data-end=\"549\">\n<p data-start=\"486\" data-end=\"549\"><strong data-start=\"486\" data-end=\"522\">Recyklovan\u00fd materi\u00e1l Lycra\u00ae Vita<\/strong> \u2013 pru\u017en\u00fd, pr\u00edjemn\u00fd na telo<\/p>\n<\/li>\n<li data-start=\"550\" data-end=\"607\">\n<p data-start=\"552\" data-end=\"607\"><strong data-start=\"552\" data-end=\"580\">R\u00fdchloschn\u00face prevedenie<\/strong> vhodn\u00e9 do vody aj na slnko<\/p>\n<\/li>\n<li data-start=\"608\" data-end=\"660\">\n<p data-start=\"610\" data-end=\"660\"><strong data-start=\"610\" data-end=\"631\">Komfortn\u00e9 nosenie<\/strong> v\u010faka elastickej kon\u0161trukcii<\/p>\n<\/li>\n<li data-start=\"661\" data-end=\"695\">\n<p data-start=\"663\" data-end=\"695\"><strong data-start=\"663\" data-end=\"695\">Luxusn\u00fd pl\u00e1\u017eov\u00fd \u0161t\u00fdl Versace<\/strong><\/p>\n<\/li>\n<\/ul>\n<h3 data-start=\"697\" data-end=\"717\">Detaily produktu<\/h3>\n<ul data-start=\"718\" data-end=\"880\">\n<li data-start=\"718\" data-end=\"747\">\n<p data-start=\"720\" data-end=\"747\">Typ: d\u00e1mske plavky \u2013 bikini<\/p>\n<\/li>\n<li data-start=\"748\" data-end=\"789\">\n<p data-start=\"750\" data-end=\"789\">Materi\u00e1l: <strong data-start=\"760\" data-end=\"789\">Lycra\u00ae Vita (recyklovan\u00e1)<\/strong><\/p>\n<\/li>\n<li data-start=\"790\" data-end=\"835\">\n<p data-start=\"792\" data-end=\"835\">Farba: <strong data-start=\"799\" data-end=\"808\">1B000<\/strong> (pod\u013ea k\u00f3du farby v\u00fdrobcu)<\/p>\n<\/li>\n<li data-start=\"836\" data-end=\"880\">\n<p data-start=\"838\" data-end=\"880\">K\u00f3d produktu: <strong data-start=\"852\" data-end=\"880\">1008602_A232185_IT_1B000<\/strong><\/p>\n<\/li>\n<\/ul>\n","protected":false},"excerpt":{"rendered":"<p>Versace SWIM BIKINI LYCRA VITA RECYCLED 1008602_A232185_IT_1B000 Versace SWIM BIKINI LYCRA VITA RECYCLED (1008602_A232185_IT_1B000) Dopraj si ikonick\u00fd pl\u00e1\u017eov\u00fd look s<\/p>\n","protected":false},"featured_media":17111,"template":"","meta":[],"product_brand":[],"product_cat":[1187],"product_tag":[],"class_list":{"0":"post-17109","1":"product","2":"type-product","3":"status-publish","4":"has-post-thumbnail","6":"product_cat-women-swimwear","8":"first","9":"instock","10":"sale","11":"taxable","12":"shipping-taxable","13":"purchasable","14":"product-type-variable","15":"has-default-attributes"},"_links":{"self":[{"href":"https:\/\/getlux.sk\/en\/wp-json\/wp\/v2\/product\/17109","targetHints":{"allow":["GET"]}}],"collection":[{"href":"https:\/\/getlux.sk\/en\/wp-json\/wp\/v2\/product"}],"about":[{"href":"https:\/\/getlux.sk\/en\/wp-json\/wp\/v2\/types\/product"}],"wp:featuredmedia":[{"embeddable":true,"href":"https:\/\/getlux.sk\/en\/wp-json\/wp\/v2\/media\/17111"}],"wp:attachment":[{"href":"https:\/\/getlux.sk\/en\/wp-json\/wp\/v2\/media?parent=17109"}],"wp:term":[{"taxonomy":"product_brand","embeddable":true,"href":"https:\/\/getlux.sk\/en\/wp-json\/wp\/v2\/product_brand?post=17109"},{"taxonomy":"product_cat","embeddable":true,"href":"https:\/\/getlux.sk\/en\/wp-json\/wp\/v2\/product_cat?post=17109"},{"taxonomy":"product_tag","embeddable":true,"href":"https:\/\/getlux.sk\/en\/wp-json\/wp\/v2\/product_tag?post=17109"}],"curies":[{"name":"wp","href":"https:\/\/api.w.org\/{rel}","templated":true}]}}