{"id":18673,"date":"2024-12-13T12:02:34","date_gmt":"2024-12-13T11:02:34","guid":{"rendered":"https:\/\/getlux.sk\/produkt\/valentino-garavani-vlogo-signature-kozeny-naramok\/"},"modified":"2024-12-13T12:02:34","modified_gmt":"2024-12-13T11:02:34","slug":"valentino-garavani-vlogo-signature-kozeny-naramok","status":"publish","type":"product","link":"https:\/\/getlux.sk\/en\/produkt\/valentino-garavani-vlogo-signature-kozeny-naramok\/","title":{"rendered":"VALENTINO GARAVANI VLOGO SIGNATURE KO\u017dEN\u00dd N\u00c1RAMOK"},"content":{"rendered":"<header class=\"MuiPaper-root MuiPaper-elevation MuiPaper-elevation4 MuiAppBar-root MuiAppBar-colorPrimary MuiAppBar-positionFixed mui-fixed css-1y28s5x\">\n<div class=\"MuiToolbar-root MuiToolbar-gutters MuiToolbar-regular css-i6s8oy\">\n<div class=\"MuiBox-root css-362p9a\"><span class=\"MuiTypography-root MuiTypography-body1 css-1f5a3ng\">VALENTINO GARAVANI VLOGO SIGNATURE KO\u017dEN\u00dd N\u00c1RAMOK<\/span><\/div>\n<div class=\"MuiBox-root css-362p9a\"><span class=\"MuiTypography-root MuiTypography-body1 css-1f5a3ng\">5W2J0S32FPEYA8<\/span><\/div>\n<div class=\"MuiBox-root css-exz1gl\">Valentino Garavani VLogo Signature nappa n\u00e1ramok<br \/>\n&#8211; Povrchov\u00e1 \u00faprava v zlatej farbe<br \/>\n&#8211; Nastavite\u013en\u00e1 \u0161n\u00farka<br \/>\n&#8211; D\u013a\u017eka: nastavite\u013en\u00e1 od 15 cm \/ 5,9 palcov do 55 cm \/ 21,7 palcov<br \/>\n&#8211; Rozmery loga: vlogo 26,85 x 12,60 mm<br \/>\n&#8211; Vyroben\u00e9 v Taliansku<\/div>\n<\/div>\n<\/header>\n<div id=\"main\" class=\"css-aa2smf\">\n<div class=\"css-bdjlza\">\n<div class=\"MuiStack-root css-bim9xz\">\n<div class=\"MuiContainer-root MuiContainer-maxWidthSm css-1w7u1s4\">\n<div class=\"MuiBox-root css-nuojrz\">\n<div class=\"sc-iEYVJe hesdiR css-ob5i5z\">\n<div class=\"sc-kUNKMa iODRzH MuiBox-root css-0\"><\/div>\n<\/div>\n<\/div>\n<div class=\"sc-jSUcuW iBvraB css-hsddtg\">\n<div class=\"sc-fbbsWf cLNblI\">\n<div class=\"sc-egTrhS gxEoWt\">\n<div class=\"sc-cSxSEp gqJJZd\">Farba\u00a0:<\/div>\n<\/div>\n<div class=\"sc-FjLsS A-dAUD\">YA8-Z\u00c1ZVOROV\u00c1 HNED\u00c1<\/div>\n<\/div>\n<\/div>\n<\/div>\n<\/div>\n<\/div>\n<\/div>\n","protected":false},"excerpt":{"rendered":"<p>VALENTINO GARAVANI VLOGO SIGNATURE KO\u017dEN\u00dd N\u00c1RAMOK 5W2J0S32FPEYA8 Valentino Garavani VLogo Signature nappa n\u00e1ramok &#8211; Povrchov\u00e1 \u00faprava v zlatej farbe &#8211;<\/p>\n","protected":false},"featured_media":18674,"template":"","meta":[],"product_brand":[],"product_cat":[1085,813,847,1080],"product_tag":[],"class_list":{"0":"post-18673","1":"product","2":"type-product","3":"status-publish","4":"has-post-thumbnail","6":"product_cat-women-accessories","7":"product_cat-accessories","8":"product_cat-jewelry","9":"product_cat-women","11":"first","12":"instock","13":"sale","14":"taxable","15":"shipping-taxable","16":"purchasable","17":"product-type-simple"},"_links":{"self":[{"href":"https:\/\/getlux.sk\/en\/wp-json\/wp\/v2\/product\/18673","targetHints":{"allow":["GET"]}}],"collection":[{"href":"https:\/\/getlux.sk\/en\/wp-json\/wp\/v2\/product"}],"about":[{"href":"https:\/\/getlux.sk\/en\/wp-json\/wp\/v2\/types\/product"}],"wp:featuredmedia":[{"embeddable":true,"href":"https:\/\/getlux.sk\/en\/wp-json\/wp\/v2\/media\/18674"}],"wp:attachment":[{"href":"https:\/\/getlux.sk\/en\/wp-json\/wp\/v2\/media?parent=18673"}],"wp:term":[{"taxonomy":"product_brand","embeddable":true,"href":"https:\/\/getlux.sk\/en\/wp-json\/wp\/v2\/product_brand?post=18673"},{"taxonomy":"product_cat","embeddable":true,"href":"https:\/\/getlux.sk\/en\/wp-json\/wp\/v2\/product_cat?post=18673"},{"taxonomy":"product_tag","embeddable":true,"href":"https:\/\/getlux.sk\/en\/wp-json\/wp\/v2\/product_tag?post=18673"}],"curies":[{"name":"wp","href":"https:\/\/api.w.org\/{rel}","templated":true}]}}