{"id":18771,"date":"2024-12-12T08:46:04","date_gmt":"2024-12-12T07:46:04","guid":{"rendered":"https:\/\/getlux.sk\/produkt\/vltn-fill-me-kabelka-z-telacej-koze-3w5b0q53hhuju5\/"},"modified":"2024-12-12T08:46:04","modified_gmt":"2024-12-12T07:46:04","slug":"vltn-fill-me-kabelka-z-telacej-koze-3w5b0q53hhuju5","status":"publish","type":"product","link":"https:\/\/getlux.sk\/en\/produkt\/vltn-fill-me-kabelka-z-telacej-koze-3w5b0q53hhuju5\/","title":{"rendered":"VLTN FILL ME KABELKA Z TELACEJ KO\u017dE 3W5B0Q53HHUJU5"},"content":{"rendered":"<p>Kabelka Valentino Garavani Fill Me z te\u013eacej ko\u017ee s vyrazen\u00fdm prvkom VLogo Cut Out. Ta\u0161ku je mo\u017en\u00e9 nosi\u0165 na ramene \/ kr\u00ed\u017eom cez telo v\u010faka nastavite\u013en\u00e9mu ramenn\u00e9mu popruhu a v ruke v\u010faka rukov\u00e4ti.<br \/>\n&#8211; Staro\u017eitn\u00e1 mosadz<br \/>\n&#8211; Jazyk s magnetick\u00fdm uz\u00e1verom<br \/>\n&#8211; Nastavite\u013en\u00fd a odn\u00edmate\u013en\u00fd ramenn\u00fd popruh<br \/>\n&#8211; Bavlnen\u00e1 pod\u0161\u00edvka. Vn\u00fatro: vrecko na zips<br \/>\n&#8211; Ko\u017een\u00fd vn\u00fatorn\u00fd \u0161t\u00edtok Rouge Pur s logom Valentino Garavani<br \/>\n&#8211; D\u013a\u017eka ramenn\u00e9ho popruhu: 53 cm<br \/>\n&#8211; D\u013a\u017eka rukov\u00e4te: 9 cm<br \/>\n&#8211; Rozmery: \u016032 x V21 x H12 cm<br \/>\n&#8211; Vyroben\u00e9 v Taliansku<\/p>\n<p>3W5B0Q53HHUJU5<\/p>\n<div class=\"sc-egTrhS gxEoWt\">\n<div class=\"sc-cSxSEp gqJJZd\">Farba\u00a0:<\/div>\n<\/div>\n<div class=\"sc-FjLsS A-dAUD\">JU5-ROUGE PUR<\/div>\n<div class=\"MuiBox-root css-nuojrz\">\n<div class=\"sc-iEYVJe hesdiR css-ob5i5z\">\n<div class=\"sc-kUNKMa iODRzH MuiBox-root css-0\"><\/div>\n<p class=\"sc-iqzjZf ljmYEP\">\n<\/div>\n<\/div>\n","protected":false},"excerpt":{"rendered":"<p>Kabelka Valentino Garavani Fill Me z te\u013eacej ko\u017ee s vyrazen\u00fdm prvkom VLogo Cut Out. Ta\u0161ku je mo\u017en\u00e9 nosi\u0165 na ramene<\/p>\n","protected":false},"featured_media":18773,"template":"","meta":[],"product_brand":[],"product_cat":[813,1085,857],"product_tag":[],"class_list":{"0":"post-18771","1":"product","2":"type-product","3":"status-publish","4":"has-post-thumbnail","6":"product_cat-accessories","7":"product_cat-women-accessories","8":"product_cat-handbags","10":"first","11":"instock","12":"sale","13":"taxable","14":"shipping-taxable","15":"purchasable","16":"product-type-simple"},"_links":{"self":[{"href":"https:\/\/getlux.sk\/en\/wp-json\/wp\/v2\/product\/18771","targetHints":{"allow":["GET"]}}],"collection":[{"href":"https:\/\/getlux.sk\/en\/wp-json\/wp\/v2\/product"}],"about":[{"href":"https:\/\/getlux.sk\/en\/wp-json\/wp\/v2\/types\/product"}],"wp:featuredmedia":[{"embeddable":true,"href":"https:\/\/getlux.sk\/en\/wp-json\/wp\/v2\/media\/18773"}],"wp:attachment":[{"href":"https:\/\/getlux.sk\/en\/wp-json\/wp\/v2\/media?parent=18771"}],"wp:term":[{"taxonomy":"product_brand","embeddable":true,"href":"https:\/\/getlux.sk\/en\/wp-json\/wp\/v2\/product_brand?post=18771"},{"taxonomy":"product_cat","embeddable":true,"href":"https:\/\/getlux.sk\/en\/wp-json\/wp\/v2\/product_cat?post=18771"},{"taxonomy":"product_tag","embeddable":true,"href":"https:\/\/getlux.sk\/en\/wp-json\/wp\/v2\/product_tag?post=18771"}],"curies":[{"name":"wp","href":"https:\/\/api.w.org\/{rel}","templated":true}]}}