{"id":19637,"date":"2024-10-12T18:13:57","date_gmt":"2024-10-12T16:13:57","guid":{"rendered":"https:\/\/getlux.sk\/produkt\/topanky-antarctica-maxi\/"},"modified":"2024-10-12T18:13:57","modified_gmt":"2024-10-12T16:13:57","slug":"topanky-antarctica-maxi","status":"publish","type":"product","link":"https:\/\/getlux.sk\/en\/produkt\/topanky-antarctica-maxi\/","title":{"rendered":"Top\u00e1nky Antarctica MAXI"},"content":{"rendered":"<p><span data-sheets-root=\"1\">Top\u00e1nky Antarctica MAXI zimne \u010di\u017emy 394949 Brown 40<\/span><\/p>\n","protected":false},"excerpt":{"rendered":"<p>Top\u00e1nky Antarctica MAXI zimne \u010di\u017emy 394949 Brown 40<\/p>\n","protected":false},"featured_media":19639,"template":"","meta":[],"product_brand":[],"product_cat":[1045,1069],"product_tag":[],"class_list":{"0":"post-19637","1":"product","2":"type-product","3":"status-publish","4":"has-post-thumbnail","6":"product_cat-sale","7":"product_cat-women-sale","9":"first","10":"outofstock","11":"taxable","12":"shipping-taxable","13":"purchasable","14":"product-type-variable","15":"has-default-attributes"},"_links":{"self":[{"href":"https:\/\/getlux.sk\/en\/wp-json\/wp\/v2\/product\/19637","targetHints":{"allow":["GET"]}}],"collection":[{"href":"https:\/\/getlux.sk\/en\/wp-json\/wp\/v2\/product"}],"about":[{"href":"https:\/\/getlux.sk\/en\/wp-json\/wp\/v2\/types\/product"}],"wp:featuredmedia":[{"embeddable":true,"href":"https:\/\/getlux.sk\/en\/wp-json\/wp\/v2\/media\/19639"}],"wp:attachment":[{"href":"https:\/\/getlux.sk\/en\/wp-json\/wp\/v2\/media?parent=19637"}],"wp:term":[{"taxonomy":"product_brand","embeddable":true,"href":"https:\/\/getlux.sk\/en\/wp-json\/wp\/v2\/product_brand?post=19637"},{"taxonomy":"product_cat","embeddable":true,"href":"https:\/\/getlux.sk\/en\/wp-json\/wp\/v2\/product_cat?post=19637"},{"taxonomy":"product_tag","embeddable":true,"href":"https:\/\/getlux.sk\/en\/wp-json\/wp\/v2\/product_tag?post=19637"}],"curies":[{"name":"wp","href":"https:\/\/api.w.org\/{rel}","templated":true}]}}