{"id":27823,"date":"2024-04-29T17:31:34","date_gmt":"2024-04-29T15:31:34","guid":{"rendered":"https:\/\/getlux.sk\/produkt\/fendace-large-shopping\/"},"modified":"2024-04-29T17:31:34","modified_gmt":"2024-04-29T15:31:34","slug":"fendace-large-shopping","status":"publish","type":"product","link":"https:\/\/getlux.sk\/en\/produkt\/fendace-large-shopping\/","title":{"rendered":"Fendace Large shopping"},"content":{"rendered":"<p><span style=\"vertical-align: inherit;\"><span class=\"\" style=\"vertical-align: inherit;\">Fendace Ve\u013ek\u00e1 n\u00e1kupn\u00e1 1006607_1A04582<\/span><\/span><\/p>\n<pre id=\"tw-target-text\" class=\"tw-data-text tw-text-large tw-ta\" dir=\"ltr\" data-placeholder=\"Preklad\" data-ved=\"2ahUKEwiU5cyh_PqBAxXc_rsIHdPoCTUQ3ewLegQIBhAQ\"><span class=\"Y2IQFc\" lang=\"sk\">Fendace ta\u0161ka (Fendi by Versace), limitovan\u00e1 ed\u00edcia. \r\n\u010cierne pl\u00e1tno, vpredu vy\u0161\u00edvan\u00fd n\u00e1pis vo farbe FENDACE, \r\ndvojit\u00e9 r\u00fa\u010dky na nosenie v ruke a pl\u00e1tenn\u00fd popruh na rameno, \r\nktor\u00fd umo\u017e\u0148uje nosenie na ramene. \r\nRozmery: d\u013a\u017eka 47,5 cm, v\u00fd\u0161ka 40 cm, h\u013abka 18,7 cm. \r\nSkvel\u00e9, exkluz\u00edvne, s prachov\u00fdm vreckom.<\/span><\/pre>\n","protected":false},"excerpt":{"rendered":"<p>Fendace Ve\u013ek\u00e1 n\u00e1kupn\u00e1 1006607_1A04582 Fendace ta\u0161ka (Fendi by Versace), limitovan\u00e1 ed\u00edcia. \u010cierne pl\u00e1tno, vpredu vy\u0161\u00edvan\u00fd n\u00e1pis vo farbe FENDACE, dvojit\u00e9<\/p>\n","protected":false},"featured_media":27824,"template":"","meta":[],"product_brand":[],"product_cat":[813,1115,857],"product_tag":[2231],"class_list":{"0":"post-27823","1":"product","2":"type-product","3":"status-publish","4":"has-post-thumbnail","6":"product_cat-accessories","7":"product_cat-women-bags","8":"product_cat-handbags","9":"product_tag-versace","11":"first","12":"outofstock","13":"sale","14":"taxable","15":"shipping-taxable","16":"purchasable","17":"product-type-simple"},"_links":{"self":[{"href":"https:\/\/getlux.sk\/en\/wp-json\/wp\/v2\/product\/27823","targetHints":{"allow":["GET"]}}],"collection":[{"href":"https:\/\/getlux.sk\/en\/wp-json\/wp\/v2\/product"}],"about":[{"href":"https:\/\/getlux.sk\/en\/wp-json\/wp\/v2\/types\/product"}],"wp:featuredmedia":[{"embeddable":true,"href":"https:\/\/getlux.sk\/en\/wp-json\/wp\/v2\/media\/27824"}],"wp:attachment":[{"href":"https:\/\/getlux.sk\/en\/wp-json\/wp\/v2\/media?parent=27823"}],"wp:term":[{"taxonomy":"product_brand","embeddable":true,"href":"https:\/\/getlux.sk\/en\/wp-json\/wp\/v2\/product_brand?post=27823"},{"taxonomy":"product_cat","embeddable":true,"href":"https:\/\/getlux.sk\/en\/wp-json\/wp\/v2\/product_cat?post=27823"},{"taxonomy":"product_tag","embeddable":true,"href":"https:\/\/getlux.sk\/en\/wp-json\/wp\/v2\/product_tag?post=27823"}],"curies":[{"name":"wp","href":"https:\/\/api.w.org\/{rel}","templated":true}]}}