{"id":29672,"date":"2026-03-12T22:46:36","date_gmt":"2026-03-12T21:46:36","guid":{"rendered":"https:\/\/getlux.sk\/?post_type=product&#038;p=29672"},"modified":"2026-03-21T14:40:16","modified_gmt":"2026-03-21T13:40:16","slug":"alexander-mcqueen-813532-1vddm","status":"publish","type":"product","link":"https:\/\/getlux.sk\/en\/produkt\/alexander-mcqueen-813532-1vddm\/","title":{"rendered":"Alexander McQUEEN 813532 1VDDM"},"content":{"rendered":"<p data-start=\"57\" data-end=\"205\">Alexander McQUEEN 813532 1VDDM 1000 T-Bar Sling Shopper Grainy Calf Leather Black\/Silver.<\/p>\n<p data-start=\"207\" data-end=\"619\"><br data-start=\"223\" data-end=\"226\" \/>Luxusn\u00e1 shopper kabelka Alexander McQUEEN T-Bar Sling Shopper v \u010diernom preveden\u00ed je vyroben\u00e1 z jemne zrnitej te\u013eacej ko\u017ee a zaujme \u010distou minimalistickou siluetou s v\u00fdrazn\u00fdm strieborn\u00fdm T-Bar detailom na prednej strane. Elegantn\u00e9 prevedenie, pevn\u00e9 dvojit\u00e9 uch\u00e1 a priestrann\u00fd interi\u00e9r robia z tohto modelu \u0161t\u00fdlov\u00fd a z\u00e1rove\u0148 praktick\u00fd doplnok na ka\u017ed\u00fd de\u0148.<\/p>\n<p data-start=\"621\" data-end=\"1073\"><br data-start=\"644\" data-end=\"647\" \/>Model T-Bar Sling Shopper je navrhnut\u00fd v modernej architektonickej l\u00ednii, typickej pre kolekciu Sling od Alexander McQUEEN. Kabelka m\u00e1 otvoren\u00fd shopper tvar, \u0161irok\u00e9 horn\u00e9 uch\u00e1 na pohodln\u00e9 nosenie na pleci a ikonick\u00e9 kovanie T-Bar v striebornom t\u00f3ne, ktor\u00e9 zv\u00fdraz\u0148uje luxusn\u00fd charakter modelu. Vyhotoven\u00e1 je z grainy calf leather, vn\u00fatro m\u00e1 semi\u0161ov\u00fd vzh\u013ead a model je vyroben\u00fd v Taliansku.<\/p>\n<p data-start=\"1075\" data-end=\"1328\"><strong data-start=\"1075\" data-end=\"1094\">Rozmery kabelky<\/strong><br data-start=\"1094\" data-end=\"1097\" \/>\u0160\u00edrka: <strong data-start=\"1104\" data-end=\"1113\">37 cm<\/strong><br data-start=\"1113\" data-end=\"1116\" \/>V\u00fd\u0161ka: <strong data-start=\"1123\" data-end=\"1132\">32 cm<\/strong><br data-start=\"1132\" data-end=\"1135\" \/>H\u013abka: <strong data-start=\"1142\" data-end=\"1153\">15,5 cm<\/strong><br data-start=\"1153\" data-end=\"1156\" \/>V\u00fd\u0161ka ucha (handle drop): <strong data-start=\"1182\" data-end=\"1191\" data-is-only-node=\"\">25 cm<\/strong>.<\/p>\n<p data-start=\"1330\" data-end=\"1588\"><strong data-start=\"1330\" data-end=\"1348\">Z\u00e1kladn\u00e9 \u00fadaje<\/strong><br data-start=\"1348\" data-end=\"1351\" \/>Farba: Black \/ Silver<br data-start=\"1372\" data-end=\"1375\" \/>Materi\u00e1l: 100 % te\u013eacia ko\u017ea<br data-start=\"1403\" data-end=\"1406\" \/>Pod\u0161\u00edvka: 100 % semi\u0161 \/ suede<br data-start=\"1435\" data-end=\"1438\" \/>Typ: shopper \/ tote bag<br data-start=\"1461\" data-end=\"1464\" \/>Kovanie: strieborn\u00fd t\u00f3n<br data-start=\"1487\" data-end=\"1490\" data-is-only-node=\"\" \/>Krajina v\u00fdroby: Taliansko<br data-start=\"1515\" data-end=\"1518\" \/>K\u00f3d produktu: 813532 1VDDM 1000.<\/p>\n<p data-start=\"1590\" data-end=\"1822\"><strong data-start=\"1590\" data-end=\"1610\">Meta description<\/strong><br data-start=\"1610\" data-end=\"1613\" \/>Alexander McQUEEN T-Bar Sling Shopper 813532 1VDDM 1000 je luxusn\u00e1 \u010dierna shopper kabelka z grainy calf leather so strieborn\u00fdm T-Bar detailom a rozmermi 37 \u00d7 32 \u00d7 15,5 cm.<\/p>\n","protected":false},"excerpt":{"rendered":"<p>Alexander McQUEEN 813532 1VDDM 1000 T-Bar Sling Shopper Grainy Calf Leather Black\/Silver. Luxusn\u00e1 shopper kabelka Alexander McQUEEN T-Bar Sling Shopper<\/p>\n","protected":false},"featured_media":29673,"template":"","meta":[],"product_brand":[2555],"product_cat":[25,2551],"product_tag":[],"class_list":{"0":"post-29672","1":"product","2":"type-product","3":"status-publish","4":"has-post-thumbnail","6":"product_brand-alexander-mcqueen","7":"product_cat-kabelky","8":"product_cat-tasky","10":"first","11":"outofstock","12":"sale","13":"taxable","14":"shipping-taxable","15":"purchasable","16":"product-type-simple"},"_links":{"self":[{"href":"https:\/\/getlux.sk\/en\/wp-json\/wp\/v2\/product\/29672","targetHints":{"allow":["GET"]}}],"collection":[{"href":"https:\/\/getlux.sk\/en\/wp-json\/wp\/v2\/product"}],"about":[{"href":"https:\/\/getlux.sk\/en\/wp-json\/wp\/v2\/types\/product"}],"wp:featuredmedia":[{"embeddable":true,"href":"https:\/\/getlux.sk\/en\/wp-json\/wp\/v2\/media\/29673"}],"wp:attachment":[{"href":"https:\/\/getlux.sk\/en\/wp-json\/wp\/v2\/media?parent=29672"}],"wp:term":[{"taxonomy":"product_brand","embeddable":true,"href":"https:\/\/getlux.sk\/en\/wp-json\/wp\/v2\/product_brand?post=29672"},{"taxonomy":"product_cat","embeddable":true,"href":"https:\/\/getlux.sk\/en\/wp-json\/wp\/v2\/product_cat?post=29672"},{"taxonomy":"product_tag","embeddable":true,"href":"https:\/\/getlux.sk\/en\/wp-json\/wp\/v2\/product_tag?post=29672"}],"curies":[{"name":"wp","href":"https:\/\/api.w.org\/{rel}","templated":true}]}}