{"id":30807,"date":"2026-04-29T11:39:53","date_gmt":"2026-04-29T09:39:53","guid":{"rendered":"https:\/\/getlux.sk\/?post_type=product&#038;p=30807"},"modified":"2026-04-29T11:39:53","modified_gmt":"2026-04-29T09:39:53","slug":"la-medusa-shoulder-bag-in-grainy-calf-leather-2","status":"publish","type":"product","link":"https:\/\/getlux.sk\/en\/produkt\/la-medusa-shoulder-bag-in-grainy-calf-leather-2\/","title":{"rendered":"La Medusa Shoulder Bag In Grainy Calf Leather"},"content":{"rendered":"<p><strong>La Medusa Shoulder Bag In Grainy Calf Leather<\/strong> je luxusn\u00fd produkt zna\u010dky Versace.<\/p>\n<ul>\n<li>Zna\u010dka: Versace<\/li>\n<li>Ve\u013ekos\u0165: Uni<\/li>\n<li>Materi\u00e1l: zrnit\u00e1 te\u013eacia ko\u017ea, te\u013eacia ko\u017ea<\/li>\n<li>Rozmery: 20 x 5 x 15 cm<\/li>\n<li>Dostupnos\u0165: skladom pod\u013ea aktu\u00e1lnej ponuky<\/li>\n<\/ul>\n<p>Cena je uveden\u00e1 vr\u00e1tane DPH.<\/p>\n","protected":false},"excerpt":{"rendered":"<p>La Medusa Shoulder Bag In Grainy Calf Leather \u2013 luxusn\u00fd produkt zna\u010dky Versace. Materi\u00e1l: zrnit\u00e1 te\u013eacia ko\u017ea, te\u013eacia ko\u017ea. Rozmery: 20 x 5 x 15 cm.<\/p>\n","protected":false},"featured_media":31001,"template":"","meta":[],"product_brand":[499],"product_cat":[2553],"product_tag":[],"class_list":{"0":"post-30807","1":"product","2":"type-product","3":"status-publish","4":"has-post-thumbnail","6":"product_brand-znacky-versace","7":"product_cat-ramenne-a-krizove","8":"pa_velkost-uni","10":"first","11":"instock","12":"taxable","13":"shipping-taxable","14":"purchasable","15":"product-type-simple"},"_links":{"self":[{"href":"https:\/\/getlux.sk\/en\/wp-json\/wp\/v2\/product\/30807","targetHints":{"allow":["GET"]}}],"collection":[{"href":"https:\/\/getlux.sk\/en\/wp-json\/wp\/v2\/product"}],"about":[{"href":"https:\/\/getlux.sk\/en\/wp-json\/wp\/v2\/types\/product"}],"wp:featuredmedia":[{"embeddable":true,"href":"https:\/\/getlux.sk\/en\/wp-json\/wp\/v2\/media\/31001"}],"wp:attachment":[{"href":"https:\/\/getlux.sk\/en\/wp-json\/wp\/v2\/media?parent=30807"}],"wp:term":[{"taxonomy":"product_brand","embeddable":true,"href":"https:\/\/getlux.sk\/en\/wp-json\/wp\/v2\/product_brand?post=30807"},{"taxonomy":"product_cat","embeddable":true,"href":"https:\/\/getlux.sk\/en\/wp-json\/wp\/v2\/product_cat?post=30807"},{"taxonomy":"product_tag","embeddable":true,"href":"https:\/\/getlux.sk\/en\/wp-json\/wp\/v2\/product_tag?post=30807"}],"curies":[{"name":"wp","href":"https:\/\/api.w.org\/{rel}","templated":true}]}}