{"id":33559,"date":"2026-05-08T08:07:52","date_gmt":"2026-05-08T06:07:52","guid":{"rendered":"https:\/\/getlux.sk\/?post_type=product&#038;p=33559"},"modified":"2026-05-09T02:28:04","modified_gmt":"2026-05-09T00:28:04","slug":"tribute-flat-in-lamb-leather","status":"publish","type":"product","link":"https:\/\/getlux.sk\/en\/produkt\/tribute-flat-in-lamb-leather\/","title":{"rendered":"Tribute Flat In Lamb Leather"},"content":{"rendered":"<p><strong>Tribute Flat In Lamb Leather<\/strong> je luxusn\u00fd produkt zna\u010dky Versace.<\/p>\n<ul>\n<li>Zna\u010dka: Versace<\/li>\n<li>Farba: Black<\/li>\n<li>Ve\u013ekos\u0165: 35, 35.5, 36, 36.5, 37, 38, 39, 40, 41<\/li>\n<li>Materi\u00e1l: jah\u0148acia ko\u017ea<\/li>\n<li>Dostupnos\u0165: skladom pod\u013ea aktu\u00e1lnej ponuky<\/li>\n<\/ul>\n<p>Cena je uveden\u00e1 vr\u00e1tane DPH.<\/p>\n","protected":false},"excerpt":{"rendered":"<p>Tribute Flat In Lamb Leather \u2013 luxusn\u00fd produkt zna\u010dky Versace. Materi\u00e1l: jah\u0148acia ko\u017ea.<\/p>\n","protected":false},"featured_media":34567,"template":"","meta":[],"product_brand":[499],"product_cat":[252],"product_tag":[],"class_list":{"0":"post-33559","1":"product","2":"type-product","3":"status-publish","4":"has-post-thumbnail","6":"product_brand-znacky-versace","7":"product_cat-zeny-topanky","8":"pa_farba-black","9":"pa_velkost-159","10":"pa_velkost-35-5","11":"pa_velkost-67","12":"pa_velkost-36-5","13":"pa_velkost-68","14":"pa_velkost-69","15":"pa_velkost-63","16":"pa_velkost-51","17":"pa_velkost-76","19":"first","20":"outofstock","21":"taxable","22":"shipping-taxable","23":"purchasable","24":"product-type-variable"},"_links":{"self":[{"href":"https:\/\/getlux.sk\/en\/wp-json\/wp\/v2\/product\/33559","targetHints":{"allow":["GET"]}}],"collection":[{"href":"https:\/\/getlux.sk\/en\/wp-json\/wp\/v2\/product"}],"about":[{"href":"https:\/\/getlux.sk\/en\/wp-json\/wp\/v2\/types\/product"}],"wp:featuredmedia":[{"embeddable":true,"href":"https:\/\/getlux.sk\/en\/wp-json\/wp\/v2\/media\/34567"}],"wp:attachment":[{"href":"https:\/\/getlux.sk\/en\/wp-json\/wp\/v2\/media?parent=33559"}],"wp:term":[{"taxonomy":"product_brand","embeddable":true,"href":"https:\/\/getlux.sk\/en\/wp-json\/wp\/v2\/product_brand?post=33559"},{"taxonomy":"product_cat","embeddable":true,"href":"https:\/\/getlux.sk\/en\/wp-json\/wp\/v2\/product_cat?post=33559"},{"taxonomy":"product_tag","embeddable":true,"href":"https:\/\/getlux.sk\/en\/wp-json\/wp\/v2\/product_tag?post=33559"}],"curies":[{"name":"wp","href":"https:\/\/api.w.org\/{rel}","templated":true}]}}