{"id":34140,"date":"2026-05-08T10:20:39","date_gmt":"2026-05-08T08:20:39","guid":{"rendered":"https:\/\/getlux.sk\/?post_type=product&#038;p=34140"},"modified":"2026-05-08T10:20:39","modified_gmt":"2026-05-08T08:20:39","slug":"medusa-lock-sandal-in-lamb-leather","status":"publish","type":"product","link":"https:\/\/getlux.sk\/en\/produkt\/medusa-lock-sandal-in-lamb-leather\/","title":{"rendered":"Medusa Lock Sandal In Lamb Leather"},"content":{"rendered":"<p><strong>Medusa Lock Sandal In Lamb Leather<\/strong> je luxusn\u00fd produkt zna\u010dky Versace.<\/p>\n<ul>\n<li>Zna\u010dka: Versace<\/li>\n<li>Ve\u013ekos\u0165: 35, 36, 37, 38, 39, 40, 41, 42<\/li>\n<li>Materi\u00e1l: jah\u0148acia ko\u017ea<\/li>\n<li>Dostupnos\u0165: skladom pod\u013ea aktu\u00e1lnej ponuky<\/li>\n<\/ul>\n<p>Cena je uveden\u00e1 vr\u00e1tane DPH.<\/p>\n","protected":false},"excerpt":{"rendered":"<p>Medusa Lock Sandal In Lamb Leather \u2013 luxusn\u00fd produkt zna\u010dky Versace. Materi\u00e1l: jah\u0148acia ko\u017ea.<\/p>\n","protected":false},"featured_media":35056,"template":"","meta":[],"product_brand":[499],"product_cat":[188],"product_tag":[],"class_list":{"0":"post-34140","1":"product","2":"type-product","3":"status-publish","4":"has-post-thumbnail","6":"product_brand-znacky-versace","7":"product_cat-muzi-slapky","8":"pa_farba-black","9":"pa_velkost-159","10":"pa_velkost-67","11":"pa_velkost-68","12":"pa_velkost-69","13":"pa_velkost-63","14":"pa_velkost-51","15":"pa_velkost-76","16":"pa_velkost-48","18":"first","19":"instock","20":"taxable","21":"shipping-taxable","22":"purchasable","23":"product-type-variable"},"_links":{"self":[{"href":"https:\/\/getlux.sk\/en\/wp-json\/wp\/v2\/product\/34140","targetHints":{"allow":["GET"]}}],"collection":[{"href":"https:\/\/getlux.sk\/en\/wp-json\/wp\/v2\/product"}],"about":[{"href":"https:\/\/getlux.sk\/en\/wp-json\/wp\/v2\/types\/product"}],"wp:featuredmedia":[{"embeddable":true,"href":"https:\/\/getlux.sk\/en\/wp-json\/wp\/v2\/media\/35056"}],"wp:attachment":[{"href":"https:\/\/getlux.sk\/en\/wp-json\/wp\/v2\/media?parent=34140"}],"wp:term":[{"taxonomy":"product_brand","embeddable":true,"href":"https:\/\/getlux.sk\/en\/wp-json\/wp\/v2\/product_brand?post=34140"},{"taxonomy":"product_cat","embeddable":true,"href":"https:\/\/getlux.sk\/en\/wp-json\/wp\/v2\/product_cat?post=34140"},{"taxonomy":"product_tag","embeddable":true,"href":"https:\/\/getlux.sk\/en\/wp-json\/wp\/v2\/product_tag?post=34140"}],"curies":[{"name":"wp","href":"https:\/\/api.w.org\/{rel}","templated":true}]}}