{"id":34312,"date":"2026-05-08T23:10:25","date_gmt":"2026-05-08T21:10:25","guid":{"rendered":"https:\/\/getlux.sk\/?post_type=product&#038;p=34312"},"modified":"2026-05-11T13:19:50","modified_gmt":"2026-05-11T11:19:50","slug":"formal-jacket-in-wool-canvas-fabric","status":"publish","type":"product","link":"https:\/\/getlux.sk\/en\/produkt\/formal-jacket-in-wool-canvas-fabric\/","title":{"rendered":"Formal Jacket In Wool Canvas Fabric"},"content":{"rendered":"<p><strong>Formal Jacket In Wool Canvas Fabric<\/strong> je luxusn\u00fd produkt zna\u010dky Versace.<\/p>\n<ul>\n<li>Zna\u010dka: Versace<\/li>\n<li>Farba: Navy<\/li>\n<li>Materi\u00e1l: textil<\/li>\n<li>Dostupnos\u0165: skladom pod\u013ea aktu\u00e1lnej ponuky<\/li>\n<\/ul>\n<p>Cena je uveden\u00e1 vr\u00e1tane DPH.<\/p>\n","protected":false},"excerpt":{"rendered":"<p>Formal Jacket In Wool Canvas Fabric \u2013 luxusn\u00fd produkt zna\u010dky Versace. Materi\u00e1l: textil.<\/p>\n","protected":false},"featured_media":38074,"template":"","meta":[],"product_brand":[499],"product_cat":[2885],"product_tag":[],"class_list":{"0":"post-34312","1":"product","2":"type-product","3":"status-publish","4":"has-post-thumbnail","6":"product_brand-znacky-versace","7":"product_cat-muzi-saka","8":"pa_farba-navy","9":"pa_velkost-60","10":"pa_velkost-61","11":"pa_velkost-122","12":"pa_velkost-101","13":"pa_velkost-102","15":"first","16":"instock","17":"taxable","18":"shipping-taxable","19":"purchasable","20":"product-type-variable"},"_links":{"self":[{"href":"https:\/\/getlux.sk\/en\/wp-json\/wp\/v2\/product\/34312","targetHints":{"allow":["GET"]}}],"collection":[{"href":"https:\/\/getlux.sk\/en\/wp-json\/wp\/v2\/product"}],"about":[{"href":"https:\/\/getlux.sk\/en\/wp-json\/wp\/v2\/types\/product"}],"wp:featuredmedia":[{"embeddable":true,"href":"https:\/\/getlux.sk\/en\/wp-json\/wp\/v2\/media\/38074"}],"wp:attachment":[{"href":"https:\/\/getlux.sk\/en\/wp-json\/wp\/v2\/media?parent=34312"}],"wp:term":[{"taxonomy":"product_brand","embeddable":true,"href":"https:\/\/getlux.sk\/en\/wp-json\/wp\/v2\/product_brand?post=34312"},{"taxonomy":"product_cat","embeddable":true,"href":"https:\/\/getlux.sk\/en\/wp-json\/wp\/v2\/product_cat?post=34312"},{"taxonomy":"product_tag","embeddable":true,"href":"https:\/\/getlux.sk\/en\/wp-json\/wp\/v2\/product_tag?post=34312"}],"curies":[{"name":"wp","href":"https:\/\/api.w.org\/{rel}","templated":true}]}}