{"id":6017,"date":"2024-06-29T14:55:09","date_gmt":"2024-06-29T12:55:09","guid":{"rendered":"https:\/\/getlux.sk\/?post_type=product&#038;p=6017"},"modified":"2026-02-09T21:52:18","modified_gmt":"2026-02-09T20:52:18","slug":"6017","status":"publish","type":"product","link":"https:\/\/getlux.sk\/en\/produkt\/6017\/","title":{"rendered":"Just Cavalli Tri\u010dko"},"content":{"rendered":"<p><span data-sheets-root=\"1\" data-sheets-value=\"{&quot;1&quot;:2,&quot;2&quot;:&quot;JUST CAVALLI Tri\u010dko Kr\u00e1tky Ruk\u00e1v SFS01GC0499_307&quot;}\" data-sheets-userformat=\"{&quot;2&quot;:6721,&quot;3&quot;:{&quot;1&quot;:0},&quot;9&quot;:0,&quot;12&quot;:0,&quot;14&quot;:{&quot;1&quot;:3,&quot;3&quot;:1},&quot;15&quot;:&quot;Arial&quot;}\">JUST CAVALLI Tri\u010dko Kr\u00e1tky Ruk\u00e1v SFS01GC0499_307_ 8052781436945<\/span><\/p>\n","protected":false},"excerpt":{"rendered":"<p>JUST CAVALLI Tri\u010dko Kr\u00e1tky Ruk\u00e1v SFS01GC0499_307_ 8052781436945<\/p>\n","protected":false},"featured_media":6020,"template":"","meta":[],"product_brand":[509,558],"product_cat":[270,421],"product_tag":[],"class_list":{"0":"post-6017","1":"product","2":"type-product","3":"status-publish","4":"has-post-thumbnail","6":"product_brand-znacky-cavalli","7":"product_brand-znacky-just-cavalli","8":"product_cat-vypredaj","9":"product_cat-muzi-vypredaj","10":"pa_farba-red","12":"first","13":"instock","14":"taxable","15":"shipping-taxable","16":"purchasable","17":"product-type-variable"},"_links":{"self":[{"href":"https:\/\/getlux.sk\/en\/wp-json\/wp\/v2\/product\/6017","targetHints":{"allow":["GET"]}}],"collection":[{"href":"https:\/\/getlux.sk\/en\/wp-json\/wp\/v2\/product"}],"about":[{"href":"https:\/\/getlux.sk\/en\/wp-json\/wp\/v2\/types\/product"}],"wp:featuredmedia":[{"embeddable":true,"href":"https:\/\/getlux.sk\/en\/wp-json\/wp\/v2\/media\/6020"}],"wp:attachment":[{"href":"https:\/\/getlux.sk\/en\/wp-json\/wp\/v2\/media?parent=6017"}],"wp:term":[{"taxonomy":"product_brand","embeddable":true,"href":"https:\/\/getlux.sk\/en\/wp-json\/wp\/v2\/product_brand?post=6017"},{"taxonomy":"product_cat","embeddable":true,"href":"https:\/\/getlux.sk\/en\/wp-json\/wp\/v2\/product_cat?post=6017"},{"taxonomy":"product_tag","embeddable":true,"href":"https:\/\/getlux.sk\/en\/wp-json\/wp\/v2\/product_tag?post=6017"}],"curies":[{"name":"wp","href":"https:\/\/api.w.org\/{rel}","templated":true}]}}