{"id":6022,"date":"2024-06-29T15:14:13","date_gmt":"2024-06-29T13:14:13","guid":{"rendered":"https:\/\/getlux.sk\/?post_type=product&#038;p=6022"},"modified":"2026-02-09T21:26:17","modified_gmt":"2026-02-09T20:26:17","slug":"gas-tricko","status":"publish","type":"product","link":"https:\/\/getlux.sk\/en\/produkt\/gas-tricko\/","title":{"rendered":"GAS Tri\u010dko"},"content":{"rendered":"<p><span data-sheets-root=\"1\" data-sheets-value=\"{&quot;1&quot;:2,&quot;2&quot;:&quot;GAS Tri\u010dko Kr\u00e1tky Ruk\u00e1v 8056775408895_2XL_&quot;}\" data-sheets-userformat=\"{&quot;2&quot;:6657,&quot;3&quot;:{&quot;1&quot;:0},&quot;12&quot;:0,&quot;14&quot;:{&quot;1&quot;:3,&quot;3&quot;:1},&quot;15&quot;:&quot;Arial&quot;}\">GAS Tri\u010dko Kr\u00e1tky Ruk\u00e1v 8056775408895_2XL_XX<\/span><\/p>\n","protected":false},"excerpt":{"rendered":"<p>GAS Tri\u010dko Kr\u00e1tky Ruk\u00e1v 8056775408895_2XL_XX<\/p>\n","protected":false},"featured_media":6024,"template":"","meta":[],"product_brand":[554],"product_cat":[270,421],"product_tag":[],"class_list":{"0":"post-6022","1":"product","2":"type-product","3":"status-publish","4":"has-post-thumbnail","6":"product_brand-znacky-gas","7":"product_cat-vypredaj","8":"product_cat-muzi-vypredaj","9":"pa_farba-black","11":"first","12":"instock","13":"taxable","14":"shipping-taxable","15":"purchasable","16":"product-type-variable","17":"has-default-attributes"},"_links":{"self":[{"href":"https:\/\/getlux.sk\/en\/wp-json\/wp\/v2\/product\/6022","targetHints":{"allow":["GET"]}}],"collection":[{"href":"https:\/\/getlux.sk\/en\/wp-json\/wp\/v2\/product"}],"about":[{"href":"https:\/\/getlux.sk\/en\/wp-json\/wp\/v2\/types\/product"}],"wp:featuredmedia":[{"embeddable":true,"href":"https:\/\/getlux.sk\/en\/wp-json\/wp\/v2\/media\/6024"}],"wp:attachment":[{"href":"https:\/\/getlux.sk\/en\/wp-json\/wp\/v2\/media?parent=6022"}],"wp:term":[{"taxonomy":"product_brand","embeddable":true,"href":"https:\/\/getlux.sk\/en\/wp-json\/wp\/v2\/product_brand?post=6022"},{"taxonomy":"product_cat","embeddable":true,"href":"https:\/\/getlux.sk\/en\/wp-json\/wp\/v2\/product_cat?post=6022"},{"taxonomy":"product_tag","embeddable":true,"href":"https:\/\/getlux.sk\/en\/wp-json\/wp\/v2\/product_tag?post=6022"}],"curies":[{"name":"wp","href":"https:\/\/api.w.org\/{rel}","templated":true}]}}