{"id":7490,"date":"2024-10-02T21:10:42","date_gmt":"2024-10-02T19:10:42","guid":{"rendered":"https:\/\/getlux.sk\/?post_type=product&#038;p=7490"},"modified":"2026-02-09T21:35:51","modified_gmt":"2026-02-09T20:35:51","slug":"tommy-jeans-metallic-jogging-pants","status":"publish","type":"product","link":"https:\/\/getlux.sk\/en\/produkt\/tommy-jeans-metallic-jogging-pants\/","title":{"rendered":"Tommy Jeans Metallic Jogging Pants"},"content":{"rendered":"<p><span data-sheets-root=\"1\">Tommy Jeans Metallic Jogging Pants \u0161u\u0161\u0165akove nohavice \u0161portov\u00e9 2492102403908 Black\/White M<\/span><\/p>\n","protected":false},"excerpt":{"rendered":"<p>Tommy Jeans Metallic Jogging Pants \u0161u\u0161\u0165akove nohavice \u0161portov\u00e9 2492102403908 Black\/White M<\/p>\n","protected":false},"featured_media":7494,"template":"","meta":[],"product_brand":[556,541],"product_cat":[270,421],"product_tag":[],"class_list":{"0":"post-7490","1":"product","2":"type-product","3":"status-publish","4":"has-post-thumbnail","6":"product_brand-znacky-jeans","7":"product_brand-znacky-tommy-jeans","8":"product_cat-vypredaj","9":"product_cat-muzi-vypredaj","10":"pa_farba-black","12":"first","13":"instock","14":"taxable","15":"shipping-taxable","16":"purchasable","17":"product-type-variable","18":"has-default-attributes"},"_links":{"self":[{"href":"https:\/\/getlux.sk\/en\/wp-json\/wp\/v2\/product\/7490","targetHints":{"allow":["GET"]}}],"collection":[{"href":"https:\/\/getlux.sk\/en\/wp-json\/wp\/v2\/product"}],"about":[{"href":"https:\/\/getlux.sk\/en\/wp-json\/wp\/v2\/types\/product"}],"wp:featuredmedia":[{"embeddable":true,"href":"https:\/\/getlux.sk\/en\/wp-json\/wp\/v2\/media\/7494"}],"wp:attachment":[{"href":"https:\/\/getlux.sk\/en\/wp-json\/wp\/v2\/media?parent=7490"}],"wp:term":[{"taxonomy":"product_brand","embeddable":true,"href":"https:\/\/getlux.sk\/en\/wp-json\/wp\/v2\/product_brand?post=7490"},{"taxonomy":"product_cat","embeddable":true,"href":"https:\/\/getlux.sk\/en\/wp-json\/wp\/v2\/product_cat?post=7490"},{"taxonomy":"product_tag","embeddable":true,"href":"https:\/\/getlux.sk\/en\/wp-json\/wp\/v2\/product_tag?post=7490"}],"curies":[{"name":"wp","href":"https:\/\/api.w.org\/{rel}","templated":true}]}}