{"id":8512,"date":"2024-12-17T10:05:47","date_gmt":"2024-12-17T09:05:47","guid":{"rendered":"https:\/\/getlux.sk\/?post_type=product&#038;p=8512"},"modified":"2026-02-09T21:15:17","modified_gmt":"2026-02-09T20:15:17","slug":"versace-blouson-plain-technical-twill-fabric-versace-mil-1013929","status":"publish","type":"product","link":"https:\/\/getlux.sk\/en\/produkt\/versace-blouson-plain-technical-twill-fabric-versace-mil-1013929\/","title":{"rendered":"Versace BLOUSON PLAIN TECHNICAL TWILL FABRIC + VERSACE MIL 1013929"},"content":{"rendered":"<p><span style=\"color: #000000; font-family: Helvetica; font-size: medium;\">BLOUSON PLAIN TECHNICAL TWILL FABRIC + VERSACE MIL 1013929_1A09848__IT___1B000<\/span><\/p>\n<p>Vystu\u017een\u00e1 nylonov\u00e1 bomber bunda s t\u00f3novan\u00fdm vy\u0161\u00edvan\u00fdm logom Versace na hrudi s detailmi v rebrovanom lemovan\u00ed.<\/p>\n<ul>\n<li>V\u00fd\u0161ivka loga Versace<\/li>\n<li>Dlh\u00e9 ruk\u00e1vy<\/li>\n<li>Predn\u00e9 zap\u00ednanie na zips<\/li>\n<li>Predn\u00e9 vreck\u00e1 s chlop\u0148ou<\/li>\n<li>Rebrovan\u00fd golier, spodn\u00fd lem a man\u017eety<\/li>\n<li>Vonkaj\u0161ie zlo\u017eenie: 100% nylon<\/li>\n<li>Pod\u0161\u00edvka 1: 100 % polyester<\/li>\n<li>Pod\u0161\u00edvka 2: 100% bavlna<\/li>\n<li>V\u00fd\u0161ivka 1: 70 % visk\u00f3za, 30 % polyester<\/li>\n<li>V\u00fd\u0161ivka 2: 46 % akryl, 30 % polyester, 24 % visk\u00f3za<\/li>\n<li>V\u00fdpl\u0148: 100% Polyester<\/li>\n<li>Zlo\u017eenie: 90 % bavlna, 5 % elastan, 5 % nylon<\/li>\n<\/ul>\n","protected":false},"excerpt":{"rendered":"<p>BLOUSON PLAIN TECHNICAL TWILL FABRIC + VERSACE MIL 1013929_1A09848__IT___1B000 Vystu\u017een\u00e1 nylonov\u00e1 bomber bunda s t\u00f3novan\u00fdm vy\u0161\u00edvan\u00fdm logom Versace na hrudi<\/p>\n","protected":false},"featured_media":8514,"template":"","meta":[],"product_brand":[573,499],"product_cat":[230,16,195],"product_tag":[],"class_list":{"0":"post-8512","1":"product","2":"type-product","3":"status-publish","4":"has-post-thumbnail","6":"product_brand-znacky-fabric","7":"product_brand-znacky-versace","8":"product_cat-muzi-bundy-prechodne","9":"product_cat-muzi","10":"product_cat-muzi-oblecenie","11":"pa_farba-black","12":"pa_velkost-it-52","14":"first","15":"instock","16":"sale","17":"taxable","18":"shipping-taxable","19":"purchasable","20":"product-type-variable","21":"has-default-attributes"},"_links":{"self":[{"href":"https:\/\/getlux.sk\/en\/wp-json\/wp\/v2\/product\/8512","targetHints":{"allow":["GET"]}}],"collection":[{"href":"https:\/\/getlux.sk\/en\/wp-json\/wp\/v2\/product"}],"about":[{"href":"https:\/\/getlux.sk\/en\/wp-json\/wp\/v2\/types\/product"}],"wp:featuredmedia":[{"embeddable":true,"href":"https:\/\/getlux.sk\/en\/wp-json\/wp\/v2\/media\/8514"}],"wp:attachment":[{"href":"https:\/\/getlux.sk\/en\/wp-json\/wp\/v2\/media?parent=8512"}],"wp:term":[{"taxonomy":"product_brand","embeddable":true,"href":"https:\/\/getlux.sk\/en\/wp-json\/wp\/v2\/product_brand?post=8512"},{"taxonomy":"product_cat","embeddable":true,"href":"https:\/\/getlux.sk\/en\/wp-json\/wp\/v2\/product_cat?post=8512"},{"taxonomy":"product_tag","embeddable":true,"href":"https:\/\/getlux.sk\/en\/wp-json\/wp\/v2\/product_tag?post=8512"}],"curies":[{"name":"wp","href":"https:\/\/api.w.org\/{rel}","templated":true}]}}