{"id":8863,"date":"2025-01-22T20:43:55","date_gmt":"2025-01-22T19:43:55","guid":{"rendered":"https:\/\/getlux.sk\/?post_type=product&#038;p=8863"},"modified":"2026-02-09T20:44:37","modified_gmt":"2026-02-09T19:44:37","slug":"tote-dfb8503-1a00877-5k00p","status":"publish","type":"product","link":"https:\/\/getlux.sk\/en\/produkt\/tote-dfb8503-1a00877-5k00p\/","title":{"rendered":"TOTE DFB8503 1A00877 5K00P"},"content":{"rendered":"<p><span style=\"color: #000000; font-family: Helvetica; font-size: small;\">Versace TOTE DFB8503_1A00877_IT_5K00P_UNICA 8052045411640<\/span><\/p>\n<div class=\"col s12\">\n<div>Pl\u00e1ten\u00e1 ta\u0161ka s mask\u00e1\u010dov\u00fdm vzorom v odtie\u0148och zelenej, hnedej a \u010diernej. Odn\u00edmate\u013en\u00fd a nastavite\u013en\u00fd grogr\u00e9nov\u00fd popruh na rameno \u010diernej farby so zap\u00ednan\u00edm na \u0161n\u00farku. Dve r\u00fa\u010dky na pren\u00e1\u0161anie z te\u013eacej ko\u017ee v zelenej farbe navrchu. T\u00f3nov\u00fd charakteristick\u00fd znak Medusa a ko\u017een\u00e1 n\u00e1\u0161ivka s logom na prednej strane. Zap\u00ednanie na zips. Dve na\u0161it\u00e9 vreck\u00e1 a jedno vn\u00fatorn\u00e9 vrecko na zips. Plne pod\u0161it\u00e9. Zips v striebornom t\u00f3ne. Pribl. rozmer 33cm d\u013a\u017eka x 33cm v\u00fd\u0161ka x 13cm \u0161\u00edrka. farba: Khaki material: Nylon, te\u013eacia ko\u017ea.<\/div>\n<\/div>\n","protected":false},"excerpt":{"rendered":"<p>Versace TOTE DFB8503_1A00877_IT_5K00P_UNICA 8052045411640 Pl\u00e1ten\u00e1 ta\u0161ka s mask\u00e1\u010dov\u00fdm vzorom v odtie\u0148och zelenej, hnedej a \u010diernej. Odn\u00edmate\u013en\u00fd a nastavite\u013en\u00fd grogr\u00e9nov\u00fd popruh<\/p>\n","protected":false},"featured_media":8867,"template":"","meta":[],"product_brand":[499],"product_cat":[27,189,22,25,16,28,192,19],"product_tag":[],"class_list":{"0":"post-8863","1":"product","2":"type-product","3":"status-publish","4":"has-post-thumbnail","6":"product_brand-znacky-versace","7":"product_cat-zeny-doplnky","8":"product_cat-muzi-doplnky","9":"product_cat-doplnky","10":"product_cat-kabelky","11":"product_cat-muzi","12":"product_cat-zeny-tasky","13":"product_cat-muzi-tasky","14":"product_cat-zeny","16":"first","17":"instock","18":"sale","19":"taxable","20":"shipping-taxable","21":"purchasable","22":"product-type-simple"},"_links":{"self":[{"href":"https:\/\/getlux.sk\/en\/wp-json\/wp\/v2\/product\/8863","targetHints":{"allow":["GET"]}}],"collection":[{"href":"https:\/\/getlux.sk\/en\/wp-json\/wp\/v2\/product"}],"about":[{"href":"https:\/\/getlux.sk\/en\/wp-json\/wp\/v2\/types\/product"}],"wp:featuredmedia":[{"embeddable":true,"href":"https:\/\/getlux.sk\/en\/wp-json\/wp\/v2\/media\/8867"}],"wp:attachment":[{"href":"https:\/\/getlux.sk\/en\/wp-json\/wp\/v2\/media?parent=8863"}],"wp:term":[{"taxonomy":"product_brand","embeddable":true,"href":"https:\/\/getlux.sk\/en\/wp-json\/wp\/v2\/product_brand?post=8863"},{"taxonomy":"product_cat","embeddable":true,"href":"https:\/\/getlux.sk\/en\/wp-json\/wp\/v2\/product_cat?post=8863"},{"taxonomy":"product_tag","embeddable":true,"href":"https:\/\/getlux.sk\/en\/wp-json\/wp\/v2\/product_tag?post=8863"}],"curies":[{"name":"wp","href":"https:\/\/api.w.org\/{rel}","templated":true}]}}