{"id":12943,"date":"2024-05-01T10:54:19","date_gmt":"2024-05-01T08:54:19","guid":{"rendered":"https:\/\/getlux.sk\/dostava-i-placanje\/"},"modified":"2026-02-27T16:55:33","modified_gmt":"2026-02-27T15:55:33","slug":"dostava-i-placanje","status":"publish","type":"page","link":"https:\/\/getlux.sk\/hr\/dostava-i-placanje\/","title":{"rendered":"Dostava i pla\u0107anje"},"content":{"rendered":"\t\t<div data-elementor-type=\"wp-page\" data-elementor-id=\"12943\" class=\"elementor elementor-12943 elementor-1959\">\n\t\t\t\t<div class=\"wd-negative-gap elementor-element elementor-element-3079eac e-flex e-con-boxed e-con e-parent\" data-id=\"3079eac\" data-element_type=\"container\" data-e-type=\"container\">\n\t\t\t\t\t<div class=\"e-con-inner\">\n\t\t\t\t<div class=\"elementor-element elementor-element-5410d7e elementor-widget elementor-widget-heading\" data-id=\"5410d7e\" data-element_type=\"widget\" data-e-type=\"widget\" data-widget_type=\"heading.default\">\n\t\t\t\t<div class=\"elementor-widget-container\">\n\t\t\t\t\t<h3 class=\"elementor-heading-title elementor-size-default\">Dostava<\/h3>\t\t\t\t<\/div>\n\t\t\t\t<\/div>\n\t\t\t\t<div class=\"elementor-element elementor-element-3535511 color-scheme-inherit text-left elementor-widget elementor-widget-text-editor\" data-id=\"3535511\" data-element_type=\"widget\" data-e-type=\"widget\" data-widget_type=\"text-editor.default\">\n\t\t\t\t<div class=\"elementor-widget-container\">\n\t\t\t\t\t\t\t\t\t<p><span style=\"font-weight: 400;\">Sve narud\u017ebe \u0161alje na\u0161 pouzdani logisti\u010dki partner, Slova\u010dka po\u0161ta. Standardno vrijeme isporuke robe je 7-10 dana od primitka narud\u017ebe. Nakon \u0161to je narud\u017eba poslana, primit \u0107ete broj za pra\u0107enje i izravnu poveznicu za pra\u0107enje va\u0161e po\u0161iljke unutar sljede\u0107eg dana na adresu e-po\u0161te navedenu u narud\u017ebi.  <\/span><\/p><p>Cijene navedene u cjeniku uklju\u010duju PDV. Naru\u010denu robu mo\u017eete poslati na adresu koju navedete. <\/p><p>Dostava kurirskom slu\u017ebom DPD-a \u2013 Narud\u017ebe primljene i pla\u0107ene do 17:00 sati bit \u0107e poslane iz na\u0161eg skladi\u0161ta sljede\u0107i dan, dostava kurirskom slu\u017ebom na va\u0161u navedenu adresu unutar Slova\u010dke je sljede\u0107i radni dan. Dostava je uglavnom ujutro, kurir \u0107e vas kontaktirati prije dostave i mogu\u0107e je dogovoriti individualno vrijeme dostave. Tako\u0111er mo\u017eete zatra\u017eiti slanje robe pouze\u0107em i platiti iznos kuriru po primitku robe. U suradnji s DPD-om nudimo i dostavu u okolne zemlje.   <\/p><p><strong>Naknada: 4,10 \u20ac s PDV-om,<\/strong><\/p><p>Dostava Slova\u010dkom po\u0161tom &#8211; Robu \u0107emo vam dostaviti u roku od 7 dana.<\/p><p><strong>Cijena: 5,60 \u20ac s PDV-om,<\/strong> <\/p><p>Prilikom preuzimanja po\u0161iljke potrebno je pa\u017eljivo provjeriti broj paketa i njihovo stanje (jesu li o\u0161te\u0107eni). Ukoliko prona\u0111ete bilo kakvu neskladnost, morate odmah obavijestiti dostavlja\u010da i unijeti je u zapisnik o prijemu (npr. o\u0161te\u0107ena ambala\u017ea, nedostaju\u0107i paket u po\u0161iljci i sl.). Kasnije reklamacije za prijevoz prijevoznik ne\u0107e priznati.  <\/p><p>SMS obavijest<br>Prilikom narud\u017ebe potreban nam je telefonski broj kako bismo vas lak\u0161e mogli obavijestiti o statusu dostave va\u0161e po\u0161iljke. Dan prije predvi\u0111ene dostave po\u0161iljke, primatelj \u0107e primiti SMS poruku o dostavi, uklju\u010duju\u0107i broj po\u0161iljke i iznos naknade za pla\u0107anje pouze\u0107em u slu\u010daju po\u0161iljke s pla\u0107anjem pouze\u0107em. Osim toga, na dan dostave, primatelj \u0107e primiti interaktivnu SMS poruku s vremenom dostave od 3 sata. Ako se primatelj ne sla\u017ee s datumom dostave, mo\u017ee ga jednostavno promijeniti odgovorom na SMS poruku.   <\/p><p><strong>Obi\u010dno \u0161aljemo robu u roku od 24-48 sati.<\/strong><\/p><p><strong>Rok isporuke je obi\u010dno 2-3 dana, u nekim slu\u010dajevima, posebno izvan Slova\u010dke, mo\u017ee biti i dulji, ali maksimalno 10 dana. <\/strong><\/p><p>Prilikom narud\u017ebe vi\u0161e artikala pla\u0107ate jednu po\u0161tarinu &#8211; cijena dostave ne ovisi o te\u017eini i veli\u010dini paketa. Pakiranje je besplatno! <\/p><p><strong>CIJENA UKLJU\u010cUJE PDV!<\/strong><\/p><p>BESPLATNA DOSTAVA za kupnju preko 100 \u20ac!<\/p>\t\t\t\t\t\t\t\t<\/div>\n\t\t\t\t<\/div>\n\t\t\t\t<div class=\"elementor-element elementor-element-60fa998 elementor-widget elementor-widget-heading\" data-id=\"60fa998\" data-element_type=\"widget\" data-e-type=\"widget\" data-widget_type=\"heading.default\">\n\t\t\t\t<div class=\"elementor-widget-container\">\n\t\t\t\t\t<h3 class=\"elementor-heading-title elementor-size-default\">\u0160to ako po\u0161iljka kasni?<\/h3>\t\t\t\t<\/div>\n\t\t\t\t<\/div>\n\t\t\t\t<div class=\"elementor-element elementor-element-ef931dd color-scheme-inherit text-left elementor-widget elementor-widget-text-editor\" data-id=\"ef931dd\" data-element_type=\"widget\" data-e-type=\"widget\" data-widget_type=\"text-editor.default\">\n\t\t\t\t<div class=\"elementor-widget-container\">\n\t\t\t\t\t\t\t\t\t<p><span style=\"font-weight: 400;\">Najlak\u0161i na\u010din je kontaktirati prijevoznika, Slova\u010dku po\u0161tu.<\/span><\/p><ol><li><span style=\"font-weight: 400;\">Kontakt, Slova\u010dka po\u0161ta: 0850 122 413 <\/span><\/li><li><span style=\"font-weight: 400;\">Tako\u0111er mo\u017eete kontaktirati na\u0161u korisni\u010dku slu\u017ebu na <a href=\"tel:+421903990033\">+421 903 990033<\/a> ili koristite <a href=\"https:\/\/getlux.sk\/kontakt\/?v=41d6ad0761a5\">kontakt oblik<\/a>.<\/span><\/li><\/ol>\t\t\t\t\t\t\t\t<\/div>\n\t\t\t\t<\/div>\n\t\t\t\t<div class=\"elementor-element elementor-element-b8c69bd elementor-widget elementor-widget-heading\" data-id=\"b8c69bd\" data-element_type=\"widget\" data-e-type=\"widget\" data-widget_type=\"heading.default\">\n\t\t\t\t<div class=\"elementor-widget-container\">\n\t\t\t\t\t<h3 class=\"elementor-heading-title elementor-size-default\">Mogu\u0107nosti pla\u0107anja<\/h3>\t\t\t\t<\/div>\n\t\t\t\t<\/div>\n\t\t\t\t<div class=\"elementor-element elementor-element-56ef7be color-scheme-inherit text-left elementor-widget elementor-widget-text-editor\" data-id=\"56ef7be\" data-element_type=\"widget\" data-e-type=\"widget\" data-widget_type=\"text-editor.default\">\n\t\t\t\t<div class=\"elementor-widget-container\">\n\t\t\t\t\t\t\t\t\t<ol><li>Pla\u0107anje pouze\u0107em (gotovina prilikom dostave)<br>Naravno, mo\u017eete platiti i gotovinom, pouze\u0107em. Me\u0111utim, ako odaberete ovu opciju, naplatit \u0107e se naknada prema cijeni prijevoznika. Maksimalna cijena narud\u017ebe za pla\u0107anje pouze\u0107em je 100 \u20ac.<\/li><li>Pla\u0107anje putem QR koda (QR pla\u0107anje ili Pay-by-Square) je moderni oblik izravnog prijenosa na ra\u010dun. Nakon \u0161to zavr\u0161ite narud\u017ebu, skenirajte QR kod pomo\u0107u mobilne aplikacije va\u0161e banke. Svi podaci (IBAN, iznos, varijabilni simbol) bit \u0107e automatski popunjeni.  <\/li><li>Platna kartica (pretplata)<br>Sigurna opcija je i pla\u0107anje karticom, za \u0161to je potreban broj kartice, datum isteka kartice i CVV kod. Osobni podaci prolaze kroz platni sustav, koji nam ne daje te podatke. <\/li><li><b><strong>Online pla\u0107anje putem PayPala<br>Danas je to jedan od najra\u0161irenijih i najsigurnijih sustava online pla\u0107anja na internetu. Upravo zbog njegove sigurnosti i svestranosti odabrali smo PayPal za posredovanje u pla\u0107anjima izme\u0111u vas i na\u0161e online trgovine. Sustav prihva\u0107a VISA, VISA Electron, Maestro i American Express kartice. Njegove usluge koristi preko 100 milijuna ljudi diljem svijeta, u 103 zemlje.<\/strong><\/b> <\/li><\/ol>\t\t\t\t\t\t\t\t<\/div>\n\t\t\t\t<\/div>\n\t\t\t\t\t<\/div>\n\t\t\t\t<\/div>\n\t\t\t\t<\/div>\n\t\t","protected":false},"excerpt":{"rendered":"<p>Dostava Sve narud\u017ebe \u0161alje na\u0161 pouzdani logisti\u010dki partner, Slova\u010dka po\u0161ta. Standardno vrijeme isporuke robe je 7-10 dana od primitka narud\u017ebe.<\/p>\n","protected":false},"author":2,"featured_media":0,"parent":0,"menu_order":0,"comment_status":"closed","ping_status":"closed","template":"","meta":{"footnotes":""},"class_list":["post-12943","page","type-page","status-publish","hentry"],"_links":{"self":[{"href":"https:\/\/getlux.sk\/hr\/wp-json\/wp\/v2\/pages\/12943","targetHints":{"allow":["GET"]}}],"collection":[{"href":"https:\/\/getlux.sk\/hr\/wp-json\/wp\/v2\/pages"}],"about":[{"href":"https:\/\/getlux.sk\/hr\/wp-json\/wp\/v2\/types\/page"}],"author":[{"embeddable":true,"href":"https:\/\/getlux.sk\/hr\/wp-json\/wp\/v2\/users\/2"}],"replies":[{"embeddable":true,"href":"https:\/\/getlux.sk\/hr\/wp-json\/wp\/v2\/comments?post=12943"}],"version-history":[{"count":1,"href":"https:\/\/getlux.sk\/hr\/wp-json\/wp\/v2\/pages\/12943\/revisions"}],"predecessor-version":[{"id":12944,"href":"https:\/\/getlux.sk\/hr\/wp-json\/wp\/v2\/pages\/12943\/revisions\/12944"}],"wp:attachment":[{"href":"https:\/\/getlux.sk\/hr\/wp-json\/wp\/v2\/media?parent=12943"}],"curies":[{"name":"wp","href":"https:\/\/api.w.org\/{rel}","templated":true}]}}