{"id":12995,"date":"2024-05-01T11:23:17","date_gmt":"2024-05-01T09:23:17","guid":{"rendered":"https:\/\/getlux.sk\/trzisne-suglasnosti\/"},"modified":"2026-02-27T19:35:00","modified_gmt":"2026-02-27T18:35:00","slug":"trzisne-suglasnosti","status":"publish","type":"page","link":"https:\/\/getlux.sk\/hr\/trzisne-suglasnosti\/","title":{"rendered":"Tr\u017ei\u0161ne suglasnosti"},"content":{"rendered":"\t\t<div data-elementor-type=\"wp-page\" data-elementor-id=\"12995\" class=\"elementor elementor-12995 elementor-1984\">\n\t\t\t\t<div class=\"wd-negative-gap elementor-element elementor-element-a82e298 e-flex e-con-boxed e-con e-parent\" data-id=\"a82e298\" data-element_type=\"container\" data-e-type=\"container\">\n\t\t\t\t\t<div class=\"e-con-inner\">\n\t\t\t\t<div class=\"elementor-element elementor-element-bad938a elementor-widget elementor-widget-heading\" data-id=\"bad938a\" data-element_type=\"widget\" data-e-type=\"widget\" data-widget_type=\"heading.default\">\n\t\t\t\t<div class=\"elementor-widget-container\">\n\t\t\t\t\t<h3 class=\"elementor-heading-title elementor-size-default\">Privola za obradu osobnih podataka u marketin\u0161ke svrhe<\/h3>\t\t\t\t<\/div>\n\t\t\t\t<\/div>\n\t\t\t\t\t<\/div>\n\t\t\t\t<\/div>\n\t\t<div class=\"wd-negative-gap elementor-element elementor-element-626a793 e-flex e-con-boxed e-con e-parent\" data-id=\"626a793\" data-element_type=\"container\" data-e-type=\"container\">\n\t\t\t\t\t<div class=\"e-con-inner\">\n\t\t\t\t<div class=\"elementor-element elementor-element-bc41fc6 color-scheme-inherit text-left elementor-widget elementor-widget-text-editor\" data-id=\"bc41fc6\" data-element_type=\"widget\" data-e-type=\"widget\" data-widget_type=\"text-editor.default\">\n\t\t\t\t<div class=\"elementor-widget-container\">\n\t\t\t\t\t\t\t\t\t<p>Klikom na okvir i slanjem ispunjenog obrasca dajete svoju izri\u010ditu privolu tvrtki magicsport s.r.o., Bezru\u010dova 1191\/3, 91101 Tren\u010d\u00edn, MAO: 48 242 373, registriranoj u Trgova\u010dkom registru Slova\u010dke Republike, Odjeljak: Sro, Broj predmeta: 34530\/R, zajedni\u010dkim operaterima getlux.sk, za obradu va\u0161ih osobnih podataka u mjeri predvi\u0111enoj za marketin\u0161ku obradu osobnih podataka, uklju\u010duju\u0107i statisti\u010dku obradu podataka za potrebe marketin\u0161ke i komercijalne komunikacije, slanje korespondencije u obliku e-mail poruka, usluga kratkih poruka ili drugih sli\u010dnih sredstava. Svoju privolu mo\u017eete povu\u0107i u bilo kojem trenutku, u suprotnom \u0107e privola prestati va\u017eiti nakon tri godine od datuma njezina davanja. Kao subjekt podataka, imate pravo zatra\u017eiti pristup osobnim podacima koji se na vas odnose, pravo na ispravak osobnih podataka, pravo na brisanje i\/ili ograni\u010denje obrade osobnih podataka, pravo na prenosivost podataka i pravo na podno\u0161enje pritu\u017ebe na obradu osobnih podataka nadzornom tijelu \u2013 Uredu za za\u0161titu osobnih podataka Slova\u010dke Republike. Dodatne informacije o obradi osobnih podataka koje ste dali dostupne su na web stranici getlux.sk.    <\/p>\t\t\t\t\t\t\t\t<\/div>\n\t\t\t\t<\/div>\n\t\t\t\t\t<\/div>\n\t\t\t\t<\/div>\n\t\t\t\t<\/div>\n\t\t","protected":false},"excerpt":{"rendered":"<p>Privola za obradu osobnih podataka u marketin\u0161ke svrhe Klikom na okvir i slanjem ispunjenog obrasca dajete svoju izri\u010ditu privolu tvrtki<\/p>\n","protected":false},"author":2,"featured_media":0,"parent":0,"menu_order":0,"comment_status":"closed","ping_status":"closed","template":"","meta":{"footnotes":""},"class_list":["post-12995","page","type-page","status-publish","hentry"],"_links":{"self":[{"href":"https:\/\/getlux.sk\/hr\/wp-json\/wp\/v2\/pages\/12995","targetHints":{"allow":["GET"]}}],"collection":[{"href":"https:\/\/getlux.sk\/hr\/wp-json\/wp\/v2\/pages"}],"about":[{"href":"https:\/\/getlux.sk\/hr\/wp-json\/wp\/v2\/types\/page"}],"author":[{"embeddable":true,"href":"https:\/\/getlux.sk\/hr\/wp-json\/wp\/v2\/users\/2"}],"replies":[{"embeddable":true,"href":"https:\/\/getlux.sk\/hr\/wp-json\/wp\/v2\/comments?post=12995"}],"version-history":[{"count":1,"href":"https:\/\/getlux.sk\/hr\/wp-json\/wp\/v2\/pages\/12995\/revisions"}],"predecessor-version":[{"id":12996,"href":"https:\/\/getlux.sk\/hr\/wp-json\/wp\/v2\/pages\/12995\/revisions\/12996"}],"wp:attachment":[{"href":"https:\/\/getlux.sk\/hr\/wp-json\/wp\/v2\/media?parent=12995"}],"curies":[{"name":"wp","href":"https:\/\/api.w.org\/{rel}","templated":true}]}}