{"id":28416,"date":"2024-05-06T21:58:52","date_gmt":"2024-05-06T19:58:52","guid":{"rendered":"https:\/\/getlux.sk\/preuzimanje-datoteka\/"},"modified":"2026-03-03T12:15:59","modified_gmt":"2026-03-03T11:15:59","slug":"preuzimanje-datoteka","status":"publish","type":"page","link":"https:\/\/getlux.sk\/hr\/preuzimanje-datoteka\/","title":{"rendered":"Preuzimanje datoteka"},"content":{"rendered":"\t\t<div data-elementor-type=\"wp-page\" data-elementor-id=\"28416\" class=\"elementor elementor-28416 elementor-2420\">\n\t\t\t\t<div class=\"wd-negative-gap elementor-element elementor-element-3b17a72 e-flex e-con-boxed e-con e-parent\" data-id=\"3b17a72\" data-element_type=\"container\" data-e-type=\"container\">\n\t\t\t\t\t<div class=\"e-con-inner\">\n\t\t\t\t<div class=\"elementor-element elementor-element-f676021 elementor-widget elementor-widget-wd_text_block\" data-id=\"f676021\" data-element_type=\"widget\" data-e-type=\"widget\" data-widget_type=\"wd_text_block.default\">\n\t\t\t\t<div class=\"elementor-widget-container\">\n\t\t\t\t\t\t\t<div class=\"wd-text-block reset-last-child text-left\">\n\t\t\t\n\t\t\t<h3 style=\"text-align: left;\"><strong>\u017dELITE LI VRATITI, ZAMIJENITI ILI REKLAMIRATI ROBU?<\/strong><\/h3><h3 style=\"text-align: left;\">Odustajanje od ugovora:<\/h3><p style=\"text-align: left;\">Preuzmite i ispunite na\u0161 obrazac, koji trebate isprintati i poslati nam kao privitak e-po\u0161te.<\/p><p style=\"text-align: left;\">Ovu datoteku mo\u017eete preuzeti <a href=\"https:\/\/getlux.sk\/wp-content\/uploads\/2024\/05\/Formular-na-odstupenie-od-zmluvy-getlux.pdf\" target=\"_blank\" rel=\"noopener\">OVDJE<\/a> <\/p><p style=\"text-align: left;\">Ovaj obrazac slu\u017ei kao zahtjev za raskid ugovora!<\/p><h3 style=\"text-align: left;\">Obrazac za reklamaciju<\/h3><p style=\"text-align: left;\">Ovaj obrazac se koristi za reklamaciju o\u0161te\u0107ene robe, zamjenu robe ili odustajanje od ugovora. Obrazac za zamjenu se koristi. Mo\u017eete preuzeti ovu datoteku: <a href=\"https:\/\/getlux.sk\/wp-content\/uploads\/2024\/05\/vymenny_reklamacny_formular-1.pdf\" target=\"_blank\" rel=\"noopener\"><strong>TU<\/strong><\/a><\/p><ul style=\"text-align: left;\"><li>Roba u izvornom stanju mo\u017ee se u cijelosti vratiti u roku od 14 dana od dostave.<\/li><li>Roba u originalnom stanju mo\u017ee se zamijeniti za drugi artikl ili drugu veli\u010dinu do 30 dana od dana isporuke.<\/li><li>Po\u0161iljke \u0161aljite PREPORU\u010cENO, ne pouze\u0107em.<\/li><li>Molimo prilo\u017eite originalni ra\u010dun ili potvrdu o primitku gotovine uz po\u0161iljku.<\/li><\/ul><p style=\"text-align: left;\">Prema uvjetima poslovanja, prodavatelj ne odgovara za nedostatke uzrokovane posebno sljede\u0107om uporabom: mehani\u010dkim o\u0161te\u0107enjem, neizbje\u017enim doga\u0111ajem (prirodna katastrofa, nepravilno rukovanje), kr\u0161enjem uputa za uporabu i uobi\u010dajene uporabe, u posebnim slu\u010dajevima, ako to proizlazi iz prirode stvari, tako\u0111er intervencijom neovla\u0161tene osobe, uklju\u010duju\u0107i korisnika, ili drugom nestru\u010dnom intervencijom, kori\u0161tenjem robe u uvjetima koji ne odgovaraju vla\u017enosti, kemijskim i mehani\u010dkim utjecajima prirodnog okoli\u0161a robe, zanemarivanjem brige i odr\u017eavanja robe, o\u0161te\u0107enjem robe zbog prekomjernog optere\u0107enja, kori\u0161tenjem robe kr\u0161e\u0107i uvjete navedene u dokumentaciji, op\u0107im na\u010delima, tehni\u010dkim standardima ili sigurnosnim propisima ili drugim kr\u0161enjem jamstvenih uvjeta.<\/p>\n\t\t\t\t\t<\/div>\n\t\t\t\t\t\t<\/div>\n\t\t\t\t<\/div>\n\t\t\t\t\t<\/div>\n\t\t\t\t<\/div>\n\t\t\t\t<\/div>\n\t\t","protected":false},"excerpt":{"rendered":"<p>\u017dELITE LI VRATITI, ZAMIJENITI ILI REKLAMIRATI ROBU? Odustajanje od ugovora: Preuzmite i ispunite na\u0161 obrazac, koji trebate isprintati i poslati<\/p>\n","protected":false},"author":1,"featured_media":0,"parent":0,"menu_order":0,"comment_status":"closed","ping_status":"closed","template":"","meta":{"footnotes":""},"class_list":["post-28416","page","type-page","status-publish","hentry"],"_links":{"self":[{"href":"https:\/\/getlux.sk\/hr\/wp-json\/wp\/v2\/pages\/28416","targetHints":{"allow":["GET"]}}],"collection":[{"href":"https:\/\/getlux.sk\/hr\/wp-json\/wp\/v2\/pages"}],"about":[{"href":"https:\/\/getlux.sk\/hr\/wp-json\/wp\/v2\/types\/page"}],"author":[{"embeddable":true,"href":"https:\/\/getlux.sk\/hr\/wp-json\/wp\/v2\/users\/1"}],"replies":[{"embeddable":true,"href":"https:\/\/getlux.sk\/hr\/wp-json\/wp\/v2\/comments?post=28416"}],"version-history":[{"count":1,"href":"https:\/\/getlux.sk\/hr\/wp-json\/wp\/v2\/pages\/28416\/revisions"}],"predecessor-version":[{"id":28417,"href":"https:\/\/getlux.sk\/hr\/wp-json\/wp\/v2\/pages\/28416\/revisions\/28417"}],"wp:attachment":[{"href":"https:\/\/getlux.sk\/hr\/wp-json\/wp\/v2\/media?parent=28416"}],"curies":[{"name":"wp","href":"https:\/\/api.w.org\/{rel}","templated":true}]}}