{"id":18273,"date":"2025-01-14T09:28:40","date_gmt":"2025-01-14T08:28:40","guid":{"rendered":"https:\/\/getlux.sk\/produkt\/vlogo-pouf-nappa-leather-pouch-4w0b0n74zfjn58\/"},"modified":"2025-01-14T09:28:40","modified_gmt":"2025-01-14T08:28:40","slug":"vlogo-pouf-nappa-leather-pouch-4w0b0n74zfjn58","status":"publish","type":"product","link":"https:\/\/getlux.sk\/hr\/produkt\/vlogo-pouf-nappa-leather-pouch-4w0b0n74zfjn58\/","title":{"rendered":"VLOGO POUF NAPPA LEATHER POUCH 4W0B0N74ZFJN58"},"content":{"rendered":"<header class=\"MuiPaper-root MuiPaper-elevation MuiPaper-elevation4 MuiAppBar-root MuiAppBar-colorPrimary MuiAppBar-positionFixed mui-fixed css-1y28s5x\">\n<div class=\"MuiToolbar-root MuiToolbar-gutters MuiToolbar-regular css-i6s8oy\">\n<div class=\"MuiBox-root css-362p9a\"><span class=\"MuiTypography-root MuiTypography-body1 css-1f5a3ng\">Valentino VLOGO POUF NAPPA LEATHER POUCH 4W0B0N74ZFJN58<\/span><\/div>\n<div><\/div>\n<div>Valentino Garavani VLogo Pouf ko\u017een\u00e1 kabelka nappa s kovov\u00fdm prvkom VLogo Signature. Ta\u0161ku je mo\u017en\u00e9 nosi\u0165 na ramene \/ kr\u00ed\u017eom cez telo v\u010faka nastavite\u013en\u00e9mu posuvn\u00e9mu ramenn\u00e9mu popruhu.<br \/>\n&#8211; Kovania v zlatej farbe<br \/>\n&#8211; Zap\u00ednanie na \u0161n\u00farku<br \/>\n&#8211; Pod\u0161\u00edvka z ko\u017ee Nappa<br \/>\n&#8211; D\u013a\u017eka ramenn\u00e9ho popruhu: min 35 cm &#8211; max 55 cm. Nastavite\u013en\u00fd posuvn\u00fd ramenn\u00fd popruh. Karabinky pre krat\u0161iu d\u013a\u017eku p\u00e1su.<br \/>\n&#8211; Rozmery: \u016018 x V25 x H13,5 cm<\/div>\n<\/div>\n<\/header>\n","protected":false},"excerpt":{"rendered":"<p>Valentino VLOGO POUF NAPPA LEATHER POUCH 4W0B0N74ZFJN58 Valentino Garavani VLogo Pouf ko\u017een\u00e1 kabelka nappa s kovov\u00fdm prvkom VLogo Signature. Ta\u0161ku<\/p>\n","protected":false},"featured_media":18274,"template":"","meta":[],"product_brand":[],"product_cat":[724,749,743,748],"product_tag":[],"class_list":{"0":"post-18273","1":"product","2":"type-product","3":"status-publish","4":"has-post-thumbnail","6":"product_cat-pribor","7":"product_cat-zene-pribor","8":"product_cat-torbice","9":"product_cat-zene","11":"first","12":"instock","13":"sale","14":"taxable","15":"shipping-taxable","16":"purchasable","17":"product-type-simple"},"_links":{"self":[{"href":"https:\/\/getlux.sk\/hr\/wp-json\/wp\/v2\/product\/18273","targetHints":{"allow":["GET"]}}],"collection":[{"href":"https:\/\/getlux.sk\/hr\/wp-json\/wp\/v2\/product"}],"about":[{"href":"https:\/\/getlux.sk\/hr\/wp-json\/wp\/v2\/types\/product"}],"wp:featuredmedia":[{"embeddable":true,"href":"https:\/\/getlux.sk\/hr\/wp-json\/wp\/v2\/media\/18274"}],"wp:attachment":[{"href":"https:\/\/getlux.sk\/hr\/wp-json\/wp\/v2\/media?parent=18273"}],"wp:term":[{"taxonomy":"product_brand","embeddable":true,"href":"https:\/\/getlux.sk\/hr\/wp-json\/wp\/v2\/product_brand?post=18273"},{"taxonomy":"product_cat","embeddable":true,"href":"https:\/\/getlux.sk\/hr\/wp-json\/wp\/v2\/product_cat?post=18273"},{"taxonomy":"product_tag","embeddable":true,"href":"https:\/\/getlux.sk\/hr\/wp-json\/wp\/v2\/product_tag?post=18273"}],"curies":[{"name":"wp","href":"https:\/\/api.w.org\/{rel}","templated":true}]}}